{"id":31077,"date":"2025-07-02T10:53:37","date_gmt":"2025-07-02T08:53:37","guid":{"rendered":"https:\/\/persolog.com\/?page_id=31077"},"modified":"2026-03-23T13:02:49","modified_gmt":"2026-03-23T12:02:49","slug":"accessibility","status":"publish","type":"page","link":"https:\/\/persolog.com\/da\/accessibility\/","title":{"rendered":"Tilg\u00e6ngelighed"},"content":{"rendered":"<div data-elementor-type=\"wp-page\" data-elementor-id=\"31077\" class=\"elementor elementor-31077\" data-elementor-post-type=\"page\">\n\t\t\t\t<div class=\"elementor-element elementor-element-1fb36d9 e-flex e-con-boxed e-con e-parent\" data-id=\"1fb36d9\" data-element_type=\"container\" data-e-type=\"container\" data-settings=\"{&quot;jet_parallax_layout_list&quot;:[]}\">\n\t\t\t\t\t<div class=\"e-con-inner\">\n\t\t\t\t<div class=\"elementor-element elementor-element-4bbcfc0 elementor-widget elementor-widget-html\" data-id=\"4bbcfc0\" data-element_type=\"widget\" data-e-type=\"widget\" data-widget_type=\"html.default\">\n\t\t\t\t<div class=\"elementor-widget-container\">\n\t\t\t\t\t<section aria-labelledby=\"accessibility-heading\">\n  <h1 id=\"accessibility-heading\">Erkl\u00e6ring om tilg\u00e6ngelighed<\/h1>\n  <p>\n  <p><strong>Status:<\/strong> Juli 2025<\/p>\n\n  <p class=\"translation-block\">persolog GmbH er forpligtet til at g\u00f8re sine websteder og platforme s\u00e5 tilg\u00e6ngelige som muligt i overensstemmelse med kravene i direktiv (EU) 2016\/2102 om tilg\u00e6ngeligheden af offentlige organers websteder og mobilapplikationer samt den europ\u00e6iske lov om tilg\u00e6ngelighed (EAA).<br>\r\n    Vores m\u00e5l er at skabe et digitalt milj\u00f8, der er tilg\u00e6ngeligt og brugbart for alle brugere, uanset potentielle begr\u00e6nsninger.<\/p>\n\n  <h2>1. Omfang<\/h2>\n  <p>Denne erkl\u00e6ring g\u00e6lder for f\u00f8lgende websteder og platforme:<\/p>\n  <ul>\n    <li><strong>Webshop:<\/strong> <a href=\"https:\/\/shop.persolog.com\" target=\"_blank\" rel=\"noopener noreferrer\">shop.persolog.com<\/a><\/li>\n    <li><strong>Hjemmeside:<\/strong> <a href=\"https:\/\/persolog.com\/da\/\" target=\"_blank\" rel=\"noopener noreferrer\">persolog.com<\/a><\/li>\n    <li><strong>Online platform:<\/strong> <a href=\"https:\/\/persolog.online\" target=\"_blank\" rel=\"noopener noreferrer\">persolog.online<\/a><\/li>\n  <\/ul>\n\n  <h2>2. Status for overholdelse<\/h2>\n  <p>\n    persolog GmbH's digitale tilstedev\u00e6relse forbedres l\u00f8bende for at opfylde kravene i EN 301 549 (europ\u00e6isk standard for digital tilg\u00e6ngelighed) og Web Content Accessibility Guidelines (WCAG) 2.1, overensstemmelsesniveau AA.\n  <\/p>\n\n  <h2>3. Tilg\u00e6ngelighedsforanstaltninger<\/h2>\n  <p>For at sikre tilg\u00e6ngelighed implementerer vi f\u00f8lgende foranstaltninger:<\/p>\n  <ul>\n    <li>Alternative tekster til billeder, diagrammer og ikke-tekstligt indhold<\/li>\n    <li>Fuld tastaturtilg\u00e6ngelighed til alle interaktive elementer<\/li>\n    <li>Klar navigation og overskriftsstruktur<\/li>\n    <li>Tilstr\u00e6kkelig farvekontrast for bedre l\u00e6sbarhed<\/li>\n    <li>St\u00f8tte til sk\u00e6rml\u00e6sere<\/li>\n    <li>Tilg\u00e6ngelige PDF'er i overensstemmelse med PDF\/UA-standarden<\/li>\n  <\/ul>\n\n  <h2>4. Kendte problemer med tilg\u00e6ngelighed<\/h2>\n  <p>P\u00e5 trods af vores bestr\u00e6belser er visse former for indhold eller funktioner m\u00e5ske endnu ikke fuldt tilg\u00e6ngelige. Disse omfatter:<\/p>\n  <ul>\n    <li>Persologs standardfarver giver ikke altid tilstr\u00e6kkelig kontrast<\/li>\n    <li>Nogle PDF-dokumenter er endnu ikke fuldt tilg\u00e6ngelige<\/li>\n    <li>Produkts\u00f8gningsfunktionen i vores webshop kan endnu ikke betjenes via tastaturnavigation<\/li>\n  <\/ul>\n  <p>Vi arbejder l\u00f8bende p\u00e5 at fjerne disse barrierer og forbedre vores platform yderligere.<\/p>\n\n  <h2>5. Kontakt og feedback<\/h2>\n  <p>\n    Hvis du opdager problemer med tilg\u00e6ngeligheden p\u00e5 vores hjemmeside eller platform, eller hvis du har brug for hj\u00e6lp, er du altid velkommen til at kontakte os:\n  <\/p>\n  <p>\n    <strong>E-mail:<\/strong> <a href=\"mailto:support@persolog.com\">support@persolog.com<\/a>\n  <\/p>\n  <p>Vi s\u00e6tter pris p\u00e5 din feedback og bestr\u00e6ber os p\u00e5 at svare p\u00e5 henvendelser inden for en arbejdsdag.<\/p>\n<\/section>\n\t\t\t\t<\/div>\n\t\t\t\t<\/div>\n\t\t\t\t\t<\/div>\n\t\t\t\t<\/div>\n\t\t\t\t<\/div>","protected":false},"excerpt":{"rendered":"<p>Accessibility Statement Status: July 2025 persolog GmbH is committed to making its websites and platforms as accessible as possible in accordance with the requirements of Directive (EU) 2016\/2102 on the accessibility of the websites and mobile applications of public sector bodies, as well as the European Accessibility Act (EAA). Our goal is to create a [&hellip;]<\/p>\n","protected":false},"author":4,"featured_media":0,"parent":0,"menu_order":0,"comment_status":"closed","ping_status":"closed","template":"","meta":{"_acf_changed":false,"site-sidebar-layout":"no-sidebar","site-content-layout":"page-builder","ast-site-content-layout":"full-width-container","site-content-style":"default","site-sidebar-style":"default","ast-global-header-display":"","ast-banner-title-visibility":"","ast-main-header-display":"","ast-hfb-above-header-display":"","ast-hfb-below-header-display":"","ast-hfb-mobile-header-display":"","site-post-title":"disabled","ast-breadcrumbs-content":"","ast-featured-img":"disabled","footer-sml-layout":"","ast-disable-related-posts":"","theme-transparent-header-meta":"","adv-header-id-meta":"","stick-header-meta":"","header-above-stick-meta":"","header-main-stick-meta":"","header-below-stick-meta":"","astra-migrate-meta-layouts":"set","ast-page-background-enabled":"default","ast-page-background-meta":{"desktop":{"background-color":"var(--ast-global-color-4)","background-image":"","background-repeat":"repeat","background-position":"center center","background-size":"auto","background-attachment":"scroll","background-type":"","background-media":"","overlay-type":"","overlay-color":"","overlay-opacity":"","overlay-gradient":""},"tablet":{"background-color":"","background-image":"","background-repeat":"repeat","background-position":"center center","background-size":"auto","background-attachment":"scroll","background-type":"","background-media":"","overlay-type":"","overlay-color":"","overlay-opacity":"","overlay-gradient":""},"mobile":{"background-color":"","background-image":"","background-repeat":"repeat","background-position":"center center","background-size":"auto","background-attachment":"scroll","background-type":"","background-media":"","overlay-type":"","overlay-color":"","overlay-opacity":"","overlay-gradient":""}},"ast-content-background-meta":{"desktop":{"background-color":"var(--ast-global-color-5)","background-image":"","background-repeat":"repeat","background-position":"center center","background-size":"auto","background-attachment":"scroll","background-type":"","background-media":"","overlay-type":"","overlay-color":"","overlay-opacity":"","overlay-gradient":""},"tablet":{"background-color":"var(--ast-global-color-5)","background-image":"","background-repeat":"repeat","background-position":"center center","background-size":"auto","background-attachment":"scroll","background-type":"","background-media":"","overlay-type":"","overlay-color":"","overlay-opacity":"","overlay-gradient":""},"mobile":{"background-color":"var(--ast-global-color-5)","background-image":"","background-repeat":"repeat","background-position":"center center","background-size":"auto","background-attachment":"scroll","background-type":"","background-media":"","overlay-type":"","overlay-color":"","overlay-opacity":"","overlay-gradient":""}},"footnotes":""},"class_list":["post-31077","page","type-page","status-publish","hentry"],"acf":[],"yoast_head":"<!-- This site is optimized with the Yoast SEO Premium plugin v27.3 (Yoast SEO v27.3) - https:\/\/yoast.com\/product\/yoast-seo-premium-wordpress\/ -->\n<title>Accessibility Statement - persolog Homepage<\/title>\n<meta name=\"description\" content=\"Accessibility at persolog: We strive to make our digital platforms usable and accessible for everyone, without limitations.\" \/>\n<meta name=\"robots\" content=\"index, follow, max-snippet:-1, max-image-preview:large, max-video-preview:-1\" \/>\n<link rel=\"canonical\" href=\"https:\/\/persolog.com\/da\/accessibility\/\" \/>\n<meta property=\"og:locale\" content=\"da_DK\" \/>\n<meta property=\"og:type\" content=\"article\" \/>\n<meta property=\"og:title\" content=\"Accessibility\" \/>\n<meta property=\"og:description\" content=\"Accessibility at persolog: We strive to make our digital platforms usable and accessible for everyone, without limitations.\" \/>\n<meta property=\"og:url\" content=\"https:\/\/persolog.com\/da\/accessibility\/\" \/>\n<meta property=\"og:site_name\" content=\"persolog Homepage\" \/>\n<meta property=\"article:publisher\" content=\"https:\/\/www.facebook.com\/persolog.persoenlichkeitsentwicklung\/?locale=de_DE\" \/>\n<meta property=\"article:modified_time\" content=\"2026-03-23T12:02:49+00:00\" \/>\n<meta name=\"twitter:card\" content=\"summary_large_image\" \/>\n<meta name=\"twitter:label1\" content=\"Estimeret l\u00e6setid\" \/>\n\t<meta name=\"twitter:data1\" content=\"2 minutter\" \/>\n<script type=\"application\/ld+json\" class=\"yoast-schema-graph\">{\"@context\":\"https:\\\/\\\/schema.org\",\"@graph\":[{\"@type\":\"WebPage\",\"@id\":\"https:\\\/\\\/persolog.com\\\/accessibility\\\/\",\"url\":\"https:\\\/\\\/persolog.com\\\/accessibility\\\/\",\"name\":\"Accessibility Statement - persolog Homepage\",\"isPartOf\":{\"@id\":\"https:\\\/\\\/persolog.com\\\/#website\"},\"datePublished\":\"2025-07-02T08:53:37+00:00\",\"dateModified\":\"2026-03-23T12:02:49+00:00\",\"description\":\"Accessibility at persolog: We strive to make our digital platforms usable and accessible for everyone, without limitations.\",\"breadcrumb\":{\"@id\":\"https:\\\/\\\/persolog.com\\\/accessibility\\\/#breadcrumb\"},\"inLanguage\":\"da-DK\",\"potentialAction\":[{\"@type\":\"ReadAction\",\"target\":[\"https:\\\/\\\/persolog.com\\\/accessibility\\\/\"]}]},{\"@type\":\"BreadcrumbList\",\"@id\":\"https:\\\/\\\/persolog.com\\\/accessibility\\\/#breadcrumb\",\"itemListElement\":[{\"@type\":\"ListItem\",\"position\":1,\"name\":\"Startseite\",\"item\":\"https:\\\/\\\/persolog.com\\\/\"},{\"@type\":\"ListItem\",\"position\":2,\"name\":\"Accessibility\"}]},{\"@type\":\"WebSite\",\"@id\":\"https:\\\/\\\/persolog.com\\\/#website\",\"url\":\"https:\\\/\\\/persolog.com\\\/\",\"name\":\"persolog\u00ae Homepage\",\"description\":\"Develop organizations through people\",\"publisher\":{\"@id\":\"https:\\\/\\\/persolog.com\\\/#organization\"},\"potentialAction\":[{\"@type\":\"SearchAction\",\"target\":{\"@type\":\"EntryPoint\",\"urlTemplate\":\"https:\\\/\\\/persolog.com\\\/?s={search_term_string}\"},\"query-input\":{\"@type\":\"PropertyValueSpecification\",\"valueRequired\":true,\"valueName\":\"search_term_string\"}}],\"inLanguage\":\"da-DK\"},{\"@type\":\"Organization\",\"@id\":\"https:\\\/\\\/persolog.com\\\/#organization\",\"name\":\"persolog\u00ae GmbH\",\"url\":\"https:\\\/\\\/persolog.com\\\/\",\"logo\":{\"@type\":\"ImageObject\",\"inLanguage\":\"da-DK\",\"@id\":\"https:\\\/\\\/persolog.com\\\/#\\\/schema\\\/logo\\\/image\\\/\",\"url\":\"https:\\\/\\\/persolog.com\\\/wp-content\\\/uploads\\\/2023\\\/05\\\/persolog-logo-refreshed.svg\",\"contentUrl\":\"https:\\\/\\\/persolog.com\\\/wp-content\\\/uploads\\\/2023\\\/05\\\/persolog-logo-refreshed.svg\",\"width\":150,\"height\":36,\"caption\":\"persolog\u00ae GmbH\"},\"image\":{\"@id\":\"https:\\\/\\\/persolog.com\\\/#\\\/schema\\\/logo\\\/image\\\/\"},\"sameAs\":[\"https:\\\/\\\/www.facebook.com\\\/persolog.persoenlichkeitsentwicklung\\\/?locale=de_DE\",\"https:\\\/\\\/de.linkedin.com\\\/company\\\/persolog-gmbh\",\"https:\\\/\\\/www.instagram.com\\\/persolog_\\\/\"]}]}<\/script>\n<!-- \/ Yoast SEO Premium plugin. -->","yoast_head_json":{"title":"Tilg\u00e6ngelighedserkl\u00e6ring - persologs hjemmeside","description":"Tilg\u00e6ngelighed hos persolog: Vi bestr\u00e6ber os p\u00e5 at g\u00f8re vores digitale platforme anvendelige og tilg\u00e6ngelige for alle, uden begr\u00e6nsninger.","robots":{"index":"index","follow":"follow","max-snippet":"max-snippet:-1","max-image-preview":"max-image-preview:large","max-video-preview":"max-video-preview:-1"},"canonical":"https:\/\/persolog.com\/da\/accessibility\/","og_locale":"da_DK","og_type":"article","og_title":"Accessibility","og_description":"Accessibility at persolog: We strive to make our digital platforms usable and accessible for everyone, without limitations.","og_url":"https:\/\/persolog.com\/da\/accessibility\/","og_site_name":"persolog Homepage","article_publisher":"https:\/\/www.facebook.com\/persolog.persoenlichkeitsentwicklung\/?locale=de_DE","article_modified_time":"2026-03-23T12:02:49+00:00","twitter_card":"summary_large_image","twitter_misc":{"Estimeret l\u00e6setid":"2 minutter"},"schema":{"@context":"https:\/\/schema.org","@graph":[{"@type":"WebPage","@id":"https:\/\/persolog.com\/accessibility\/","url":"https:\/\/persolog.com\/accessibility\/","name":"Tilg\u00e6ngelighedserkl\u00e6ring - persologs hjemmeside","isPartOf":{"@id":"https:\/\/persolog.com\/#website"},"datePublished":"2025-07-02T08:53:37+00:00","dateModified":"2026-03-23T12:02:49+00:00","description":"Tilg\u00e6ngelighed hos persolog: Vi bestr\u00e6ber os p\u00e5 at g\u00f8re vores digitale platforme anvendelige og tilg\u00e6ngelige for alle, uden begr\u00e6nsninger.","breadcrumb":{"@id":"https:\/\/persolog.com\/accessibility\/#breadcrumb"},"inLanguage":"da-DK","potentialAction":[{"@type":"ReadAction","target":["https:\/\/persolog.com\/accessibility\/"]}]},{"@type":"BreadcrumbList","@id":"https:\/\/persolog.com\/accessibility\/#breadcrumb","itemListElement":[{"@type":"ListItem","position":1,"name":"Startseite","item":"https:\/\/persolog.com\/"},{"@type":"ListItem","position":2,"name":"Accessibility"}]},{"@type":"WebSite","@id":"https:\/\/persolog.com\/#website","url":"https:\/\/persolog.com\/","name":"persolog\u00ae Hjemmeside","description":"Udvikle organisationer gennem mennesker","publisher":{"@id":"https:\/\/persolog.com\/#organization"},"potentialAction":[{"@type":"SearchAction","target":{"@type":"EntryPoint","urlTemplate":"https:\/\/persolog.com\/?s={search_term_string}"},"query-input":{"@type":"PropertyValueSpecification","valueRequired":true,"valueName":"search_term_string"}}],"inLanguage":"da-DK"},{"@type":"Organization","@id":"https:\/\/persolog.com\/#organization","name":"persolog\u00ae GmbH","url":"https:\/\/persolog.com\/","logo":{"@type":"ImageObject","inLanguage":"da-DK","@id":"https:\/\/persolog.com\/#\/schema\/logo\/image\/","url":"https:\/\/persolog.com\/wp-content\/uploads\/2023\/05\/persolog-logo-refreshed.svg","contentUrl":"https:\/\/persolog.com\/wp-content\/uploads\/2023\/05\/persolog-logo-refreshed.svg","width":150,"height":36,"caption":"persolog\u00ae GmbH"},"image":{"@id":"https:\/\/persolog.com\/#\/schema\/logo\/image\/"},"sameAs":["https:\/\/www.facebook.com\/persolog.persoenlichkeitsentwicklung\/?locale=de_DE","https:\/\/de.linkedin.com\/company\/persolog-gmbh","https:\/\/www.instagram.com\/persolog_\/"]}]}},"_links":{"self":[{"href":"https:\/\/persolog.com\/da\/wp-json\/wp\/v2\/pages\/31077","targetHints":{"allow":["GET"]}}],"collection":[{"href":"https:\/\/persolog.com\/da\/wp-json\/wp\/v2\/pages"}],"about":[{"href":"https:\/\/persolog.com\/da\/wp-json\/wp\/v2\/types\/page"}],"author":[{"embeddable":true,"href":"https:\/\/persolog.com\/da\/wp-json\/wp\/v2\/users\/4"}],"replies":[{"embeddable":true,"href":"https:\/\/persolog.com\/da\/wp-json\/wp\/v2\/comments?post=31077"}],"version-history":[{"count":8,"href":"https:\/\/persolog.com\/da\/wp-json\/wp\/v2\/pages\/31077\/revisions"}],"predecessor-version":[{"id":34276,"href":"https:\/\/persolog.com\/da\/wp-json\/wp\/v2\/pages\/31077\/revisions\/34276"}],"wp:attachment":[{"href":"https:\/\/persolog.com\/da\/wp-json\/wp\/v2\/media?parent=31077"}],"curies":[{"name":"wp","href":"https:\/\/api.w.org\/{rel}","templated":true}]}}