{"id":32519,"date":"2026-02-09T11:30:17","date_gmt":"2026-02-09T10:30:17","guid":{"rendered":"https:\/\/persolog.com\/?page_id=32519"},"modified":"2026-02-11T13:56:45","modified_gmt":"2026-02-11T12:56:45","slug":"inhouse-request","status":"publish","type":"page","link":"https:\/\/persolog.com\/da\/inhouse-request\/","title":{"rendered":"Intern anmodning"},"content":{"rendered":"<div data-elementor-type=\"wp-page\" data-elementor-id=\"32519\" class=\"elementor elementor-32519\" data-elementor-post-type=\"page\">\n\t\t\t\t<div class=\"elementor-element elementor-element-764bae7 e-flex e-con-boxed e-con e-parent\" data-id=\"764bae7\" data-element_type=\"container\" data-e-type=\"container\" data-settings=\"{&quot;jet_parallax_layout_list&quot;:[]}\">\n\t\t\t\t\t<div class=\"e-con-inner\">\n\t\t<div class=\"elementor-element elementor-element-4434e38 e-con-full e-flex e-con e-child\" data-id=\"4434e38\" data-element_type=\"container\" data-e-type=\"container\" data-settings=\"{&quot;jet_parallax_layout_list&quot;:[]}\">\n\t\t<div class=\"elementor-element elementor-element-39f1113 e-con-full e-flex e-con e-child\" data-id=\"39f1113\" data-element_type=\"container\" data-e-type=\"container\" data-settings=\"{&quot;jet_parallax_layout_list&quot;:[]}\">\n\t\t\t\t<div class=\"elementor-element elementor-element-b9b5309 elementor-widget elementor-widget-image\" data-id=\"b9b5309\" data-element_type=\"widget\" data-e-type=\"widget\" data-widget_type=\"image.default\">\n\t\t\t\t<div class=\"elementor-widget-container\">\n\t\t\t\t\t\t\t\t\t\t\t\t\t\t\t<img fetchpriority=\"high\" decoding=\"async\" width=\"2048\" height=\"1365\" src=\"https:\/\/persolog.com\/wp-content\/uploads\/2023\/06\/persolog_Trainertag_thumbs-up.jpg\" class=\"attachment-full size-full wp-image-3332\" alt=\"Vores persolog\u00ae-certificeringer\" srcset=\"https:\/\/persolog.com\/wp-content\/uploads\/2023\/06\/persolog_Trainertag_thumbs-up.jpg 2048w, https:\/\/persolog.com\/wp-content\/uploads\/2023\/06\/persolog_Trainertag_thumbs-up-300x200.jpg 300w, https:\/\/persolog.com\/wp-content\/uploads\/2023\/06\/persolog_Trainertag_thumbs-up-1024x683.jpg 1024w, https:\/\/persolog.com\/wp-content\/uploads\/2023\/06\/persolog_Trainertag_thumbs-up-768x512.jpg 768w, https:\/\/persolog.com\/wp-content\/uploads\/2023\/06\/persolog_Trainertag_thumbs-up-1536x1024.jpg 1536w, https:\/\/persolog.com\/wp-content\/uploads\/2023\/06\/persolog_Trainertag_thumbs-up-18x12.jpg 18w\" sizes=\"(max-width: 2048px) 100vw, 2048px\" \/>\t\t\t\t\t\t\t\t\t\t\t\t\t\t\t<\/div>\n\t\t\t\t<\/div>\n\t\t<div class=\"elementor-element elementor-element-d5a3f72 e-con-full e-flex e-con e-child\" data-id=\"d5a3f72\" data-element_type=\"container\" data-e-type=\"container\" data-settings=\"{&quot;background_background&quot;:&quot;classic&quot;,&quot;jet_parallax_layout_list&quot;:[]}\">\n\t\t\t\t<div class=\"elementor-element elementor-element-ef6bb7e uael-heading-align-left elementor-widget elementor-widget-uael-advanced-heading\" data-id=\"ef6bb7e\" data-element_type=\"widget\" data-e-type=\"widget\" data-widget_type=\"uael-advanced-heading.default\">\n\t\t\t\t<div class=\"elementor-widget-container\">\n\t\t\t\t\t\n\t\t<div class=\"uael-module-content uael-heading-wrapper\">\n\t\t\t\t\t\t\t\t\t\t<div class=\"uael-sub-heading elementor-inline-editing\" data-elementor-setting-key=\"sub_heading\" data-elementor-inline-editing-toolbar=\"advanced\" >Til intern virksomhedstr\u00e6ning<\/div>\n\t\t\t\n\t\t\t<h2 class=\"uael-heading\">\n\t\t\t\t\t\t\t\t\t\t<span class=\"uael-heading-text elementor-inline-editing uael-size--default\" data-elementor-setting-key=\"heading_title\" data-elementor-inline-editing-toolbar=\"basic\">Anmod om et internt seminar nu<\/span>\n\t\t\t\t\t\t\t<\/h2>\n\n\t\t\t\n\t\t\t\n\t\t\t\n\t\t\t\t\t\t<\/div>\n\t\t\t\t\t\t<\/div>\n\t\t\t\t<\/div>\n\t\t\t\t<div class=\"elementor-element elementor-element-695affa elementor-widget elementor-widget-text-editor\" data-id=\"695affa\" data-element_type=\"widget\" data-e-type=\"widget\" data-widget_type=\"text-editor.default\">\n\t\t\t\t<div class=\"elementor-widget-container\">\n\t\t\t\t\t\t\t\t\t<p>Vi guider dig gennem tre enkle trin til den perfekte l\u00f8sning:<\/p>\t\t\t\t\t\t\t\t<\/div>\n\t\t\t\t<\/div>\n\t\t\t\t<div class=\"elementor-element elementor-element-1a9b8a6 elementor-widget elementor-widget-text-editor\" data-id=\"1a9b8a6\" data-element_type=\"widget\" data-e-type=\"widget\" data-widget_type=\"text-editor.default\">\n\t\t\t\t<div class=\"elementor-widget-container\">\n\t\t\t\t\t\t\t\t\t<p data-start=\"210\" data-end=\"329\"><strong data-start=\"210\" data-end=\"247\">1. F\u00e5 svar inden for 24 timer<\/strong><br data-start=\"247\" data-end=\"250\" \/>Vores erfarne salgsteam vender tilbage til dig personligt - via telefon eller e-mail.<\/p><p data-start=\"331\" data-end=\"472\"><strong data-start=\"331\" data-end=\"382\">2. Afklar dine behov og f\u00e5 skr\u00e6ddersyet r\u00e5dgivning<\/strong><br data-start=\"382\" data-end=\"385\" \/>Sammen vil vi tilpasse det interne seminar perfekt til dine m\u00e5l og krav.<\/p><p data-start=\"474\" data-end=\"599\"><strong data-start=\"474\" data-end=\"508\">3. Modtag et individuelt tilbud<\/strong><br data-start=\"508\" data-end=\"511\" \/>Som virksomhed eller NGO vil du modtage et uforpligtende tilbud, der passer til dine specifikke behov.<\/p>\t\t\t\t\t\t\t\t<\/div>\n\t\t\t\t<\/div>\n\t\t\t\t<\/div>\n\t\t\t\t<\/div>\n\t\t\t\t<\/div>\n\t\t\t\t\t<\/div>\n\t\t\t\t<\/div>\n\t\t<div class=\"elementor-element elementor-element-64b547c e-flex e-con-boxed e-con e-parent\" data-id=\"64b547c\" data-element_type=\"container\" data-e-type=\"container\" data-settings=\"{&quot;jet_parallax_layout_list&quot;:[]}\">\n\t\t\t\t\t<div class=\"e-con-inner\">\n\t\t\t\t\t<\/div>\n\t\t\t\t<\/div>\n\t\t<div class=\"elementor-element elementor-element-31a3320 e-flex e-con-boxed e-con e-parent\" data-id=\"31a3320\" data-element_type=\"container\" data-e-type=\"container\" data-settings=\"{&quot;jet_parallax_layout_list&quot;:[]}\">\n\t\t\t\t\t<div class=\"e-con-inner\">\n\t\t<div class=\"elementor-element elementor-element-4596ee9 e-con-full e-flex e-con e-child\" data-id=\"4596ee9\" data-element_type=\"container\" data-e-type=\"container\" data-settings=\"{&quot;jet_parallax_layout_list&quot;:[]}\">\n\t\t\t\t<div class=\"elementor-element elementor-element-cfde49a elementor-widget elementor-widget-text-editor\" data-id=\"cfde49a\" data-element_type=\"widget\" data-e-type=\"widget\" data-widget_type=\"text-editor.default\">\n\t\t\t\t<div class=\"elementor-widget-container\">\n\t\t\t\t\t\t\t\t\t<p data-start=\"601\" data-end=\"684\">Du skal blot udfylde kontaktformularen og sende den - vi ser frem til at h\u00f8re fra dig.<\/p>\t\t\t\t\t\t\t\t<\/div>\n\t\t\t\t<\/div>\n\t\t\t\t<div class=\"elementor-element elementor-element-1a0e9d2 elementor-widget__width-inherit elementor-widget elementor-widget-html\" data-id=\"1a0e9d2\" data-element_type=\"widget\" data-e-type=\"widget\" data-widget_type=\"html.default\">\n\t\t\t\t<div class=\"elementor-widget-container\">\n\t\t\t\t\t<script charset=\"utf-8\" type=\"text\/javascript\" src=\"\/\/js-eu1.hsforms.net\/forms\/embed\/v2.js\"><\/script>\n<script>\n  hbspt.forms.create({\n    portalId: \"25183617\",\n    formId: \"51ed2bbf-3051-44a8-9e85-a6d8003ff787\",\n    region: \"eu1\"\n  });\n<\/script>\t\t\t\t<\/div>\n\t\t\t\t<\/div>\n\t\t\t\t<\/div>\n\t\t<div class=\"elementor-element elementor-element-3377364 e-con-full e-flex e-con e-child\" data-id=\"3377364\" data-element_type=\"container\" data-e-type=\"container\" data-settings=\"{&quot;jet_parallax_layout_list&quot;:[],&quot;background_background&quot;:&quot;classic&quot;}\">\n\t\t\t\t<div class=\"elementor-element elementor-element-9ef2926 elementor-widget elementor-widget-image\" data-id=\"9ef2926\" data-element_type=\"widget\" data-e-type=\"widget\" data-widget_type=\"image.default\">\n\t\t\t\t<div class=\"elementor-widget-container\">\n\t\t\t\t\t\t\t\t\t\t\t\t\t\t\t<img decoding=\"async\" width=\"834\" height=\"1197\" src=\"https:\/\/persolog.com\/wp-content\/uploads\/2026\/02\/DSC00079_web-1.jpg\" class=\"attachment-full size-full wp-image-32552\" alt=\"Judith Augenstein | Teamleder for kundeservice hos persolog\" srcset=\"https:\/\/persolog.com\/wp-content\/uploads\/2026\/02\/DSC00079_web-1.jpg 834w, https:\/\/persolog.com\/wp-content\/uploads\/2026\/02\/DSC00079_web-1-209x300.jpg 209w, https:\/\/persolog.com\/wp-content\/uploads\/2026\/02\/DSC00079_web-1-713x1024.jpg 713w, https:\/\/persolog.com\/wp-content\/uploads\/2026\/02\/DSC00079_web-1-768x1102.jpg 768w, https:\/\/persolog.com\/wp-content\/uploads\/2026\/02\/DSC00079_web-1-8x12.jpg 8w\" sizes=\"(max-width: 834px) 100vw, 834px\" \/>\t\t\t\t\t\t\t\t\t\t\t\t\t\t\t<\/div>\n\t\t\t\t<\/div>\n\t\t\t\t<div class=\"elementor-element elementor-element-4089486 elementor-widget elementor-widget-text-editor\" data-id=\"4089486\" data-element_type=\"widget\" data-e-type=\"widget\" data-widget_type=\"text-editor.default\">\n\t\t\t\t<div class=\"elementor-widget-container\">\n\t\t\t\t\t\t\t\t\t<p><strong>Judith Augenstein<\/strong> | <br \/><em>Senior Sales Managerin &amp; Teamlead Kundenservice\u00a0<\/em><\/p><p>Tlf: +49 7232 3699-86<br \/>E-mail: <a href=\"mailto:judith.augenstein@persolog.com\">judith.augenstein@persolog.com<\/a><\/p>\t\t\t\t\t\t\t\t<\/div>\n\t\t\t\t<\/div>\n\t\t\t\t<\/div>\n\t\t\t\t\t<\/div>\n\t\t\t\t<\/div>\n\t\t<div class=\"elementor-element elementor-element-8d1484a e-flex e-con-boxed e-con e-parent\" data-id=\"8d1484a\" data-element_type=\"container\" data-e-type=\"container\" data-settings=\"{&quot;jet_parallax_layout_list&quot;:[]}\">\n\t\t\t\t\t<div class=\"e-con-inner\">\n\t\t\t\t<div class=\"elementor-element elementor-element-f24a984 elementor-widget elementor-widget-spacer\" data-id=\"f24a984\" data-element_type=\"widget\" data-e-type=\"widget\" data-widget_type=\"spacer.default\">\n\t\t\t\t<div class=\"elementor-widget-container\">\n\t\t\t\t\t\t\t<div class=\"elementor-spacer\">\n\t\t\t<div class=\"elementor-spacer-inner\"><\/div>\n\t\t<\/div>\n\t\t\t\t\t\t<\/div>\n\t\t\t\t<\/div>\n\t\t\t\t\t<\/div>\n\t\t\t\t<\/div>\n\t\t\t\t<\/div>","protected":false},"excerpt":{"rendered":"<p>For internal corporate training Request an Inhouse Seminar Now We will guide you through three simple steps to the perfect solution: 1. Get a response within 24 hoursOur experienced sales team will get back to you personally \u2013 by phone or email. 2. Clarify your needs &amp; receive tailored adviceTogether, we will align the inhouse [&hellip;]<\/p>\n","protected":false},"author":4,"featured_media":0,"parent":0,"menu_order":0,"comment_status":"closed","ping_status":"closed","template":"","meta":{"_acf_changed":false,"site-sidebar-layout":"no-sidebar","site-content-layout":"page-builder","ast-site-content-layout":"full-width-container","site-content-style":"default","site-sidebar-style":"default","ast-global-header-display":"","ast-banner-title-visibility":"","ast-main-header-display":"","ast-hfb-above-header-display":"","ast-hfb-below-header-display":"","ast-hfb-mobile-header-display":"","site-post-title":"disabled","ast-breadcrumbs-content":"","ast-featured-img":"disabled","footer-sml-layout":"","ast-disable-related-posts":"","theme-transparent-header-meta":"","adv-header-id-meta":"","stick-header-meta":"","header-above-stick-meta":"","header-main-stick-meta":"","header-below-stick-meta":"","astra-migrate-meta-layouts":"set","ast-page-background-enabled":"default","ast-page-background-meta":{"desktop":{"background-color":"var(--ast-global-color-4)","background-image":"","background-repeat":"repeat","background-position":"center center","background-size":"auto","background-attachment":"scroll","background-type":"","background-media":"","overlay-type":"","overlay-color":"","overlay-opacity":"","overlay-gradient":""},"tablet":{"background-color":"","background-image":"","background-repeat":"repeat","background-position":"center center","background-size":"auto","background-attachment":"scroll","background-type":"","background-media":"","overlay-type":"","overlay-color":"","overlay-opacity":"","overlay-gradient":""},"mobile":{"background-color":"","background-image":"","background-repeat":"repeat","background-position":"center center","background-size":"auto","background-attachment":"scroll","background-type":"","background-media":"","overlay-type":"","overlay-color":"","overlay-opacity":"","overlay-gradient":""}},"ast-content-background-meta":{"desktop":{"background-color":"var(--ast-global-color-5)","background-image":"","background-repeat":"repeat","background-position":"center center","background-size":"auto","background-attachment":"scroll","background-type":"","background-media":"","overlay-type":"","overlay-color":"","overlay-opacity":"","overlay-gradient":""},"tablet":{"background-color":"var(--ast-global-color-5)","background-image":"","background-repeat":"repeat","background-position":"center center","background-size":"auto","background-attachment":"scroll","background-type":"","background-media":"","overlay-type":"","overlay-color":"","overlay-opacity":"","overlay-gradient":""},"mobile":{"background-color":"var(--ast-global-color-5)","background-image":"","background-repeat":"repeat","background-position":"center center","background-size":"auto","background-attachment":"scroll","background-type":"","background-media":"","overlay-type":"","overlay-color":"","overlay-opacity":"","overlay-gradient":""}},"footnotes":""},"class_list":["post-32519","page","type-page","status-publish","hentry"],"acf":[],"yoast_head":"<!-- This site is optimized with the Yoast SEO Premium plugin v27.3 (Yoast SEO v27.3) - https:\/\/yoast.com\/product\/yoast-seo-premium-wordpress\/ -->\n<title>Inhouse Request - persolog Homepage<\/title>\n<meta name=\"robots\" content=\"index, follow, max-snippet:-1, max-image-preview:large, max-video-preview:-1\" \/>\n<link rel=\"canonical\" href=\"https:\/\/persolog.com\/da\/inhouse-request\/\" \/>\n<meta property=\"og:locale\" content=\"da_DK\" \/>\n<meta property=\"og:type\" content=\"article\" \/>\n<meta property=\"og:title\" content=\"Inhouse Request\" \/>\n<meta property=\"og:description\" content=\"For internal corporate training Request an Inhouse Seminar Now We will guide you through three simple steps to the perfect solution: 1. Get a response within 24 hoursOur experienced sales team will get back to you personally \u2013 by phone or email. 2. Clarify your needs &amp; receive tailored adviceTogether, we will align the inhouse [&hellip;]\" \/>\n<meta property=\"og:url\" content=\"https:\/\/persolog.com\/da\/inhouse-request\/\" \/>\n<meta property=\"og:site_name\" content=\"persolog Homepage\" \/>\n<meta property=\"article:publisher\" content=\"https:\/\/www.facebook.com\/persolog.persoenlichkeitsentwicklung\/?locale=de_DE\" \/>\n<meta property=\"article:modified_time\" content=\"2026-02-11T12:56:45+00:00\" \/>\n<meta property=\"og:image\" content=\"https:\/\/persolog.com\/wp-content\/uploads\/2023\/06\/persolog_Trainertag_thumbs-up.jpg\" \/>\n\t<meta property=\"og:image:width\" content=\"2048\" \/>\n\t<meta property=\"og:image:height\" content=\"1365\" \/>\n\t<meta property=\"og:image:type\" content=\"image\/jpeg\" \/>\n<meta name=\"twitter:card\" content=\"summary_large_image\" \/>\n<meta name=\"twitter:label1\" content=\"Estimeret l\u00e6setid\" \/>\n\t<meta name=\"twitter:data1\" content=\"2 minutter\" \/>\n<script type=\"application\/ld+json\" class=\"yoast-schema-graph\">{\"@context\":\"https:\\\/\\\/schema.org\",\"@graph\":[{\"@type\":\"WebPage\",\"@id\":\"https:\\\/\\\/persolog.com\\\/inhouse-request\\\/\",\"url\":\"https:\\\/\\\/persolog.com\\\/inhouse-request\\\/\",\"name\":\"Inhouse Request - persolog Homepage\",\"isPartOf\":{\"@id\":\"https:\\\/\\\/persolog.com\\\/#website\"},\"primaryImageOfPage\":{\"@id\":\"https:\\\/\\\/persolog.com\\\/inhouse-request\\\/#primaryimage\"},\"image\":{\"@id\":\"https:\\\/\\\/persolog.com\\\/inhouse-request\\\/#primaryimage\"},\"thumbnailUrl\":\"https:\\\/\\\/persolog.com\\\/wp-content\\\/uploads\\\/2023\\\/06\\\/persolog_Trainertag_thumbs-up.jpg\",\"datePublished\":\"2026-02-09T10:30:17+00:00\",\"dateModified\":\"2026-02-11T12:56:45+00:00\",\"breadcrumb\":{\"@id\":\"https:\\\/\\\/persolog.com\\\/inhouse-request\\\/#breadcrumb\"},\"inLanguage\":\"da-DK\",\"potentialAction\":[{\"@type\":\"ReadAction\",\"target\":[\"https:\\\/\\\/persolog.com\\\/inhouse-request\\\/\"]}]},{\"@type\":\"ImageObject\",\"inLanguage\":\"da-DK\",\"@id\":\"https:\\\/\\\/persolog.com\\\/inhouse-request\\\/#primaryimage\",\"url\":\"https:\\\/\\\/persolog.com\\\/wp-content\\\/uploads\\\/2023\\\/06\\\/persolog_Trainertag_thumbs-up.jpg\",\"contentUrl\":\"https:\\\/\\\/persolog.com\\\/wp-content\\\/uploads\\\/2023\\\/06\\\/persolog_Trainertag_thumbs-up.jpg\"},{\"@type\":\"BreadcrumbList\",\"@id\":\"https:\\\/\\\/persolog.com\\\/inhouse-request\\\/#breadcrumb\",\"itemListElement\":[{\"@type\":\"ListItem\",\"position\":1,\"name\":\"Startseite\",\"item\":\"https:\\\/\\\/persolog.com\\\/\"},{\"@type\":\"ListItem\",\"position\":2,\"name\":\"Inhouse Request\"}]},{\"@type\":\"WebSite\",\"@id\":\"https:\\\/\\\/persolog.com\\\/#website\",\"url\":\"https:\\\/\\\/persolog.com\\\/\",\"name\":\"persolog\u00ae Homepage\",\"description\":\"Develop organizations through people\",\"publisher\":{\"@id\":\"https:\\\/\\\/persolog.com\\\/#organization\"},\"potentialAction\":[{\"@type\":\"SearchAction\",\"target\":{\"@type\":\"EntryPoint\",\"urlTemplate\":\"https:\\\/\\\/persolog.com\\\/?s={search_term_string}\"},\"query-input\":{\"@type\":\"PropertyValueSpecification\",\"valueRequired\":true,\"valueName\":\"search_term_string\"}}],\"inLanguage\":\"da-DK\"},{\"@type\":\"Organization\",\"@id\":\"https:\\\/\\\/persolog.com\\\/#organization\",\"name\":\"persolog\u00ae GmbH\",\"url\":\"https:\\\/\\\/persolog.com\\\/\",\"logo\":{\"@type\":\"ImageObject\",\"inLanguage\":\"da-DK\",\"@id\":\"https:\\\/\\\/persolog.com\\\/#\\\/schema\\\/logo\\\/image\\\/\",\"url\":\"https:\\\/\\\/persolog.com\\\/wp-content\\\/uploads\\\/2023\\\/05\\\/persolog-logo-refreshed.svg\",\"contentUrl\":\"https:\\\/\\\/persolog.com\\\/wp-content\\\/uploads\\\/2023\\\/05\\\/persolog-logo-refreshed.svg\",\"width\":150,\"height\":36,\"caption\":\"persolog\u00ae GmbH\"},\"image\":{\"@id\":\"https:\\\/\\\/persolog.com\\\/#\\\/schema\\\/logo\\\/image\\\/\"},\"sameAs\":[\"https:\\\/\\\/www.facebook.com\\\/persolog.persoenlichkeitsentwicklung\\\/?locale=de_DE\",\"https:\\\/\\\/de.linkedin.com\\\/company\\\/persolog-gmbh\",\"https:\\\/\\\/www.instagram.com\\\/persolog_\\\/\"]}]}<\/script>\n<!-- \/ Yoast SEO Premium plugin. -->","yoast_head_json":{"title":"Intern anmodning - persologs hjemmeside","robots":{"index":"index","follow":"follow","max-snippet":"max-snippet:-1","max-image-preview":"max-image-preview:large","max-video-preview":"max-video-preview:-1"},"canonical":"https:\/\/persolog.com\/da\/inhouse-request\/","og_locale":"da_DK","og_type":"article","og_title":"Inhouse Request","og_description":"For internal corporate training Request an Inhouse Seminar Now We will guide you through three simple steps to the perfect solution: 1. Get a response within 24 hoursOur experienced sales team will get back to you personally \u2013 by phone or email. 2. Clarify your needs &amp; receive tailored adviceTogether, we will align the inhouse [&hellip;]","og_url":"https:\/\/persolog.com\/da\/inhouse-request\/","og_site_name":"persolog Homepage","article_publisher":"https:\/\/www.facebook.com\/persolog.persoenlichkeitsentwicklung\/?locale=de_DE","article_modified_time":"2026-02-11T12:56:45+00:00","og_image":[{"width":2048,"height":1365,"url":"https:\/\/persolog.com\/wp-content\/uploads\/2023\/06\/persolog_Trainertag_thumbs-up.jpg","type":"image\/jpeg"}],"twitter_card":"summary_large_image","twitter_misc":{"Estimeret l\u00e6setid":"2 minutter"},"schema":{"@context":"https:\/\/schema.org","@graph":[{"@type":"WebPage","@id":"https:\/\/persolog.com\/inhouse-request\/","url":"https:\/\/persolog.com\/inhouse-request\/","name":"Intern anmodning - persologs hjemmeside","isPartOf":{"@id":"https:\/\/persolog.com\/#website"},"primaryImageOfPage":{"@id":"https:\/\/persolog.com\/inhouse-request\/#primaryimage"},"image":{"@id":"https:\/\/persolog.com\/inhouse-request\/#primaryimage"},"thumbnailUrl":"https:\/\/persolog.com\/wp-content\/uploads\/2023\/06\/persolog_Trainertag_thumbs-up.jpg","datePublished":"2026-02-09T10:30:17+00:00","dateModified":"2026-02-11T12:56:45+00:00","breadcrumb":{"@id":"https:\/\/persolog.com\/inhouse-request\/#breadcrumb"},"inLanguage":"da-DK","potentialAction":[{"@type":"ReadAction","target":["https:\/\/persolog.com\/inhouse-request\/"]}]},{"@type":"ImageObject","inLanguage":"da-DK","@id":"https:\/\/persolog.com\/inhouse-request\/#primaryimage","url":"https:\/\/persolog.com\/wp-content\/uploads\/2023\/06\/persolog_Trainertag_thumbs-up.jpg","contentUrl":"https:\/\/persolog.com\/wp-content\/uploads\/2023\/06\/persolog_Trainertag_thumbs-up.jpg"},{"@type":"BreadcrumbList","@id":"https:\/\/persolog.com\/inhouse-request\/#breadcrumb","itemListElement":[{"@type":"ListItem","position":1,"name":"Startseite","item":"https:\/\/persolog.com\/"},{"@type":"ListItem","position":2,"name":"Inhouse Request"}]},{"@type":"WebSite","@id":"https:\/\/persolog.com\/#website","url":"https:\/\/persolog.com\/","name":"persolog\u00ae Hjemmeside","description":"Udvikle organisationer gennem mennesker","publisher":{"@id":"https:\/\/persolog.com\/#organization"},"potentialAction":[{"@type":"SearchAction","target":{"@type":"EntryPoint","urlTemplate":"https:\/\/persolog.com\/?s={search_term_string}"},"query-input":{"@type":"PropertyValueSpecification","valueRequired":true,"valueName":"search_term_string"}}],"inLanguage":"da-DK"},{"@type":"Organization","@id":"https:\/\/persolog.com\/#organization","name":"persolog\u00ae GmbH","url":"https:\/\/persolog.com\/","logo":{"@type":"ImageObject","inLanguage":"da-DK","@id":"https:\/\/persolog.com\/#\/schema\/logo\/image\/","url":"https:\/\/persolog.com\/wp-content\/uploads\/2023\/05\/persolog-logo-refreshed.svg","contentUrl":"https:\/\/persolog.com\/wp-content\/uploads\/2023\/05\/persolog-logo-refreshed.svg","width":150,"height":36,"caption":"persolog\u00ae GmbH"},"image":{"@id":"https:\/\/persolog.com\/#\/schema\/logo\/image\/"},"sameAs":["https:\/\/www.facebook.com\/persolog.persoenlichkeitsentwicklung\/?locale=de_DE","https:\/\/de.linkedin.com\/company\/persolog-gmbh","https:\/\/www.instagram.com\/persolog_\/"]}]}},"_links":{"self":[{"href":"https:\/\/persolog.com\/da\/wp-json\/wp\/v2\/pages\/32519","targetHints":{"allow":["GET"]}}],"collection":[{"href":"https:\/\/persolog.com\/da\/wp-json\/wp\/v2\/pages"}],"about":[{"href":"https:\/\/persolog.com\/da\/wp-json\/wp\/v2\/types\/page"}],"author":[{"embeddable":true,"href":"https:\/\/persolog.com\/da\/wp-json\/wp\/v2\/users\/4"}],"replies":[{"embeddable":true,"href":"https:\/\/persolog.com\/da\/wp-json\/wp\/v2\/comments?post=32519"}],"version-history":[{"count":35,"href":"https:\/\/persolog.com\/da\/wp-json\/wp\/v2\/pages\/32519\/revisions"}],"predecessor-version":[{"id":32731,"href":"https:\/\/persolog.com\/da\/wp-json\/wp\/v2\/pages\/32519\/revisions\/32731"}],"wp:attachment":[{"href":"https:\/\/persolog.com\/da\/wp-json\/wp\/v2\/media?parent=32519"}],"curies":[{"name":"wp","href":"https:\/\/api.w.org\/{rel}","templated":true}]}}