{"id":1669,"date":"2023-05-31T10:09:46","date_gmt":"2023-05-31T08:09:46","guid":{"rendered":"https:\/\/beta.persolog.de\/?page_id=1669"},"modified":"2024-09-09T14:27:52","modified_gmt":"2024-09-09T12:27:52","slug":"seminare","status":"publish","type":"page","link":"https:\/\/persolog.com\/de\/seminars\/","title":{"rendered":"Seminare"},"content":{"rendered":"<div data-elementor-type=\"wp-page\" data-elementor-id=\"1669\" class=\"elementor elementor-1669\" data-elementor-post-type=\"page\">\n\t\t\t\t<div class=\"elementor-element elementor-element-4821f419 e-flex e-con-boxed e-con e-parent\" data-id=\"4821f419\" data-element_type=\"container\" data-e-type=\"container\" data-settings=\"{&quot;jet_parallax_layout_list&quot;:[]}\">\n\t\t\t\t\t<div class=\"e-con-inner\">\n\t\t<div class=\"elementor-element elementor-element-24e1b75a e-flex e-con-boxed e-con e-child\" data-id=\"24e1b75a\" data-element_type=\"container\" data-e-type=\"container\" data-settings=\"{&quot;jet_parallax_layout_list&quot;:[]}\">\n\t\t\t\t\t<div class=\"e-con-inner\">\n\t\t<div class=\"elementor-element elementor-element-199b97fc e-con-full e-flex e-con e-child\" data-id=\"199b97fc\" data-element_type=\"container\" data-e-type=\"container\" data-settings=\"{&quot;jet_parallax_layout_list&quot;:[]}\">\n\t\t\t\t<div class=\"elementor-element elementor-element-1aee1346 elementor-widget elementor-widget-image\" data-id=\"1aee1346\" data-element_type=\"widget\" data-e-type=\"widget\" data-widget_type=\"image.default\">\n\t\t\t\t<div class=\"elementor-widget-container\">\n\t\t\t\t\t\t\t\t\t\t\t\t\t\t\t<img fetchpriority=\"high\" decoding=\"async\" width=\"1536\" height=\"565\" src=\"https:\/\/persolog.com\/wp-content\/uploads\/2023\/06\/Shop_Header_Trainer-werden_1920x1920-1536x565.jpg\" class=\"attachment-1536x1536 size-1536x1536 wp-image-3027\" alt=\"\" srcset=\"https:\/\/persolog.com\/wp-content\/uploads\/2023\/06\/Shop_Header_Trainer-werden_1920x1920-1536x565.jpg 1536w, https:\/\/persolog.com\/wp-content\/uploads\/2023\/06\/Shop_Header_Trainer-werden_1920x1920-300x110.jpg 300w, https:\/\/persolog.com\/wp-content\/uploads\/2023\/06\/Shop_Header_Trainer-werden_1920x1920-1024x377.jpg 1024w, https:\/\/persolog.com\/wp-content\/uploads\/2023\/06\/Shop_Header_Trainer-werden_1920x1920-768x282.jpg 768w, https:\/\/persolog.com\/wp-content\/uploads\/2023\/06\/Shop_Header_Trainer-werden_1920x1920-18x7.jpg 18w, https:\/\/persolog.com\/wp-content\/uploads\/2023\/06\/Shop_Header_Trainer-werden_1920x1920.jpg 1920w\" sizes=\"(max-width: 1536px) 100vw, 1536px\" \/>\t\t\t\t\t\t\t\t\t\t\t\t\t\t\t<\/div>\n\t\t\t\t<\/div>\n\t\t<div class=\"elementor-element elementor-element-4797b89e e-con-full e-flex e-con e-child\" data-id=\"4797b89e\" data-element_type=\"container\" data-e-type=\"container\" data-settings=\"{&quot;background_background&quot;:&quot;classic&quot;,&quot;jet_parallax_layout_list&quot;:[]}\">\n\t\t\t\t<div class=\"elementor-element elementor-element-e7d5788 uael-heading-align-left elementor-widget elementor-widget-uael-advanced-heading\" data-id=\"e7d5788\" data-element_type=\"widget\" data-e-type=\"widget\" data-widget_type=\"uael-advanced-heading.default\">\n\t\t\t\t<div class=\"elementor-widget-container\">\n\t\t\t\t\t\n\t\t<div class=\"uael-module-content uael-heading-wrapper\">\n\t\t\t\t\t\t\t\t\t\t<div class=\"uael-sub-heading elementor-inline-editing\" data-elementor-setting-key=\"sub_heading\" data-elementor-inline-editing-toolbar=\"advanced\" >F\u00fcr deine Weiterbildung<\/div>\n\t\t\t\n\t\t\t<h1 class=\"uael-heading\">\n\t\t\t\t\t\t\t\t\t\t<span class=\"uael-heading-text elementor-inline-editing uael-size--default\" data-elementor-setting-key=\"heading_title\" data-elementor-inline-editing-toolbar=\"basic\">persolog Seminare und Zertifizierungen<\/span>\n\t\t\t\t\t\t\t<\/h1>\n\n\t\t\t\n\t\t\t\n\t\t\t\n\t\t\t\t\t\t<\/div>\n\t\t\t\t\t\t<\/div>\n\t\t\t\t<\/div>\n\t\t\t\t<div class=\"elementor-element elementor-element-3b045dd4 elementor-widget elementor-widget-text-editor\" data-id=\"3b045dd4\" data-element_type=\"widget\" data-e-type=\"widget\" data-widget_type=\"text-editor.default\">\n\t\t\t\t<div class=\"elementor-widget-container\">\n\t\t\t\t\t\t\t\t\t<p>Wir bieten vielf\u00e4ltige<strong> Programme, welche die pers\u00f6nliche und berufliche Entwicklung f\u00f6rdern,<\/strong> von F\u00fchrung und Kommunikation bis hin zu Teambildung und Konfliktl\u00f6sung. <\/p>\t\t\t\t\t\t\t\t<\/div>\n\t\t\t\t<\/div>\n\t\t\t\t<\/div>\n\t\t\t\t<\/div>\n\t\t\t\t\t<\/div>\n\t\t\t\t<\/div>\n\t\t\t\t\t<\/div>\n\t\t\t\t<\/div>\n\t\t<div class=\"elementor-element elementor-element-3e5cebf5 e-flex e-con-boxed e-con e-parent\" data-id=\"3e5cebf5\" data-element_type=\"container\" data-e-type=\"container\" data-settings=\"{&quot;jet_parallax_layout_list&quot;:[]}\">\n\t\t\t\t\t<div class=\"e-con-inner\">\n\t\t<div class=\"elementor-element elementor-element-648e37e5 e-con-full e-flex e-con e-child\" data-id=\"648e37e5\" data-element_type=\"container\" data-e-type=\"container\" data-settings=\"{&quot;jet_parallax_layout_list&quot;:[]}\">\n\t\t\t\t<div class=\"elementor-element elementor-element-ff9c068 elementor-widget elementor-widget-image\" data-id=\"ff9c068\" data-element_type=\"widget\" data-e-type=\"widget\" data-widget_type=\"image.default\">\n\t\t\t\t<div class=\"elementor-widget-container\">\n\t\t\t\t\t\t\t\t\t\t\t\t\t\t\t\t<a href=\"https:\/\/academy.persolog.de\/zertifizierungen\" target=\"_blank\">\n\t\t\t\t\t\t\t<img decoding=\"async\" src=\"https:\/\/persolog.com\/wp-content\/uploads\/elementor\/thumbs\/persolog_Trainertag_thumbs-up-q8a2ostx5azu76fg84l1beu3mq6v1zyeaaura2uh1s.jpg\" title=\"Unsere persolog\u00ae-Zertifizierungen\" alt=\"Unsere persolog\u00ae-Zertifizierungen\" loading=\"lazy\" \/>\t\t\t\t\t\t\t\t<\/a>\n\t\t\t\t\t\t\t\t\t\t\t\t\t\t\t<\/div>\n\t\t\t\t<\/div>\n\t\t\t\t<div class=\"elementor-element elementor-element-6e0fceff elementor-widget elementor-widget-heading\" data-id=\"6e0fceff\" data-element_type=\"widget\" data-e-type=\"widget\" data-widget_type=\"heading.default\">\n\t\t\t\t<div class=\"elementor-widget-container\">\n\t\t\t\t\t<h2 class=\"elementor-heading-title elementor-size-default\"><a href=\"https:\/\/academy.persolog.de\/zertifizierungen\" target=\"_blank\">Auf einen Blick: \nUnsere persolog\u00ae Zertifizierungen<\/a><\/h2>\t\t\t\t<\/div>\n\t\t\t\t<\/div>\n\t\t\t\t<div class=\"elementor-element elementor-element-366eddce elementor-widget elementor-widget-text-editor\" data-id=\"366eddce\" data-element_type=\"widget\" data-e-type=\"widget\" data-widget_type=\"text-editor.default\">\n\t\t\t\t<div class=\"elementor-widget-container\">\n\t\t\t\t\t\t\t\t\t<p>Unsere Zertifizierungen bieten Einzelpersonen eine weltweit anerkannte Best\u00e4tigung ihrer Expertise in Bereichen wie Pers\u00f6nlichkeitsanalyse und menschlichem Verhalten. Diese Zertifizierungen <strong>werden von Fachleuten und Organisationen hoch gesch\u00e4tzt, die die Kraft der persolog-Tools und -Methoden f\u00fcr pers\u00f6nliche und berufliche Entwicklung<\/strong> nutzen m\u00f6chten.<\/p>\t\t\t\t\t\t\t\t<\/div>\n\t\t\t\t<\/div>\n\t\t\t\t<div class=\"elementor-element elementor-element-3773160 elementor-widget__width-inherit elementor-align-center elementor-widget elementor-widget-button\" data-id=\"3773160\" data-element_type=\"widget\" data-e-type=\"widget\" data-widget_type=\"button.default\">\n\t\t\t\t<div class=\"elementor-widget-container\">\n\t\t\t\t\t\t\t\t\t<div class=\"elementor-button-wrapper\">\n\t\t\t\t\t<a class=\"elementor-button elementor-button-link elementor-size-sm\" href=\"https:\/\/academy.persolog.de\/zertifizierungen\" target=\"_blank\">\n\t\t\t\t\t\t<span class=\"elementor-button-content-wrapper\">\n\t\t\t\t\t\t\t\t\t<span class=\"elementor-button-text\">Mehr erfahren<\/span>\n\t\t\t\t\t<\/span>\n\t\t\t\t\t<\/a>\n\t\t\t\t<\/div>\n\t\t\t\t\t\t\t\t<\/div>\n\t\t\t\t<\/div>\n\t\t\t\t<\/div>\n\t\t<div class=\"elementor-element elementor-element-4499d50e e-con-full e-flex e-con e-child\" data-id=\"4499d50e\" data-element_type=\"container\" data-e-type=\"container\" data-settings=\"{&quot;jet_parallax_layout_list&quot;:[]}\">\n\t\t\t\t<div class=\"elementor-element elementor-element-eec3097 elementor-widget elementor-widget-image\" data-id=\"eec3097\" data-element_type=\"widget\" data-e-type=\"widget\" data-widget_type=\"image.default\">\n\t\t\t\t<div class=\"elementor-widget-container\">\n\t\t\t\t\t\t\t\t\t\t\t\t\t\t\t\t<a href=\"https:\/\/academy.persolog.de\/seminare\" target=\"_blank\">\n\t\t\t\t\t\t\t<img decoding=\"async\" src=\"https:\/\/persolog.com\/wp-content\/uploads\/elementor\/thumbs\/persolog_persoenlichkeits-modell-q8j70sdclxo0cn8ksvqve6gnd0z7orhh1t14bz8es0.jpg\" title=\"Seminare f\u00fcr Trainer, Coaches und HR-Professionals\" alt=\"Seminare f\u00fcr Trainer, Coaches und HR-Professionals\" loading=\"lazy\" \/>\t\t\t\t\t\t\t\t<\/a>\n\t\t\t\t\t\t\t\t\t\t\t\t\t\t\t<\/div>\n\t\t\t\t<\/div>\n\t\t\t\t<div class=\"elementor-element elementor-element-24d42eaf elementor-widget elementor-widget-heading\" data-id=\"24d42eaf\" data-element_type=\"widget\" data-e-type=\"widget\" data-widget_type=\"heading.default\">\n\t\t\t\t<div class=\"elementor-widget-container\">\n\t\t\t\t\t<h2 class=\"elementor-heading-title elementor-size-default\"><a href=\"https:\/\/academy.persolog.de\/seminare\" target=\"_blank\">Seminare f\u00fcr Trainer:innen, Coaches und HR-Professionals<\/a><\/h2>\t\t\t\t<\/div>\n\t\t\t\t<\/div>\n\t\t\t\t<div class=\"elementor-element elementor-element-3ee6fc8a elementor-widget elementor-widget-text-editor\" data-id=\"3ee6fc8a\" data-element_type=\"widget\" data-e-type=\"widget\" data-widget_type=\"text-editor.default\">\n\t\t\t\t<div class=\"elementor-widget-container\">\n\t\t\t\t\t\t\t\t\t<p>Unsere Seminare bieten Trainer:innen, Coaches und HR-Professionals ein umfassendes und praxisnahes Lernerlebnis, um kompetente Vermittler der persolog-Modelle zu werden. <strong>Die Teilnehmenden erwerben das Wissen, die Werkzeuge und das Selbstvertrauen, um die Inhalte von persolog effektiv zu vermitteln<\/strong> und dadurch andere in den Bereichen Pers\u00f6nlichkeitsanalyse, Kommunikation und zwischenmenschliche F\u00e4higkeiten zu inspirieren und weiterzuentwickeln.<\/p>\t\t\t\t\t\t\t\t<\/div>\n\t\t\t\t<\/div>\n\t\t\t\t<div class=\"elementor-element elementor-element-404e5c3 elementor-widget__width-inherit elementor-align-center elementor-widget elementor-widget-button\" data-id=\"404e5c3\" data-element_type=\"widget\" data-e-type=\"widget\" data-widget_type=\"button.default\">\n\t\t\t\t<div class=\"elementor-widget-container\">\n\t\t\t\t\t\t\t\t\t<div class=\"elementor-button-wrapper\">\n\t\t\t\t\t<a class=\"elementor-button elementor-button-link elementor-size-sm\" href=\"https:\/\/academy.persolog.de\/seminare\" target=\"_blank\">\n\t\t\t\t\t\t<span class=\"elementor-button-content-wrapper\">\n\t\t\t\t\t\t\t\t\t<span class=\"elementor-button-text\">Mehr erfahren<\/span>\n\t\t\t\t\t<\/span>\n\t\t\t\t\t<\/a>\n\t\t\t\t<\/div>\n\t\t\t\t\t\t\t\t<\/div>\n\t\t\t\t<\/div>\n\t\t\t\t<\/div>\n\t\t<div class=\"elementor-element elementor-element-150f356e e-con-full e-flex e-con e-child\" data-id=\"150f356e\" data-element_type=\"container\" data-e-type=\"container\" data-settings=\"{&quot;jet_parallax_layout_list&quot;:[]}\">\n\t\t\t\t<div class=\"elementor-element elementor-element-950c782 elementor-widget elementor-widget-image\" data-id=\"950c782\" data-element_type=\"widget\" data-e-type=\"widget\" data-widget_type=\"image.default\">\n\t\t\t\t<div class=\"elementor-widget-container\">\n\t\t\t\t\t\t\t\t\t\t\t\t\t\t\t<img decoding=\"async\" src=\"https:\/\/persolog.com\/wp-content\/uploads\/elementor\/thumbs\/ttp-bearbeitet-211-scaled-q8v4icb9e1d9sugv6q1sd0d9d2y319s6he5k7k8ekw.jpg\" title=\"persolog Online-Kurse f\u00fcr Ihre pers\u00f6nliche Entwicklung\" alt=\"persolog Online-Kurse f\u00fcr Ihre pers\u00f6nliche Entwicklung\" loading=\"lazy\" \/>\t\t\t\t\t\t\t\t\t\t\t\t\t\t\t<\/div>\n\t\t\t\t<\/div>\n\t\t\t\t<div class=\"elementor-element elementor-element-120faca9 elementor-widget elementor-widget-heading\" data-id=\"120faca9\" data-element_type=\"widget\" data-e-type=\"widget\" data-widget_type=\"heading.default\">\n\t\t\t\t<div class=\"elementor-widget-container\">\n\t\t\t\t\t<h2 class=\"elementor-heading-title elementor-size-default\">Online-Kurse f\u00fcr deine pers\u00f6nliche Weiterentwicklung<\/h2>\t\t\t\t<\/div>\n\t\t\t\t<\/div>\n\t\t\t\t<div class=\"elementor-element elementor-element-3117db8c elementor-widget elementor-widget-text-editor\" data-id=\"3117db8c\" data-element_type=\"widget\" data-e-type=\"widget\" data-widget_type=\"text-editor.default\">\n\t\t\t\t<div class=\"elementor-widget-container\">\n\t\t\t\t\t\t\t\t\t<p>Wir bieten eine F\u00fclle personalisierter Lernm\u00f6glichkeiten f\u00fcr Einzelpersonen, die ihr pers\u00f6nliches und berufliches Wachstum f\u00f6rdern m\u00f6chten. <strong>Wir m\u00f6chten Einzelpersonen bef\u00e4higen, ihr volles Potenzial auszusch\u00f6pfen und ihre einzigartige Entwicklungsreise effektiv zu meistern.<\/strong><\/p>\t\t\t\t\t\t\t\t<\/div>\n\t\t\t\t<\/div>\n\t\t\t\t<div class=\"elementor-element elementor-element-5491581 elementor-widget__width-inherit elementor-align-center elementor-widget elementor-widget-button\" data-id=\"5491581\" data-element_type=\"widget\" data-e-type=\"widget\" data-widget_type=\"button.default\">\n\t\t\t\t<div class=\"elementor-widget-container\">\n\t\t\t\t\t\t\t\t\t<div class=\"elementor-button-wrapper\">\n\t\t\t\t\t<a class=\"elementor-button elementor-button-link elementor-size-sm\" href=\"https:\/\/academy.persolog.de\/online-kurse\" target=\"_blank\">\n\t\t\t\t\t\t<span class=\"elementor-button-content-wrapper\">\n\t\t\t\t\t\t\t\t\t<span class=\"elementor-button-text\">Mehr erfahren<\/span>\n\t\t\t\t\t<\/span>\n\t\t\t\t\t<\/a>\n\t\t\t\t<\/div>\n\t\t\t\t\t\t\t\t<\/div>\n\t\t\t\t<\/div>\n\t\t\t\t<\/div>\n\t\t\t\t\t<\/div>\n\t\t\t\t<\/div>\n\t\t\t\t<\/div>","protected":false},"excerpt":{"rendered":"<p>For your further education persolog Seminars and Certifications We offer a diverse range of programs that enhance personal and professional development, from leadership and communication to team building and conflict resolution. At a Glance: Our persolog\u00ae Certifications Our certifications provide individuals with a globally recognized validation of their expertise in areas such as personality assessment [&hellip;]<\/p>\n","protected":false},"author":2,"featured_media":0,"parent":0,"menu_order":0,"comment_status":"closed","ping_status":"closed","template":"","meta":{"_acf_changed":false,"site-sidebar-layout":"no-sidebar","site-content-layout":"page-builder","ast-site-content-layout":"default","site-content-style":"default","site-sidebar-style":"default","ast-global-header-display":"","ast-banner-title-visibility":"","ast-main-header-display":"","ast-hfb-above-header-display":"","ast-hfb-below-header-display":"","ast-hfb-mobile-header-display":"","site-post-title":"disabled","ast-breadcrumbs-content":"","ast-featured-img":"disabled","footer-sml-layout":"","ast-disable-related-posts":"","theme-transparent-header-meta":"","adv-header-id-meta":"","stick-header-meta":"","header-above-stick-meta":"","header-main-stick-meta":"","header-below-stick-meta":"","astra-migrate-meta-layouts":"default","ast-page-background-enabled":"default","ast-page-background-meta":{"desktop":{"background-color":"var(--ast-global-color-4)","background-image":"","background-repeat":"repeat","background-position":"center center","background-size":"auto","background-attachment":"scroll","background-type":"","background-media":"","overlay-type":"","overlay-color":"","overlay-opacity":"","overlay-gradient":""},"tablet":{"background-color":"","background-image":"","background-repeat":"repeat","background-position":"center center","background-size":"auto","background-attachment":"scroll","background-type":"","background-media":"","overlay-type":"","overlay-color":"","overlay-opacity":"","overlay-gradient":""},"mobile":{"background-color":"","background-image":"","background-repeat":"repeat","background-position":"center center","background-size":"auto","background-attachment":"scroll","background-type":"","background-media":"","overlay-type":"","overlay-color":"","overlay-opacity":"","overlay-gradient":""}},"ast-content-background-meta":{"desktop":{"background-color":"var(--ast-global-color-5)","background-image":"","background-repeat":"repeat","background-position":"center center","background-size":"auto","background-attachment":"scroll","background-type":"","background-media":"","overlay-type":"","overlay-color":"","overlay-opacity":"","overlay-gradient":""},"tablet":{"background-color":"var(--ast-global-color-5)","background-image":"","background-repeat":"repeat","background-position":"center center","background-size":"auto","background-attachment":"scroll","background-type":"","background-media":"","overlay-type":"","overlay-color":"","overlay-opacity":"","overlay-gradient":""},"mobile":{"background-color":"var(--ast-global-color-5)","background-image":"","background-repeat":"repeat","background-position":"center center","background-size":"auto","background-attachment":"scroll","background-type":"","background-media":"","overlay-type":"","overlay-color":"","overlay-opacity":"","overlay-gradient":""}},"footnotes":""},"class_list":["post-1669","page","type-page","status-publish","hentry"],"acf":[],"yoast_head":"<!-- This site is optimized with the Yoast SEO Premium plugin v27.3 (Yoast SEO v27.3) - https:\/\/yoast.com\/product\/yoast-seo-premium-wordpress\/ -->\n<title>Seminars - persolog Homepage<\/title>\n<meta name=\"robots\" content=\"index, follow, max-snippet:-1, max-image-preview:large, max-video-preview:-1\" \/>\n<link rel=\"canonical\" href=\"https:\/\/persolog.com\/de\/seminare\/\" \/>\n<meta property=\"og:locale\" content=\"de_DE\" \/>\n<meta property=\"og:type\" content=\"article\" \/>\n<meta property=\"og:title\" content=\"Seminars\" \/>\n<meta property=\"og:description\" content=\"For your further education persolog Seminars and Certifications We offer a diverse range of programs that enhance personal and professional development, from leadership and communication to team building and conflict resolution. At a Glance: Our persolog\u00ae Certifications Our certifications provide individuals with a globally recognized validation of their expertise in areas such as personality assessment [&hellip;]\" \/>\n<meta property=\"og:url\" content=\"https:\/\/persolog.com\/de\/seminare\/\" \/>\n<meta property=\"og:site_name\" content=\"persolog Homepage\" \/>\n<meta property=\"article:publisher\" content=\"https:\/\/www.facebook.com\/persolog.persoenlichkeitsentwicklung\/?locale=de_DE\" \/>\n<meta property=\"article:modified_time\" content=\"2024-09-09T12:27:52+00:00\" \/>\n<meta property=\"og:image\" content=\"https:\/\/persolog.com\/wp-content\/uploads\/2023\/06\/Shop_Header_Trainer-werden_1920x1920-1536x565.jpg\" \/>\n<meta name=\"twitter:card\" content=\"summary_large_image\" \/>\n<meta name=\"twitter:label1\" content=\"Gesch\u00e4tzte Lesezeit\" \/>\n\t<meta name=\"twitter:data1\" content=\"2\u00a0Minuten\" \/>\n<script type=\"application\/ld+json\" class=\"yoast-schema-graph\">{\"@context\":\"https:\\\/\\\/schema.org\",\"@graph\":[{\"@type\":\"WebPage\",\"@id\":\"https:\\\/\\\/persolog.com\\\/seminars\\\/\",\"url\":\"https:\\\/\\\/persolog.com\\\/seminars\\\/\",\"name\":\"Seminars - persolog Homepage\",\"isPartOf\":{\"@id\":\"https:\\\/\\\/persolog.com\\\/#website\"},\"primaryImageOfPage\":{\"@id\":\"https:\\\/\\\/persolog.com\\\/seminars\\\/#primaryimage\"},\"image\":{\"@id\":\"https:\\\/\\\/persolog.com\\\/seminars\\\/#primaryimage\"},\"thumbnailUrl\":\"https:\\\/\\\/persolog.com\\\/wp-content\\\/uploads\\\/2023\\\/06\\\/Shop_Header_Trainer-werden_1920x1920-1536x565.jpg\",\"datePublished\":\"2023-05-31T08:09:46+00:00\",\"dateModified\":\"2024-09-09T12:27:52+00:00\",\"breadcrumb\":{\"@id\":\"https:\\\/\\\/persolog.com\\\/seminars\\\/#breadcrumb\"},\"inLanguage\":\"de\",\"potentialAction\":[{\"@type\":\"ReadAction\",\"target\":[\"https:\\\/\\\/persolog.com\\\/seminars\\\/\"]}]},{\"@type\":\"ImageObject\",\"inLanguage\":\"de\",\"@id\":\"https:\\\/\\\/persolog.com\\\/seminars\\\/#primaryimage\",\"url\":\"https:\\\/\\\/persolog.com\\\/wp-content\\\/uploads\\\/2023\\\/06\\\/Shop_Header_Trainer-werden_1920x1920-1536x565.jpg\",\"contentUrl\":\"https:\\\/\\\/persolog.com\\\/wp-content\\\/uploads\\\/2023\\\/06\\\/Shop_Header_Trainer-werden_1920x1920-1536x565.jpg\"},{\"@type\":\"BreadcrumbList\",\"@id\":\"https:\\\/\\\/persolog.com\\\/seminars\\\/#breadcrumb\",\"itemListElement\":[{\"@type\":\"ListItem\",\"position\":1,\"name\":\"Startseite\",\"item\":\"https:\\\/\\\/persolog.com\\\/\"},{\"@type\":\"ListItem\",\"position\":2,\"name\":\"Seminars\"}]},{\"@type\":\"WebSite\",\"@id\":\"https:\\\/\\\/persolog.com\\\/#website\",\"url\":\"https:\\\/\\\/persolog.com\\\/\",\"name\":\"persolog\u00ae Homepage\",\"description\":\"Develop organizations through people\",\"publisher\":{\"@id\":\"https:\\\/\\\/persolog.com\\\/#organization\"},\"potentialAction\":[{\"@type\":\"SearchAction\",\"target\":{\"@type\":\"EntryPoint\",\"urlTemplate\":\"https:\\\/\\\/persolog.com\\\/?s={search_term_string}\"},\"query-input\":{\"@type\":\"PropertyValueSpecification\",\"valueRequired\":true,\"valueName\":\"search_term_string\"}}],\"inLanguage\":\"de\"},{\"@type\":\"Organization\",\"@id\":\"https:\\\/\\\/persolog.com\\\/#organization\",\"name\":\"persolog\u00ae GmbH\",\"url\":\"https:\\\/\\\/persolog.com\\\/\",\"logo\":{\"@type\":\"ImageObject\",\"inLanguage\":\"de\",\"@id\":\"https:\\\/\\\/persolog.com\\\/#\\\/schema\\\/logo\\\/image\\\/\",\"url\":\"https:\\\/\\\/persolog.com\\\/wp-content\\\/uploads\\\/2023\\\/05\\\/persolog-logo-refreshed.svg\",\"contentUrl\":\"https:\\\/\\\/persolog.com\\\/wp-content\\\/uploads\\\/2023\\\/05\\\/persolog-logo-refreshed.svg\",\"width\":150,\"height\":36,\"caption\":\"persolog\u00ae GmbH\"},\"image\":{\"@id\":\"https:\\\/\\\/persolog.com\\\/#\\\/schema\\\/logo\\\/image\\\/\"},\"sameAs\":[\"https:\\\/\\\/www.facebook.com\\\/persolog.persoenlichkeitsentwicklung\\\/?locale=de_DE\",\"https:\\\/\\\/de.linkedin.com\\\/company\\\/persolog-gmbh\",\"https:\\\/\\\/www.instagram.com\\\/persolog_\\\/\"]}]}<\/script>\n<!-- \/ Yoast SEO Premium plugin. -->","yoast_head_json":{"title":"Seminare - persolog Homepage","robots":{"index":"index","follow":"follow","max-snippet":"max-snippet:-1","max-image-preview":"max-image-preview:large","max-video-preview":"max-video-preview:-1"},"canonical":"https:\/\/persolog.com\/de\/seminare\/","og_locale":"de_DE","og_type":"article","og_title":"Seminars","og_description":"For your further education persolog Seminars and Certifications We offer a diverse range of programs that enhance personal and professional development, from leadership and communication to team building and conflict resolution. At a Glance: Our persolog\u00ae Certifications Our certifications provide individuals with a globally recognized validation of their expertise in areas such as personality assessment [&hellip;]","og_url":"https:\/\/persolog.com\/de\/seminare\/","og_site_name":"persolog Homepage","article_publisher":"https:\/\/www.facebook.com\/persolog.persoenlichkeitsentwicklung\/?locale=de_DE","article_modified_time":"2024-09-09T12:27:52+00:00","og_image":[{"url":"https:\/\/persolog.com\/wp-content\/uploads\/2023\/06\/Shop_Header_Trainer-werden_1920x1920-1536x565.jpg","type":"","width":"","height":""}],"twitter_card":"summary_large_image","twitter_misc":{"Gesch\u00e4tzte Lesezeit":"2\u00a0Minuten"},"schema":{"@context":"https:\/\/schema.org","@graph":[{"@type":"WebPage","@id":"https:\/\/persolog.com\/seminars\/","url":"https:\/\/persolog.com\/seminars\/","name":"Seminare - persolog Homepage","isPartOf":{"@id":"https:\/\/persolog.com\/#website"},"primaryImageOfPage":{"@id":"https:\/\/persolog.com\/seminars\/#primaryimage"},"image":{"@id":"https:\/\/persolog.com\/seminars\/#primaryimage"},"thumbnailUrl":"https:\/\/persolog.com\/wp-content\/uploads\/2023\/06\/Shop_Header_Trainer-werden_1920x1920-1536x565.jpg","datePublished":"2023-05-31T08:09:46+00:00","dateModified":"2024-09-09T12:27:52+00:00","breadcrumb":{"@id":"https:\/\/persolog.com\/seminars\/#breadcrumb"},"inLanguage":"de","potentialAction":[{"@type":"ReadAction","target":["https:\/\/persolog.com\/seminars\/"]}]},{"@type":"ImageObject","inLanguage":"de","@id":"https:\/\/persolog.com\/seminars\/#primaryimage","url":"https:\/\/persolog.com\/wp-content\/uploads\/2023\/06\/Shop_Header_Trainer-werden_1920x1920-1536x565.jpg","contentUrl":"https:\/\/persolog.com\/wp-content\/uploads\/2023\/06\/Shop_Header_Trainer-werden_1920x1920-1536x565.jpg"},{"@type":"BreadcrumbList","@id":"https:\/\/persolog.com\/seminars\/#breadcrumb","itemListElement":[{"@type":"ListItem","position":1,"name":"Startseite","item":"https:\/\/persolog.com\/"},{"@type":"ListItem","position":2,"name":"Seminars"}]},{"@type":"WebSite","@id":"https:\/\/persolog.com\/#website","url":"https:\/\/persolog.com\/","name":"persolog\u00ae Startseite","description":"Organisationen durch Menschen entwickeln","publisher":{"@id":"https:\/\/persolog.com\/#organization"},"potentialAction":[{"@type":"SearchAction","target":{"@type":"EntryPoint","urlTemplate":"https:\/\/persolog.com\/?s={search_term_string}"},"query-input":{"@type":"PropertyValueSpecification","valueRequired":true,"valueName":"search_term_string"}}],"inLanguage":"de"},{"@type":"Organization","@id":"https:\/\/persolog.com\/#organization","name":"persolog\u00ae GmbH","url":"https:\/\/persolog.com\/","logo":{"@type":"ImageObject","inLanguage":"de","@id":"https:\/\/persolog.com\/#\/schema\/logo\/image\/","url":"https:\/\/persolog.com\/wp-content\/uploads\/2023\/05\/persolog-logo-refreshed.svg","contentUrl":"https:\/\/persolog.com\/wp-content\/uploads\/2023\/05\/persolog-logo-refreshed.svg","width":150,"height":36,"caption":"persolog\u00ae GmbH"},"image":{"@id":"https:\/\/persolog.com\/#\/schema\/logo\/image\/"},"sameAs":["https:\/\/www.facebook.com\/persolog.persoenlichkeitsentwicklung\/?locale=de_DE","https:\/\/de.linkedin.com\/company\/persolog-gmbh","https:\/\/www.instagram.com\/persolog_\/"]}]}},"_links":{"self":[{"href":"https:\/\/persolog.com\/de\/wp-json\/wp\/v2\/pages\/1669","targetHints":{"allow":["GET"]}}],"collection":[{"href":"https:\/\/persolog.com\/de\/wp-json\/wp\/v2\/pages"}],"about":[{"href":"https:\/\/persolog.com\/de\/wp-json\/wp\/v2\/types\/page"}],"author":[{"embeddable":true,"href":"https:\/\/persolog.com\/de\/wp-json\/wp\/v2\/users\/2"}],"replies":[{"embeddable":true,"href":"https:\/\/persolog.com\/de\/wp-json\/wp\/v2\/comments?post=1669"}],"version-history":[{"count":138,"href":"https:\/\/persolog.com\/de\/wp-json\/wp\/v2\/pages\/1669\/revisions"}],"predecessor-version":[{"id":28683,"href":"https:\/\/persolog.com\/de\/wp-json\/wp\/v2\/pages\/1669\/revisions\/28683"}],"wp:attachment":[{"href":"https:\/\/persolog.com\/de\/wp-json\/wp\/v2\/media?parent=1669"}],"curies":[{"name":"wp","href":"https:\/\/api.w.org\/{rel}","templated":true}]}}