{"id":22190,"date":"2024-01-10T09:55:52","date_gmt":"2024-01-10T08:55:52","guid":{"rendered":"https:\/\/persolog.com\/?page_id=22190"},"modified":"2024-01-10T13:07:02","modified_gmt":"2024-01-10T12:07:02","slug":"language","status":"publish","type":"page","link":"https:\/\/persolog.com\/fr\/language\/","title":{"rendered":"langue"},"content":{"rendered":"<div data-elementor-type=\"wp-page\" data-elementor-id=\"22190\" class=\"elementor elementor-22190\" data-elementor-post-type=\"page\">\n\t\t\t\t<div class=\"elementor-element elementor-element-4514e82 e-flex e-con-boxed e-con e-parent\" data-id=\"4514e82\" data-element_type=\"container\" data-e-type=\"container\" data-settings=\"{&quot;jet_parallax_layout_list&quot;:[]}\">\n\t\t\t\t\t<div class=\"e-con-inner\">\n\t\t\t\t<div class=\"elementor-element elementor-element-2736015 elementor-widget elementor-widget-spacer\" data-id=\"2736015\" data-element_type=\"widget\" data-e-type=\"widget\" data-widget_type=\"spacer.default\">\n\t\t\t\t<div class=\"elementor-widget-container\">\n\t\t\t\t\t\t\t<div class=\"elementor-spacer\">\n\t\t\t<div class=\"elementor-spacer-inner\"><\/div>\n\t\t<\/div>\n\t\t\t\t\t\t<\/div>\n\t\t\t\t<\/div>\n\t\t\t\t\t<\/div>\n\t\t\t\t<\/div>\n\t\t<div class=\"elementor-element elementor-element-3d763cc e-flex e-con-boxed e-con e-parent\" data-id=\"3d763cc\" data-element_type=\"container\" data-e-type=\"container\" data-settings=\"{&quot;jet_parallax_layout_list&quot;:[]}\">\n\t\t\t\t\t<div class=\"e-con-inner\">\n\t\t<div class=\"elementor-element elementor-element-5fb8eb1 e-con-full e-flex e-con e-child\" data-id=\"5fb8eb1\" data-element_type=\"container\" data-e-type=\"container\" data-settings=\"{&quot;jet_parallax_layout_list&quot;:[]}\">\n\t\t\t\t<div class=\"elementor-element elementor-element-c27729d uael-heading-align-left elementor-widget elementor-widget-uael-advanced-heading\" data-id=\"c27729d\" data-element_type=\"widget\" data-e-type=\"widget\" data-widget_type=\"uael-advanced-heading.default\">\n\t\t\t\t<div class=\"elementor-widget-container\">\n\t\t\t\t\t\n\t\t<div class=\"uael-module-content uael-heading-wrapper\">\n\t\t\t\t\t\t\t\t\t\t<div class=\"uael-sub-heading elementor-inline-editing\" data-elementor-setting-key=\"sub_heading\" data-elementor-inline-editing-toolbar=\"advanced\" >S\u00e9lectionnez votre langue<\/div>\n\t\t\t\n\t\t\t<h2 class=\"uael-heading\">\n\t\t\t\t\t\t\t\t\t\t<span class=\"uael-heading-text elementor-inline-editing uael-size--default\" data-elementor-setting-key=\"heading_title\" data-elementor-inline-editing-toolbar=\"basic\">D\u00e9couvrez le monde de la persologie<\/span>\n\t\t\t\t\t\t\t<\/h2>\n\n\t\t\t\n\t\t\t\n\t\t\t\n\t\t\t\t\t\t<\/div>\n\t\t\t\t\t\t<\/div>\n\t\t\t\t<\/div>\n\t\t\t\t<div class=\"elementor-element elementor-element-8800cbb elementor-widget elementor-widget-text-editor\" data-id=\"8800cbb\" data-element_type=\"widget\" data-e-type=\"widget\" data-widget_type=\"text-editor.default\">\n\t\t\t\t<div class=\"elementor-widget-container\">\n\t\t\t\t\t\t\t\t\t<p>Nous sommes pr\u00e9sents dans le monde entier. Choisissez votre langue pr\u00e9f\u00e9r\u00e9e pour en savoir plus sur persolog en Allemagne et dans votre r\u00e9gion.<\/p>\t\t\t\t\t\t\t\t<\/div>\n\t\t\t\t<\/div>\n\t\t\t\t<\/div>\n\t\t<div class=\"elementor-element elementor-element-5d1ac27 e-con-full e-flex e-con e-child\" data-id=\"5d1ac27\" data-element_type=\"container\" data-e-type=\"container\" data-settings=\"{&quot;background_background&quot;:&quot;classic&quot;,&quot;jet_parallax_layout_list&quot;:[]}\">\n\t\t\t\t<div class=\"elementor-element elementor-element-adda768 elementor-widget elementor-widget-text-editor\" data-id=\"adda768\" data-element_type=\"widget\" data-e-type=\"widget\" data-widget_type=\"text-editor.default\">\n\t\t\t\t<div class=\"elementor-widget-container\">\n\t\t\t\t\t\t\t\t\t<p><span style=\"text-decoration: underline;\"><strong><a href=\"https:\/\/persolog.com\/fr\/\">Anglais<\/a><\/strong><\/span><\/p><p><span style=\"text-decoration: underline;\"><a href=\"https:\/\/persolog.com\/de\/\"><strong>Allemand<\/strong><\/a><\/span><\/p><p><span style=\"text-decoration: underline;\"><a href=\"https:\/\/persolog.com\/fr\"><strong>Fran\u00e7ais\u00a0<\/strong><\/a><\/span><\/p><p><span style=\"text-decoration: underline;\"><a href=\"https:\/\/persolog.com\/hr\"><strong>Croate<\/strong><\/a><\/span><\/p><p><span style=\"text-decoration: underline;\"><a href=\"https:\/\/persolog.com\/da\/\"><strong>Danois<\/strong><\/a><\/span><\/p><p><span style=\"text-decoration: underline;\"><a href=\"https:\/\/persolog.com\/nl\/\"><strong>N\u00e9erlandais<\/strong><\/a><\/span><\/p><p><span style=\"text-decoration: underline;\"><a href=\"https:\/\/persolog.com\/hu\/\"><strong>Hongrois\u00a0<\/strong><\/a><\/span><\/p>\t\t\t\t\t\t\t\t<\/div>\n\t\t\t\t<\/div>\n\t\t\t\t<div class=\"elementor-element elementor-element-7d71fcf elementor-widget elementor-widget-text-editor\" data-id=\"7d71fcf\" data-element_type=\"widget\" data-e-type=\"widget\" data-widget_type=\"text-editor.default\">\n\t\t\t\t<div class=\"elementor-widget-container\">\n\t\t\t\t\t\t\t\t\t<p><strong><span style=\"text-decoration: underline;\"><a href=\"https:\/\/persolog.com\/it\/\">Italien<\/a><\/span><\/strong><\/p><p><strong><span style=\"text-decoration: underline;\"><a href=\"https:\/\/persolog.com\/no\/\">Norv\u00e9gien<\/a><\/span><\/strong><\/p><p><strong><span style=\"text-decoration: underline;\"><a href=\"https:\/\/persolog.com\/pl\/\">Polonais<\/a><\/span><\/strong><\/p><p><strong><span style=\"text-decoration: underline;\"><a href=\"https:\/\/persolog.com\/ro\/\">Roumain<\/a><\/span><\/strong><\/p><p><strong><span style=\"text-decoration: underline;\"><a href=\"https:\/\/persolog.com\/sr\/\">Serbe<\/a><\/span><\/strong><\/p><p><strong><span style=\"text-decoration: underline;\"><a href=\"https:\/\/persolog.com\/sl\/\">Slov\u00e8ne<\/a><\/span><\/strong><\/p>\t\t\t\t\t\t\t\t<\/div>\n\t\t\t\t<\/div>\n\t\t\t\t<\/div>\n\t\t\t\t\t<\/div>\n\t\t\t\t<\/div>\n\t\t<div class=\"elementor-element elementor-element-75bda28 e-flex e-con-boxed e-con e-parent\" data-id=\"75bda28\" data-element_type=\"container\" data-e-type=\"container\" data-settings=\"{&quot;jet_parallax_layout_list&quot;:[]}\">\n\t\t\t\t\t<div class=\"e-con-inner\">\n\t\t\t\t<div class=\"elementor-element elementor-element-e4d5d21 elementor-widget elementor-widget-spacer\" data-id=\"e4d5d21\" data-element_type=\"widget\" data-e-type=\"widget\" data-widget_type=\"spacer.default\">\n\t\t\t\t<div class=\"elementor-widget-container\">\n\t\t\t\t\t\t\t<div class=\"elementor-spacer\">\n\t\t\t<div class=\"elementor-spacer-inner\"><\/div>\n\t\t<\/div>\n\t\t\t\t\t\t<\/div>\n\t\t\t\t<\/div>\n\t\t\t\t<div class=\"elementor-element elementor-element-a72fa2e elementor-widget elementor-widget-text-editor\" data-id=\"a72fa2e\" data-element_type=\"widget\" data-e-type=\"widget\" data-widget_type=\"text-editor.default\">\n\t\t\t\t<div class=\"elementor-widget-container\">\n\t\t\t\t\t\t\t\t\t<p><em><strong>\"Notre mission est d'inciter les gens \u00e0 reconna\u00eetre leur potentiel et \u00e0 le d\u00e9velopper efficacement dans leur environnement.<\/strong><\/em><\/p>\t\t\t\t\t\t\t\t<\/div>\n\t\t\t\t<\/div>\n\t\t\t\t\t<\/div>\n\t\t\t\t<\/div>\n\t\t<div class=\"elementor-element elementor-element-fabbb87 e-flex e-con-boxed e-con e-parent\" data-id=\"fabbb87\" data-element_type=\"container\" data-e-type=\"container\" data-settings=\"{&quot;jet_parallax_layout_list&quot;:[]}\">\n\t\t\t\t\t<div class=\"e-con-inner\">\n\t\t\t\t<div class=\"elementor-element elementor-element-0ceb813 elementor-widget elementor-widget-heading\" data-id=\"0ceb813\" data-element_type=\"widget\" data-e-type=\"widget\" data-widget_type=\"heading.default\">\n\t\t\t\t<div class=\"elementor-widget-container\">\n\t\t\t\t\t<h4 class=\"elementor-heading-title elementor-size-medium\">Plus de 13 000 formateurs dans le monde et de nombreuses entreprises renomm\u00e9es collaborent avec nous.<\/h4>\t\t\t\t<\/div>\n\t\t\t\t<\/div>\n\t\t\t\t<div class=\"elementor-element elementor-element-6dd26bb elementor-widget elementor-widget-image\" data-id=\"6dd26bb\" data-element_type=\"widget\" data-e-type=\"widget\" data-widget_type=\"image.default\">\n\t\t\t\t<div class=\"elementor-widget-container\">\n\t\t\t\t\t\t\t\t\t\t\t\t\t\t\t\t<a href=\"https:\/\/persolog.com\/wp-content\/uploads\/2023\/06\/Kooperationspartner_LP.png\" data-elementor-open-lightbox=\"yes\" data-elementor-lightbox-title=\"persolog_kooperationspartner\" data-e-action-hash=\"#elementor-action%3Aaction%3Dlightbox%26settings%3DeyJpZCI6MzI4OCwidXJsIjoiaHR0cHM6XC9cL3BlcnNvbG9nLmNvbVwvd3AtY29udGVudFwvdXBsb2Fkc1wvMjAyM1wvMDZcL0tvb3BlcmF0aW9uc3BhcnRuZXJfTFAucG5nIn0%3D\">\n\t\t\t\t\t\t\t<img fetchpriority=\"high\" decoding=\"async\" width=\"9129\" height=\"688\" src=\"https:\/\/persolog.com\/wp-content\/uploads\/2023\/06\/Kooperationspartner_LP.png\" class=\"attachment-full size-full wp-image-3288\" alt=\"kooperationspartner von persolog\" srcset=\"https:\/\/persolog.com\/wp-content\/uploads\/2023\/06\/Kooperationspartner_LP.png 9129w, https:\/\/persolog.com\/wp-content\/uploads\/2023\/06\/Kooperationspartner_LP-300x23.png 300w, https:\/\/persolog.com\/wp-content\/uploads\/2023\/06\/Kooperationspartner_LP-1024x77.png 1024w, https:\/\/persolog.com\/wp-content\/uploads\/2023\/06\/Kooperationspartner_LP-768x58.png 768w, https:\/\/persolog.com\/wp-content\/uploads\/2023\/06\/Kooperationspartner_LP-1536x116.png 1536w, https:\/\/persolog.com\/wp-content\/uploads\/2023\/06\/Kooperationspartner_LP-2048x154.png 2048w, https:\/\/persolog.com\/wp-content\/uploads\/2023\/06\/Kooperationspartner_LP-18x1.png 18w\" sizes=\"(max-width: 9129px) 100vw, 9129px\" \/>\t\t\t\t\t\t\t\t<\/a>\n\t\t\t\t\t\t\t\t\t\t\t\t\t\t\t<\/div>\n\t\t\t\t<\/div>\n\t\t\t\t<div class=\"elementor-element elementor-element-84043a9 elementor-widget elementor-widget-spacer\" data-id=\"84043a9\" data-element_type=\"widget\" data-e-type=\"widget\" data-widget_type=\"spacer.default\">\n\t\t\t\t<div class=\"elementor-widget-container\">\n\t\t\t\t\t\t\t<div class=\"elementor-spacer\">\n\t\t\t<div class=\"elementor-spacer-inner\"><\/div>\n\t\t<\/div>\n\t\t\t\t\t\t<\/div>\n\t\t\t\t<\/div>\n\t\t\t\t\t<\/div>\n\t\t\t\t<\/div>\n\t\t\t\t<\/div>","protected":false},"excerpt":{"rendered":"<p>Select your language Discover the world of persolog We are globally present. Choose your preferred language now to discover more about persolog in Germany and in your local area. English German French\u00a0 Croatian Danish Dutch Hungarian\u00a0 Italian Norwegian Polish Romanian Serbian Slovenian &#8220;Our mission is to inspire people to recognize their potential and develop it [&hellip;]<\/p>\n","protected":false},"author":4,"featured_media":0,"parent":0,"menu_order":0,"comment_status":"closed","ping_status":"closed","template":"","meta":{"_acf_changed":false,"site-sidebar-layout":"no-sidebar","site-content-layout":"page-builder","ast-site-content-layout":"full-width-container","site-content-style":"default","site-sidebar-style":"default","ast-global-header-display":"","ast-banner-title-visibility":"","ast-main-header-display":"","ast-hfb-above-header-display":"","ast-hfb-below-header-display":"","ast-hfb-mobile-header-display":"","site-post-title":"disabled","ast-breadcrumbs-content":"","ast-featured-img":"disabled","footer-sml-layout":"","ast-disable-related-posts":"","theme-transparent-header-meta":"","adv-header-id-meta":"","stick-header-meta":"","header-above-stick-meta":"","header-main-stick-meta":"","header-below-stick-meta":"","astra-migrate-meta-layouts":"set","ast-page-background-enabled":"default","ast-page-background-meta":{"desktop":{"background-color":"var(--ast-global-color-4)","background-image":"","background-repeat":"repeat","background-position":"center center","background-size":"auto","background-attachment":"scroll","background-type":"","background-media":"","overlay-type":"","overlay-color":"","overlay-opacity":"","overlay-gradient":""},"tablet":{"background-color":"","background-image":"","background-repeat":"repeat","background-position":"center center","background-size":"auto","background-attachment":"scroll","background-type":"","background-media":"","overlay-type":"","overlay-color":"","overlay-opacity":"","overlay-gradient":""},"mobile":{"background-color":"","background-image":"","background-repeat":"repeat","background-position":"center center","background-size":"auto","background-attachment":"scroll","background-type":"","background-media":"","overlay-type":"","overlay-color":"","overlay-opacity":"","overlay-gradient":""}},"ast-content-background-meta":{"desktop":{"background-color":"var(--ast-global-color-5)","background-image":"","background-repeat":"repeat","background-position":"center center","background-size":"auto","background-attachment":"scroll","background-type":"","background-media":"","overlay-type":"","overlay-color":"","overlay-opacity":"","overlay-gradient":""},"tablet":{"background-color":"var(--ast-global-color-5)","background-image":"","background-repeat":"repeat","background-position":"center center","background-size":"auto","background-attachment":"scroll","background-type":"","background-media":"","overlay-type":"","overlay-color":"","overlay-opacity":"","overlay-gradient":""},"mobile":{"background-color":"var(--ast-global-color-5)","background-image":"","background-repeat":"repeat","background-position":"center center","background-size":"auto","background-attachment":"scroll","background-type":"","background-media":"","overlay-type":"","overlay-color":"","overlay-opacity":"","overlay-gradient":""}},"footnotes":""},"class_list":["post-22190","page","type-page","status-publish","hentry"],"acf":[],"yoast_head":"<!-- This site is optimized with the Yoast SEO Premium plugin v27.3 (Yoast SEO v27.5) - https:\/\/yoast.com\/product\/yoast-seo-premium-wordpress\/ -->\n<title>language - persolog Homepage<\/title>\n<meta name=\"robots\" content=\"index, follow, max-snippet:-1, max-image-preview:large, max-video-preview:-1\" \/>\n<link rel=\"canonical\" href=\"https:\/\/persolog.com\/fr\/language\/\" \/>\n<meta property=\"og:locale\" content=\"fr_FR\" \/>\n<meta property=\"og:type\" content=\"article\" \/>\n<meta property=\"og:title\" content=\"language\" \/>\n<meta property=\"og:description\" content=\"Select your language Discover the world of persolog We are globally present. Choose your preferred language now to discover more about persolog in Germany and in your local area. English German French\u00a0 Croatian Danish Dutch Hungarian\u00a0 Italian Norwegian Polish Romanian Serbian Slovenian &#8220;Our mission is to inspire people to recognize their potential and develop it [&hellip;]\" \/>\n<meta property=\"og:url\" content=\"https:\/\/persolog.com\/fr\/language\/\" \/>\n<meta property=\"og:site_name\" content=\"persolog Homepage\" \/>\n<meta property=\"article:publisher\" content=\"https:\/\/www.facebook.com\/persolog.persoenlichkeitsentwicklung\/?locale=de_DE\" \/>\n<meta property=\"article:modified_time\" content=\"2024-01-10T12:07:02+00:00\" \/>\n<meta property=\"og:image\" content=\"https:\/\/persolog.com\/wp-content\/uploads\/2023\/06\/Kooperationspartner_LP.png\" \/>\n<meta name=\"twitter:card\" content=\"summary_large_image\" \/>\n<meta name=\"twitter:label1\" content=\"Dur\u00e9e de lecture estim\u00e9e\" \/>\n\t<meta name=\"twitter:data1\" content=\"1 minute\" \/>\n<script type=\"application\/ld+json\" class=\"yoast-schema-graph\">{\"@context\":\"https:\\\/\\\/schema.org\",\"@graph\":[{\"@type\":\"WebPage\",\"@id\":\"https:\\\/\\\/persolog.com\\\/language\\\/\",\"url\":\"https:\\\/\\\/persolog.com\\\/language\\\/\",\"name\":\"language - persolog Homepage\",\"isPartOf\":{\"@id\":\"https:\\\/\\\/persolog.com\\\/#website\"},\"primaryImageOfPage\":{\"@id\":\"https:\\\/\\\/persolog.com\\\/language\\\/#primaryimage\"},\"image\":{\"@id\":\"https:\\\/\\\/persolog.com\\\/language\\\/#primaryimage\"},\"thumbnailUrl\":\"https:\\\/\\\/persolog.com\\\/wp-content\\\/uploads\\\/2023\\\/06\\\/Kooperationspartner_LP.png\",\"datePublished\":\"2024-01-10T08:55:52+00:00\",\"dateModified\":\"2024-01-10T12:07:02+00:00\",\"breadcrumb\":{\"@id\":\"https:\\\/\\\/persolog.com\\\/language\\\/#breadcrumb\"},\"inLanguage\":\"fr-FR\",\"potentialAction\":[{\"@type\":\"ReadAction\",\"target\":[\"https:\\\/\\\/persolog.com\\\/language\\\/\"]}]},{\"@type\":\"ImageObject\",\"inLanguage\":\"fr-FR\",\"@id\":\"https:\\\/\\\/persolog.com\\\/language\\\/#primaryimage\",\"url\":\"https:\\\/\\\/persolog.com\\\/wp-content\\\/uploads\\\/2023\\\/06\\\/Kooperationspartner_LP.png\",\"contentUrl\":\"https:\\\/\\\/persolog.com\\\/wp-content\\\/uploads\\\/2023\\\/06\\\/Kooperationspartner_LP.png\"},{\"@type\":\"BreadcrumbList\",\"@id\":\"https:\\\/\\\/persolog.com\\\/language\\\/#breadcrumb\",\"itemListElement\":[{\"@type\":\"ListItem\",\"position\":1,\"name\":\"Startseite\",\"item\":\"https:\\\/\\\/persolog.com\\\/\"},{\"@type\":\"ListItem\",\"position\":2,\"name\":\"language\"}]},{\"@type\":\"WebSite\",\"@id\":\"https:\\\/\\\/persolog.com\\\/#website\",\"url\":\"https:\\\/\\\/persolog.com\\\/\",\"name\":\"persolog\u00ae Homepage\",\"description\":\"Develop organizations through people\",\"publisher\":{\"@id\":\"https:\\\/\\\/persolog.com\\\/#organization\"},\"potentialAction\":[{\"@type\":\"SearchAction\",\"target\":{\"@type\":\"EntryPoint\",\"urlTemplate\":\"https:\\\/\\\/persolog.com\\\/?s={search_term_string}\"},\"query-input\":{\"@type\":\"PropertyValueSpecification\",\"valueRequired\":true,\"valueName\":\"search_term_string\"}}],\"inLanguage\":\"fr-FR\"},{\"@type\":\"Organization\",\"@id\":\"https:\\\/\\\/persolog.com\\\/#organization\",\"name\":\"persolog\u00ae GmbH\",\"url\":\"https:\\\/\\\/persolog.com\\\/\",\"logo\":{\"@type\":\"ImageObject\",\"inLanguage\":\"fr-FR\",\"@id\":\"https:\\\/\\\/persolog.com\\\/#\\\/schema\\\/logo\\\/image\\\/\",\"url\":\"https:\\\/\\\/persolog.com\\\/wp-content\\\/uploads\\\/2023\\\/05\\\/persolog-logo-refreshed.svg\",\"contentUrl\":\"https:\\\/\\\/persolog.com\\\/wp-content\\\/uploads\\\/2023\\\/05\\\/persolog-logo-refreshed.svg\",\"width\":150,\"height\":36,\"caption\":\"persolog\u00ae GmbH\"},\"image\":{\"@id\":\"https:\\\/\\\/persolog.com\\\/#\\\/schema\\\/logo\\\/image\\\/\"},\"sameAs\":[\"https:\\\/\\\/www.facebook.com\\\/persolog.persoenlichkeitsentwicklung\\\/?locale=de_DE\",\"https:\\\/\\\/de.linkedin.com\\\/company\\\/persolog-gmbh\",\"https:\\\/\\\/www.instagram.com\\\/persolog_\\\/\"]}]}<\/script>\n<!-- \/ Yoast SEO Premium plugin. -->","yoast_head_json":{"title":"langue - persolog Homepage","robots":{"index":"index","follow":"follow","max-snippet":"max-snippet:-1","max-image-preview":"max-image-preview:large","max-video-preview":"max-video-preview:-1"},"canonical":"https:\/\/persolog.com\/fr\/language\/","og_locale":"fr_FR","og_type":"article","og_title":"language","og_description":"Select your language Discover the world of persolog We are globally present. Choose your preferred language now to discover more about persolog in Germany and in your local area. English German French\u00a0 Croatian Danish Dutch Hungarian\u00a0 Italian Norwegian Polish Romanian Serbian Slovenian &#8220;Our mission is to inspire people to recognize their potential and develop it [&hellip;]","og_url":"https:\/\/persolog.com\/fr\/language\/","og_site_name":"persolog Homepage","article_publisher":"https:\/\/www.facebook.com\/persolog.persoenlichkeitsentwicklung\/?locale=de_DE","article_modified_time":"2024-01-10T12:07:02+00:00","og_image":[{"url":"https:\/\/persolog.com\/wp-content\/uploads\/2023\/06\/Kooperationspartner_LP.png","type":"","width":"","height":""}],"twitter_card":"summary_large_image","twitter_misc":{"Dur\u00e9e de lecture estim\u00e9e":"1 minute"},"schema":{"@context":"https:\/\/schema.org","@graph":[{"@type":"WebPage","@id":"https:\/\/persolog.com\/language\/","url":"https:\/\/persolog.com\/language\/","name":"langue - persolog Homepage","isPartOf":{"@id":"https:\/\/persolog.com\/#website"},"primaryImageOfPage":{"@id":"https:\/\/persolog.com\/language\/#primaryimage"},"image":{"@id":"https:\/\/persolog.com\/language\/#primaryimage"},"thumbnailUrl":"https:\/\/persolog.com\/wp-content\/uploads\/2023\/06\/Kooperationspartner_LP.png","datePublished":"2024-01-10T08:55:52+00:00","dateModified":"2024-01-10T12:07:02+00:00","breadcrumb":{"@id":"https:\/\/persolog.com\/language\/#breadcrumb"},"inLanguage":"fr-FR","potentialAction":[{"@type":"ReadAction","target":["https:\/\/persolog.com\/language\/"]}]},{"@type":"ImageObject","inLanguage":"fr-FR","@id":"https:\/\/persolog.com\/language\/#primaryimage","url":"https:\/\/persolog.com\/wp-content\/uploads\/2023\/06\/Kooperationspartner_LP.png","contentUrl":"https:\/\/persolog.com\/wp-content\/uploads\/2023\/06\/Kooperationspartner_LP.png"},{"@type":"BreadcrumbList","@id":"https:\/\/persolog.com\/language\/#breadcrumb","itemListElement":[{"@type":"ListItem","position":1,"name":"Startseite","item":"https:\/\/persolog.com\/"},{"@type":"ListItem","position":2,"name":"language"}]},{"@type":"WebSite","@id":"https:\/\/persolog.com\/#website","url":"https:\/\/persolog.com\/","name":"persolog\u00ae Homepage","description":"D\u00e9velopper les organisations gr\u00e2ce aux personnes","publisher":{"@id":"https:\/\/persolog.com\/#organization"},"potentialAction":[{"@type":"SearchAction","target":{"@type":"EntryPoint","urlTemplate":"https:\/\/persolog.com\/?s={search_term_string}"},"query-input":{"@type":"PropertyValueSpecification","valueRequired":true,"valueName":"search_term_string"}}],"inLanguage":"fr-FR"},{"@type":"Organization","@id":"https:\/\/persolog.com\/#organization","name":"persolog\u00ae GmbH","url":"https:\/\/persolog.com\/","logo":{"@type":"ImageObject","inLanguage":"fr-FR","@id":"https:\/\/persolog.com\/#\/schema\/logo\/image\/","url":"https:\/\/persolog.com\/wp-content\/uploads\/2023\/05\/persolog-logo-refreshed.svg","contentUrl":"https:\/\/persolog.com\/wp-content\/uploads\/2023\/05\/persolog-logo-refreshed.svg","width":150,"height":36,"caption":"persolog\u00ae GmbH"},"image":{"@id":"https:\/\/persolog.com\/#\/schema\/logo\/image\/"},"sameAs":["https:\/\/www.facebook.com\/persolog.persoenlichkeitsentwicklung\/?locale=de_DE","https:\/\/de.linkedin.com\/company\/persolog-gmbh","https:\/\/www.instagram.com\/persolog_\/"]}]}},"_links":{"self":[{"href":"https:\/\/persolog.com\/fr\/wp-json\/wp\/v2\/pages\/22190","targetHints":{"allow":["GET"]}}],"collection":[{"href":"https:\/\/persolog.com\/fr\/wp-json\/wp\/v2\/pages"}],"about":[{"href":"https:\/\/persolog.com\/fr\/wp-json\/wp\/v2\/types\/page"}],"author":[{"embeddable":true,"href":"https:\/\/persolog.com\/fr\/wp-json\/wp\/v2\/users\/4"}],"replies":[{"embeddable":true,"href":"https:\/\/persolog.com\/fr\/wp-json\/wp\/v2\/comments?post=22190"}],"version-history":[{"count":38,"href":"https:\/\/persolog.com\/fr\/wp-json\/wp\/v2\/pages\/22190\/revisions"}],"predecessor-version":[{"id":22244,"href":"https:\/\/persolog.com\/fr\/wp-json\/wp\/v2\/pages\/22190\/revisions\/22244"}],"wp:attachment":[{"href":"https:\/\/persolog.com\/fr\/wp-json\/wp\/v2\/media?parent=22190"}],"curies":[{"name":"wp","href":"https:\/\/api.w.org\/{rel}","templated":true}]}}