{"id":31077,"date":"2025-07-02T10:53:37","date_gmt":"2025-07-02T08:53:37","guid":{"rendered":"https:\/\/persolog.com\/?page_id=31077"},"modified":"2026-03-23T13:02:49","modified_gmt":"2026-03-23T12:02:49","slug":"accessibility","status":"publish","type":"page","link":"https:\/\/persolog.com\/fr\/accessibility\/","title":{"rendered":"Accessibilit\u00e9"},"content":{"rendered":"<div data-elementor-type=\"wp-page\" data-elementor-id=\"31077\" class=\"elementor elementor-31077\" data-elementor-post-type=\"page\">\n\t\t\t\t<div class=\"elementor-element elementor-element-1fb36d9 e-flex e-con-boxed e-con e-parent\" data-id=\"1fb36d9\" data-element_type=\"container\" data-e-type=\"container\" data-settings=\"{&quot;jet_parallax_layout_list&quot;:[]}\">\n\t\t\t\t\t<div class=\"e-con-inner\">\n\t\t\t\t<div class=\"elementor-element elementor-element-4bbcfc0 elementor-widget elementor-widget-html\" data-id=\"4bbcfc0\" data-element_type=\"widget\" data-e-type=\"widget\" data-widget_type=\"html.default\">\n\t\t\t\t<div class=\"elementor-widget-container\">\n\t\t\t\t\t<section aria-labelledby=\"accessibility-heading\">\n  <h1 id=\"accessibility-heading\">D\u00e9claration d'accessibilit\u00e9<\/h1>\n  <p>\n  <p><strong>Statut :<\/strong> Juillet 2025<\/p>\n\n  <p class=\"translation-block\">persolog GmbH s'engage \u00e0 rendre ses sites web et ses plateformes aussi accessibles que possible, conform\u00e9ment aux exigences de la directive (UE) 2016\/2102 relative \u00e0 l'accessibilit\u00e9 des sites web et des applications mobiles des organismes du secteur public, ainsi qu'\u00e0 l'Acte europ\u00e9en sur l'accessibilit\u00e9 (AEA).<br>\r\n    Notre objectif est de cr\u00e9er un environnement num\u00e9rique accessible et utilisable par tous les utilisateurs, quelles que soient leurs limitations potentielles.<\/p>\n\n  <h2>1. Champ d'application<\/h2>\n  <p>Cette d\u00e9claration s'applique aux sites web et plateformes suivants :<\/p>\n  <ul>\n    <li><strong>Boutique en ligne :<\/strong> <a href=\"https:\/\/shop.persolog.com\" target=\"_blank\" rel=\"noopener noreferrer\">shop.persolog.com<\/a><\/li>\n    <li><strong>Site web :<\/strong> <a href=\"https:\/\/persolog.com\/fr\/\" target=\"_blank\" rel=\"noopener noreferrer\">persolog.com<\/a><\/li>\n    <li><strong>Plate-forme en ligne :<\/strong> <a href=\"https:\/\/persolog.online\" target=\"_blank\" rel=\"noopener noreferrer\">persolog.online<\/a><\/li>\n  <\/ul>\n\n  <h2>2. \u00c9tat de conformit\u00e9<\/h2>\n  <p>\n    La pr\u00e9sence num\u00e9rique de persolog GmbH est continuellement am\u00e9lior\u00e9e pour r\u00e9pondre aux exigences de la norme EN 301 549 (norme europ\u00e9enne pour l'accessibilit\u00e9 num\u00e9rique) et des Web Content Accessibility Guidelines (WCAG) 2.1, niveau de conformit\u00e9 AA.\n  <\/p>\n\n  <h2>3. Mesures d'accessibilit\u00e9<\/h2>\n  <p>Pour garantir l'accessibilit\u00e9, nous mettons en \u0153uvre les mesures suivantes :<\/p>\n  <ul>\n    <li>Textes alternatifs pour les images, les diagrammes et le contenu non textuel<\/li>\n    <li>Accessibilit\u00e9 totale au clavier pour tous les \u00e9l\u00e9ments interactifs<\/li>\n    <li>Structure claire de la navigation et des rubriques<\/li>\n    <li>Contraste de couleurs suffisant pour une meilleure lisibilit\u00e9<\/li>\n    <li>Prise en charge des lecteurs d'\u00e9cran<\/li>\n    <li>PDF accessibles conform\u00e9ment \u00e0 la norme PDF\/UA<\/li>\n  <\/ul>\n\n  <h2>4. Probl\u00e8mes d'accessibilit\u00e9 connus<\/h2>\n  <p>Malgr\u00e9 nos efforts, il se peut que certains contenus ou fonctions ne soient pas encore totalement accessibles. Il s'agit notamment de<\/p>\n  <ul>\n    <li>Les couleurs par d\u00e9faut de la marque Persolog n'offrent pas toujours un contraste suffisant.<\/li>\n    <li>Certains documents PDF ne sont pas encore totalement accessibles<\/li>\n    <li>La fonction de recherche de produits dans notre boutique en ligne n'est pas encore utilisable par navigation au clavier.<\/li>\n  <\/ul>\n  <p>Nous travaillons en permanence \u00e0 l'\u00e9limination de ces obstacles et \u00e0 l'am\u00e9lioration de notre plateforme.<\/p>\n\n  <h2>5. Contact et retour d'information<\/h2>\n  <p>\n    Si vous remarquez des probl\u00e8mes d'accessibilit\u00e9 sur notre site web ou notre plateforme, ou si vous avez besoin d'aide, n'h\u00e9sitez pas \u00e0 nous contacter \u00e0 tout moment :\n  <\/p>\n  <p>\n    <strong>Courriel :<\/strong> <a href=\"mailto:support@persolog.com\">support@persolog.com<\/a>\n  <\/p>\n  <p>Nous appr\u00e9cions vos commentaires et nous nous effor\u00e7ons de r\u00e9pondre aux demandes dans un d\u00e9lai d'un jour ouvrable.<\/p>\n<\/section>\n\t\t\t\t<\/div>\n\t\t\t\t<\/div>\n\t\t\t\t\t<\/div>\n\t\t\t\t<\/div>\n\t\t\t\t<\/div>","protected":false},"excerpt":{"rendered":"<p>Accessibility Statement Status: July 2025 persolog GmbH is committed to making its websites and platforms as accessible as possible in accordance with the requirements of Directive (EU) 2016\/2102 on the accessibility of the websites and mobile applications of public sector bodies, as well as the European Accessibility Act (EAA). Our goal is to create a [&hellip;]<\/p>\n","protected":false},"author":4,"featured_media":0,"parent":0,"menu_order":0,"comment_status":"closed","ping_status":"closed","template":"","meta":{"_acf_changed":false,"site-sidebar-layout":"no-sidebar","site-content-layout":"page-builder","ast-site-content-layout":"full-width-container","site-content-style":"default","site-sidebar-style":"default","ast-global-header-display":"","ast-banner-title-visibility":"","ast-main-header-display":"","ast-hfb-above-header-display":"","ast-hfb-below-header-display":"","ast-hfb-mobile-header-display":"","site-post-title":"disabled","ast-breadcrumbs-content":"","ast-featured-img":"disabled","footer-sml-layout":"","ast-disable-related-posts":"","theme-transparent-header-meta":"","adv-header-id-meta":"","stick-header-meta":"","header-above-stick-meta":"","header-main-stick-meta":"","header-below-stick-meta":"","astra-migrate-meta-layouts":"set","ast-page-background-enabled":"default","ast-page-background-meta":{"desktop":{"background-color":"var(--ast-global-color-4)","background-image":"","background-repeat":"repeat","background-position":"center center","background-size":"auto","background-attachment":"scroll","background-type":"","background-media":"","overlay-type":"","overlay-color":"","overlay-opacity":"","overlay-gradient":""},"tablet":{"background-color":"","background-image":"","background-repeat":"repeat","background-position":"center center","background-size":"auto","background-attachment":"scroll","background-type":"","background-media":"","overlay-type":"","overlay-color":"","overlay-opacity":"","overlay-gradient":""},"mobile":{"background-color":"","background-image":"","background-repeat":"repeat","background-position":"center center","background-size":"auto","background-attachment":"scroll","background-type":"","background-media":"","overlay-type":"","overlay-color":"","overlay-opacity":"","overlay-gradient":""}},"ast-content-background-meta":{"desktop":{"background-color":"var(--ast-global-color-5)","background-image":"","background-repeat":"repeat","background-position":"center center","background-size":"auto","background-attachment":"scroll","background-type":"","background-media":"","overlay-type":"","overlay-color":"","overlay-opacity":"","overlay-gradient":""},"tablet":{"background-color":"var(--ast-global-color-5)","background-image":"","background-repeat":"repeat","background-position":"center center","background-size":"auto","background-attachment":"scroll","background-type":"","background-media":"","overlay-type":"","overlay-color":"","overlay-opacity":"","overlay-gradient":""},"mobile":{"background-color":"var(--ast-global-color-5)","background-image":"","background-repeat":"repeat","background-position":"center center","background-size":"auto","background-attachment":"scroll","background-type":"","background-media":"","overlay-type":"","overlay-color":"","overlay-opacity":"","overlay-gradient":""}},"footnotes":""},"class_list":["post-31077","page","type-page","status-publish","hentry"],"acf":[],"yoast_head":"<!-- This site is optimized with the Yoast SEO Premium plugin v27.3 (Yoast SEO v27.3) - https:\/\/yoast.com\/product\/yoast-seo-premium-wordpress\/ -->\n<title>Accessibility Statement - persolog Homepage<\/title>\n<meta name=\"description\" content=\"Accessibility at persolog: We strive to make our digital platforms usable and accessible for everyone, without limitations.\" \/>\n<meta name=\"robots\" content=\"index, follow, max-snippet:-1, max-image-preview:large, max-video-preview:-1\" \/>\n<link rel=\"canonical\" href=\"https:\/\/persolog.com\/fr\/accessibility\/\" \/>\n<meta property=\"og:locale\" content=\"fr_FR\" \/>\n<meta property=\"og:type\" content=\"article\" \/>\n<meta property=\"og:title\" content=\"Accessibility\" \/>\n<meta property=\"og:description\" content=\"Accessibility at persolog: We strive to make our digital platforms usable and accessible for everyone, without limitations.\" \/>\n<meta property=\"og:url\" content=\"https:\/\/persolog.com\/fr\/accessibility\/\" \/>\n<meta property=\"og:site_name\" content=\"persolog Homepage\" \/>\n<meta property=\"article:publisher\" content=\"https:\/\/www.facebook.com\/persolog.persoenlichkeitsentwicklung\/?locale=de_DE\" \/>\n<meta property=\"article:modified_time\" content=\"2026-03-23T12:02:49+00:00\" \/>\n<meta name=\"twitter:card\" content=\"summary_large_image\" \/>\n<meta name=\"twitter:label1\" content=\"Dur\u00e9e de lecture estim\u00e9e\" \/>\n\t<meta name=\"twitter:data1\" content=\"2 minutes\" \/>\n<script type=\"application\/ld+json\" class=\"yoast-schema-graph\">{\"@context\":\"https:\\\/\\\/schema.org\",\"@graph\":[{\"@type\":\"WebPage\",\"@id\":\"https:\\\/\\\/persolog.com\\\/accessibility\\\/\",\"url\":\"https:\\\/\\\/persolog.com\\\/accessibility\\\/\",\"name\":\"Accessibility Statement - persolog Homepage\",\"isPartOf\":{\"@id\":\"https:\\\/\\\/persolog.com\\\/#website\"},\"datePublished\":\"2025-07-02T08:53:37+00:00\",\"dateModified\":\"2026-03-23T12:02:49+00:00\",\"description\":\"Accessibility at persolog: We strive to make our digital platforms usable and accessible for everyone, without limitations.\",\"breadcrumb\":{\"@id\":\"https:\\\/\\\/persolog.com\\\/accessibility\\\/#breadcrumb\"},\"inLanguage\":\"fr-FR\",\"potentialAction\":[{\"@type\":\"ReadAction\",\"target\":[\"https:\\\/\\\/persolog.com\\\/accessibility\\\/\"]}]},{\"@type\":\"BreadcrumbList\",\"@id\":\"https:\\\/\\\/persolog.com\\\/accessibility\\\/#breadcrumb\",\"itemListElement\":[{\"@type\":\"ListItem\",\"position\":1,\"name\":\"Startseite\",\"item\":\"https:\\\/\\\/persolog.com\\\/\"},{\"@type\":\"ListItem\",\"position\":2,\"name\":\"Accessibility\"}]},{\"@type\":\"WebSite\",\"@id\":\"https:\\\/\\\/persolog.com\\\/#website\",\"url\":\"https:\\\/\\\/persolog.com\\\/\",\"name\":\"persolog\u00ae Homepage\",\"description\":\"Develop organizations through people\",\"publisher\":{\"@id\":\"https:\\\/\\\/persolog.com\\\/#organization\"},\"potentialAction\":[{\"@type\":\"SearchAction\",\"target\":{\"@type\":\"EntryPoint\",\"urlTemplate\":\"https:\\\/\\\/persolog.com\\\/?s={search_term_string}\"},\"query-input\":{\"@type\":\"PropertyValueSpecification\",\"valueRequired\":true,\"valueName\":\"search_term_string\"}}],\"inLanguage\":\"fr-FR\"},{\"@type\":\"Organization\",\"@id\":\"https:\\\/\\\/persolog.com\\\/#organization\",\"name\":\"persolog\u00ae GmbH\",\"url\":\"https:\\\/\\\/persolog.com\\\/\",\"logo\":{\"@type\":\"ImageObject\",\"inLanguage\":\"fr-FR\",\"@id\":\"https:\\\/\\\/persolog.com\\\/#\\\/schema\\\/logo\\\/image\\\/\",\"url\":\"https:\\\/\\\/persolog.com\\\/wp-content\\\/uploads\\\/2023\\\/05\\\/persolog-logo-refreshed.svg\",\"contentUrl\":\"https:\\\/\\\/persolog.com\\\/wp-content\\\/uploads\\\/2023\\\/05\\\/persolog-logo-refreshed.svg\",\"width\":150,\"height\":36,\"caption\":\"persolog\u00ae GmbH\"},\"image\":{\"@id\":\"https:\\\/\\\/persolog.com\\\/#\\\/schema\\\/logo\\\/image\\\/\"},\"sameAs\":[\"https:\\\/\\\/www.facebook.com\\\/persolog.persoenlichkeitsentwicklung\\\/?locale=de_DE\",\"https:\\\/\\\/de.linkedin.com\\\/company\\\/persolog-gmbh\",\"https:\\\/\\\/www.instagram.com\\\/persolog_\\\/\"]}]}<\/script>\n<!-- \/ Yoast SEO Premium plugin. -->","yoast_head_json":{"title":"D\u00e9claration d'accessibilit\u00e9 - persolog Homepage","description":"L'accessibilit\u00e9 chez persolog : Nous nous effor\u00e7ons de rendre nos plateformes num\u00e9riques utilisables et accessibles \u00e0 tous, sans limites.","robots":{"index":"index","follow":"follow","max-snippet":"max-snippet:-1","max-image-preview":"max-image-preview:large","max-video-preview":"max-video-preview:-1"},"canonical":"https:\/\/persolog.com\/fr\/accessibility\/","og_locale":"fr_FR","og_type":"article","og_title":"Accessibility","og_description":"Accessibility at persolog: We strive to make our digital platforms usable and accessible for everyone, without limitations.","og_url":"https:\/\/persolog.com\/fr\/accessibility\/","og_site_name":"persolog Homepage","article_publisher":"https:\/\/www.facebook.com\/persolog.persoenlichkeitsentwicklung\/?locale=de_DE","article_modified_time":"2026-03-23T12:02:49+00:00","twitter_card":"summary_large_image","twitter_misc":{"Dur\u00e9e de lecture estim\u00e9e":"2 minutes"},"schema":{"@context":"https:\/\/schema.org","@graph":[{"@type":"WebPage","@id":"https:\/\/persolog.com\/accessibility\/","url":"https:\/\/persolog.com\/accessibility\/","name":"D\u00e9claration d'accessibilit\u00e9 - persolog Homepage","isPartOf":{"@id":"https:\/\/persolog.com\/#website"},"datePublished":"2025-07-02T08:53:37+00:00","dateModified":"2026-03-23T12:02:49+00:00","description":"L'accessibilit\u00e9 chez persolog : Nous nous effor\u00e7ons de rendre nos plateformes num\u00e9riques utilisables et accessibles \u00e0 tous, sans limites.","breadcrumb":{"@id":"https:\/\/persolog.com\/accessibility\/#breadcrumb"},"inLanguage":"fr-FR","potentialAction":[{"@type":"ReadAction","target":["https:\/\/persolog.com\/accessibility\/"]}]},{"@type":"BreadcrumbList","@id":"https:\/\/persolog.com\/accessibility\/#breadcrumb","itemListElement":[{"@type":"ListItem","position":1,"name":"Startseite","item":"https:\/\/persolog.com\/"},{"@type":"ListItem","position":2,"name":"Accessibility"}]},{"@type":"WebSite","@id":"https:\/\/persolog.com\/#website","url":"https:\/\/persolog.com\/","name":"persolog\u00ae Homepage","description":"D\u00e9velopper les organisations gr\u00e2ce aux personnes","publisher":{"@id":"https:\/\/persolog.com\/#organization"},"potentialAction":[{"@type":"SearchAction","target":{"@type":"EntryPoint","urlTemplate":"https:\/\/persolog.com\/?s={search_term_string}"},"query-input":{"@type":"PropertyValueSpecification","valueRequired":true,"valueName":"search_term_string"}}],"inLanguage":"fr-FR"},{"@type":"Organization","@id":"https:\/\/persolog.com\/#organization","name":"persolog\u00ae GmbH","url":"https:\/\/persolog.com\/","logo":{"@type":"ImageObject","inLanguage":"fr-FR","@id":"https:\/\/persolog.com\/#\/schema\/logo\/image\/","url":"https:\/\/persolog.com\/wp-content\/uploads\/2023\/05\/persolog-logo-refreshed.svg","contentUrl":"https:\/\/persolog.com\/wp-content\/uploads\/2023\/05\/persolog-logo-refreshed.svg","width":150,"height":36,"caption":"persolog\u00ae GmbH"},"image":{"@id":"https:\/\/persolog.com\/#\/schema\/logo\/image\/"},"sameAs":["https:\/\/www.facebook.com\/persolog.persoenlichkeitsentwicklung\/?locale=de_DE","https:\/\/de.linkedin.com\/company\/persolog-gmbh","https:\/\/www.instagram.com\/persolog_\/"]}]}},"_links":{"self":[{"href":"https:\/\/persolog.com\/fr\/wp-json\/wp\/v2\/pages\/31077","targetHints":{"allow":["GET"]}}],"collection":[{"href":"https:\/\/persolog.com\/fr\/wp-json\/wp\/v2\/pages"}],"about":[{"href":"https:\/\/persolog.com\/fr\/wp-json\/wp\/v2\/types\/page"}],"author":[{"embeddable":true,"href":"https:\/\/persolog.com\/fr\/wp-json\/wp\/v2\/users\/4"}],"replies":[{"embeddable":true,"href":"https:\/\/persolog.com\/fr\/wp-json\/wp\/v2\/comments?post=31077"}],"version-history":[{"count":8,"href":"https:\/\/persolog.com\/fr\/wp-json\/wp\/v2\/pages\/31077\/revisions"}],"predecessor-version":[{"id":34276,"href":"https:\/\/persolog.com\/fr\/wp-json\/wp\/v2\/pages\/31077\/revisions\/34276"}],"wp:attachment":[{"href":"https:\/\/persolog.com\/fr\/wp-json\/wp\/v2\/media?parent=31077"}],"curies":[{"name":"wp","href":"https:\/\/api.w.org\/{rel}","templated":true}]}}