{"id":31077,"date":"2025-07-02T10:53:37","date_gmt":"2025-07-02T08:53:37","guid":{"rendered":"https:\/\/persolog.com\/?page_id=31077"},"modified":"2026-03-23T13:02:49","modified_gmt":"2026-03-23T12:02:49","slug":"accessibility","status":"publish","type":"page","link":"https:\/\/persolog.com\/it\/accessibility\/","title":{"rendered":"Accessibilit\u00e0"},"content":{"rendered":"<div data-elementor-type=\"wp-page\" data-elementor-id=\"31077\" class=\"elementor elementor-31077\" data-elementor-post-type=\"page\">\n\t\t\t\t<div class=\"elementor-element elementor-element-1fb36d9 e-flex e-con-boxed e-con e-parent\" data-id=\"1fb36d9\" data-element_type=\"container\" data-e-type=\"container\" data-settings=\"{&quot;jet_parallax_layout_list&quot;:[]}\">\n\t\t\t\t\t<div class=\"e-con-inner\">\n\t\t\t\t<div class=\"elementor-element elementor-element-4bbcfc0 elementor-widget elementor-widget-html\" data-id=\"4bbcfc0\" data-element_type=\"widget\" data-e-type=\"widget\" data-widget_type=\"html.default\">\n\t\t\t\t<div class=\"elementor-widget-container\">\n\t\t\t\t\t<section aria-labelledby=\"accessibility-heading\">\n  <h1 id=\"accessibility-heading\">Dichiarazione di accessibilit\u00e0<\/h1>\n  <p>\n  <p><strong>Stato:<\/strong> Luglio 2025<\/p>\n\n  <p class=\"translation-block\">persolog GmbH si impegna a rendere i suoi siti web e le sue piattaforme il pi\u00f9 accessibili possibile, in conformit\u00e0 con i requisiti della Direttiva (UE) 2016\/2102 sull'accessibilit\u00e0 dei siti web e delle applicazioni mobili degli enti pubblici, nonch\u00e9 con l'Atto europeo sull'accessibilit\u00e0 (EAA).<br>\r\n    Il nostro obiettivo \u00e8 creare un ambiente digitale accessibile e utilizzabile da tutti gli utenti, a prescindere dalle potenziali limitazioni.<\/p>\n\n  <h2>1. Ambito di applicazione<\/h2>\n  <p>Questa dichiarazione si applica ai seguenti siti web e piattaforme:<\/p>\n  <ul>\n    <li><strong>Webshop:<\/strong> <a href=\"https:\/\/shop.persolog.com\" target=\"_blank\" rel=\"noopener noreferrer\">shop.persolog.com<\/a><\/li>\n    <li><strong>Sito web:<\/strong> <a href=\"https:\/\/persolog.com\/it\/\" target=\"_blank\" rel=\"noopener noreferrer\">persolog.com<\/a><\/li>\n    <li><strong>Piattaforma online:<\/strong> <a href=\"https:\/\/persolog.online\" target=\"_blank\" rel=\"noopener noreferrer\">persolog.online<\/a><\/li>\n  <\/ul>\n\n  <h2>2. Stato di conformit\u00e0<\/h2>\n  <p>\n    La presenza digitale di persolog GmbH viene continuamente migliorata per soddisfare i requisiti della norma EN 301 549 (standard europeo per l'accessibilit\u00e0 digitale) e delle Linee guida per l'accessibilit\u00e0 dei contenuti web (WCAG) 2.1, livello di conformit\u00e0 AA.\n  <\/p>\n\n  <h2>3. Misure di accessibilit\u00e0<\/h2>\n  <p>Per garantire l'accessibilit\u00e0, implementiamo le seguenti misure:<\/p>\n  <ul>\n    <li>Testi alternativi per immagini, diagrammi e contenuti non testuali.<\/li>\n    <li>Accessibilit\u00e0 completa da tastiera per tutti gli elementi interattivi<\/li>\n    <li>Una chiara struttura di navigazione e di titoli<\/li>\n    <li>Contrasto cromatico sufficiente per una migliore leggibilit\u00e0<\/li>\n    <li>Supporto per i lettori di schermo<\/li>\n    <li>PDF accessibili in conformit\u00e0 allo standard PDF\/UA<\/li>\n  <\/ul>\n\n  <h2>4. Problemi di accessibilit\u00e0 noti<\/h2>\n  <p>Nonostante i nostri sforzi, alcuni contenuti o funzioni potrebbero non essere ancora completamente accessibili. Questi includono:<\/p>\n  <ul>\n    <li>I colori predefiniti del marchio Persolog non sempre offrono un contrasto sufficiente.<\/li>\n    <li>Alcuni documenti PDF non sono ancora completamente accessibili<\/li>\n    <li>La funzione di ricerca dei prodotti nel nostro webshop non \u00e8 ancora utilizzabile tramite la navigazione con la tastiera.<\/li>\n  <\/ul>\n  <p>Lavoriamo continuamente per eliminare queste barriere e migliorare ulteriormente la nostra piattaforma.<\/p>\n\n  <h2>5. Contatti e feedback<\/h2>\n  <p>\n    Se nota problemi di accessibilit\u00e0 sul nostro sito web o sulla nostra piattaforma, o se ha bisogno di assistenza, \u00e8 libero di contattarci in qualsiasi momento:\n  <\/p>\n  <p>\n    <strong>E-mail:<\/strong> <a href=\"mailto:support@persolog.com\">support@persolog.com<\/a>\n  <\/p>\n  <p>Apprezziamo il suo feedback e cerchiamo di rispondere alle richieste entro un giorno lavorativo.<\/p>\n<\/section>\n\t\t\t\t<\/div>\n\t\t\t\t<\/div>\n\t\t\t\t\t<\/div>\n\t\t\t\t<\/div>\n\t\t\t\t<\/div>","protected":false},"excerpt":{"rendered":"<p>Accessibility Statement Status: July 2025 persolog GmbH is committed to making its websites and platforms as accessible as possible in accordance with the requirements of Directive (EU) 2016\/2102 on the accessibility of the websites and mobile applications of public sector bodies, as well as the European Accessibility Act (EAA). Our goal is to create a [&hellip;]<\/p>\n","protected":false},"author":4,"featured_media":0,"parent":0,"menu_order":0,"comment_status":"closed","ping_status":"closed","template":"","meta":{"_acf_changed":false,"site-sidebar-layout":"no-sidebar","site-content-layout":"page-builder","ast-site-content-layout":"full-width-container","site-content-style":"default","site-sidebar-style":"default","ast-global-header-display":"","ast-banner-title-visibility":"","ast-main-header-display":"","ast-hfb-above-header-display":"","ast-hfb-below-header-display":"","ast-hfb-mobile-header-display":"","site-post-title":"disabled","ast-breadcrumbs-content":"","ast-featured-img":"disabled","footer-sml-layout":"","ast-disable-related-posts":"","theme-transparent-header-meta":"","adv-header-id-meta":"","stick-header-meta":"","header-above-stick-meta":"","header-main-stick-meta":"","header-below-stick-meta":"","astra-migrate-meta-layouts":"set","ast-page-background-enabled":"default","ast-page-background-meta":{"desktop":{"background-color":"var(--ast-global-color-4)","background-image":"","background-repeat":"repeat","background-position":"center center","background-size":"auto","background-attachment":"scroll","background-type":"","background-media":"","overlay-type":"","overlay-color":"","overlay-opacity":"","overlay-gradient":""},"tablet":{"background-color":"","background-image":"","background-repeat":"repeat","background-position":"center center","background-size":"auto","background-attachment":"scroll","background-type":"","background-media":"","overlay-type":"","overlay-color":"","overlay-opacity":"","overlay-gradient":""},"mobile":{"background-color":"","background-image":"","background-repeat":"repeat","background-position":"center center","background-size":"auto","background-attachment":"scroll","background-type":"","background-media":"","overlay-type":"","overlay-color":"","overlay-opacity":"","overlay-gradient":""}},"ast-content-background-meta":{"desktop":{"background-color":"var(--ast-global-color-5)","background-image":"","background-repeat":"repeat","background-position":"center center","background-size":"auto","background-attachment":"scroll","background-type":"","background-media":"","overlay-type":"","overlay-color":"","overlay-opacity":"","overlay-gradient":""},"tablet":{"background-color":"var(--ast-global-color-5)","background-image":"","background-repeat":"repeat","background-position":"center center","background-size":"auto","background-attachment":"scroll","background-type":"","background-media":"","overlay-type":"","overlay-color":"","overlay-opacity":"","overlay-gradient":""},"mobile":{"background-color":"var(--ast-global-color-5)","background-image":"","background-repeat":"repeat","background-position":"center center","background-size":"auto","background-attachment":"scroll","background-type":"","background-media":"","overlay-type":"","overlay-color":"","overlay-opacity":"","overlay-gradient":""}},"footnotes":""},"class_list":["post-31077","page","type-page","status-publish","hentry"],"acf":[],"yoast_head":"<!-- This site is optimized with the Yoast SEO Premium plugin v27.3 (Yoast SEO v27.3) - https:\/\/yoast.com\/product\/yoast-seo-premium-wordpress\/ -->\n<title>Accessibility Statement - persolog Homepage<\/title>\n<meta name=\"description\" content=\"Accessibility at persolog: We strive to make our digital platforms usable and accessible for everyone, without limitations.\" \/>\n<meta name=\"robots\" content=\"index, follow, max-snippet:-1, max-image-preview:large, max-video-preview:-1\" \/>\n<link rel=\"canonical\" href=\"https:\/\/persolog.com\/it\/accessibility\/\" \/>\n<meta property=\"og:locale\" content=\"it_IT\" \/>\n<meta property=\"og:type\" content=\"article\" \/>\n<meta property=\"og:title\" content=\"Accessibility\" \/>\n<meta property=\"og:description\" content=\"Accessibility at persolog: We strive to make our digital platforms usable and accessible for everyone, without limitations.\" \/>\n<meta property=\"og:url\" content=\"https:\/\/persolog.com\/it\/accessibility\/\" \/>\n<meta property=\"og:site_name\" content=\"persolog Homepage\" \/>\n<meta property=\"article:publisher\" content=\"https:\/\/www.facebook.com\/persolog.persoenlichkeitsentwicklung\/?locale=de_DE\" \/>\n<meta property=\"article:modified_time\" content=\"2026-03-23T12:02:49+00:00\" \/>\n<meta name=\"twitter:card\" content=\"summary_large_image\" \/>\n<meta name=\"twitter:label1\" content=\"Tempo di lettura stimato\" \/>\n\t<meta name=\"twitter:data1\" content=\"2 minuti\" \/>\n<script type=\"application\/ld+json\" class=\"yoast-schema-graph\">{\"@context\":\"https:\\\/\\\/schema.org\",\"@graph\":[{\"@type\":\"WebPage\",\"@id\":\"https:\\\/\\\/persolog.com\\\/accessibility\\\/\",\"url\":\"https:\\\/\\\/persolog.com\\\/accessibility\\\/\",\"name\":\"Accessibility Statement - persolog Homepage\",\"isPartOf\":{\"@id\":\"https:\\\/\\\/persolog.com\\\/#website\"},\"datePublished\":\"2025-07-02T08:53:37+00:00\",\"dateModified\":\"2026-03-23T12:02:49+00:00\",\"description\":\"Accessibility at persolog: We strive to make our digital platforms usable and accessible for everyone, without limitations.\",\"breadcrumb\":{\"@id\":\"https:\\\/\\\/persolog.com\\\/accessibility\\\/#breadcrumb\"},\"inLanguage\":\"it-IT\",\"potentialAction\":[{\"@type\":\"ReadAction\",\"target\":[\"https:\\\/\\\/persolog.com\\\/accessibility\\\/\"]}]},{\"@type\":\"BreadcrumbList\",\"@id\":\"https:\\\/\\\/persolog.com\\\/accessibility\\\/#breadcrumb\",\"itemListElement\":[{\"@type\":\"ListItem\",\"position\":1,\"name\":\"Startseite\",\"item\":\"https:\\\/\\\/persolog.com\\\/\"},{\"@type\":\"ListItem\",\"position\":2,\"name\":\"Accessibility\"}]},{\"@type\":\"WebSite\",\"@id\":\"https:\\\/\\\/persolog.com\\\/#website\",\"url\":\"https:\\\/\\\/persolog.com\\\/\",\"name\":\"persolog\u00ae Homepage\",\"description\":\"Develop organizations through people\",\"publisher\":{\"@id\":\"https:\\\/\\\/persolog.com\\\/#organization\"},\"potentialAction\":[{\"@type\":\"SearchAction\",\"target\":{\"@type\":\"EntryPoint\",\"urlTemplate\":\"https:\\\/\\\/persolog.com\\\/?s={search_term_string}\"},\"query-input\":{\"@type\":\"PropertyValueSpecification\",\"valueRequired\":true,\"valueName\":\"search_term_string\"}}],\"inLanguage\":\"it-IT\"},{\"@type\":\"Organization\",\"@id\":\"https:\\\/\\\/persolog.com\\\/#organization\",\"name\":\"persolog\u00ae GmbH\",\"url\":\"https:\\\/\\\/persolog.com\\\/\",\"logo\":{\"@type\":\"ImageObject\",\"inLanguage\":\"it-IT\",\"@id\":\"https:\\\/\\\/persolog.com\\\/#\\\/schema\\\/logo\\\/image\\\/\",\"url\":\"https:\\\/\\\/persolog.com\\\/wp-content\\\/uploads\\\/2023\\\/05\\\/persolog-logo-refreshed.svg\",\"contentUrl\":\"https:\\\/\\\/persolog.com\\\/wp-content\\\/uploads\\\/2023\\\/05\\\/persolog-logo-refreshed.svg\",\"width\":150,\"height\":36,\"caption\":\"persolog\u00ae GmbH\"},\"image\":{\"@id\":\"https:\\\/\\\/persolog.com\\\/#\\\/schema\\\/logo\\\/image\\\/\"},\"sameAs\":[\"https:\\\/\\\/www.facebook.com\\\/persolog.persoenlichkeitsentwicklung\\\/?locale=de_DE\",\"https:\\\/\\\/de.linkedin.com\\\/company\\\/persolog-gmbh\",\"https:\\\/\\\/www.instagram.com\\\/persolog_\\\/\"]}]}<\/script>\n<!-- \/ Yoast SEO Premium plugin. -->","yoast_head_json":{"title":"Dichiarazione di accessibilit\u00e0 - Homepage di persolog","description":"L'accessibilit\u00e0 in persolog: Ci impegniamo a rendere le nostre piattaforme digitali utilizzabili e accessibili a tutti, senza limitazioni.","robots":{"index":"index","follow":"follow","max-snippet":"max-snippet:-1","max-image-preview":"max-image-preview:large","max-video-preview":"max-video-preview:-1"},"canonical":"https:\/\/persolog.com\/it\/accessibility\/","og_locale":"it_IT","og_type":"article","og_title":"Accessibility","og_description":"Accessibility at persolog: We strive to make our digital platforms usable and accessible for everyone, without limitations.","og_url":"https:\/\/persolog.com\/it\/accessibility\/","og_site_name":"persolog Homepage","article_publisher":"https:\/\/www.facebook.com\/persolog.persoenlichkeitsentwicklung\/?locale=de_DE","article_modified_time":"2026-03-23T12:02:49+00:00","twitter_card":"summary_large_image","twitter_misc":{"Tempo di lettura stimato":"2 minuti"},"schema":{"@context":"https:\/\/schema.org","@graph":[{"@type":"WebPage","@id":"https:\/\/persolog.com\/accessibility\/","url":"https:\/\/persolog.com\/accessibility\/","name":"Dichiarazione di accessibilit\u00e0 - Homepage di persolog","isPartOf":{"@id":"https:\/\/persolog.com\/#website"},"datePublished":"2025-07-02T08:53:37+00:00","dateModified":"2026-03-23T12:02:49+00:00","description":"L'accessibilit\u00e0 in persolog: Ci impegniamo a rendere le nostre piattaforme digitali utilizzabili e accessibili a tutti, senza limitazioni.","breadcrumb":{"@id":"https:\/\/persolog.com\/accessibility\/#breadcrumb"},"inLanguage":"it-IT","potentialAction":[{"@type":"ReadAction","target":["https:\/\/persolog.com\/accessibility\/"]}]},{"@type":"BreadcrumbList","@id":"https:\/\/persolog.com\/accessibility\/#breadcrumb","itemListElement":[{"@type":"ListItem","position":1,"name":"Startseite","item":"https:\/\/persolog.com\/"},{"@type":"ListItem","position":2,"name":"Accessibility"}]},{"@type":"WebSite","@id":"https:\/\/persolog.com\/#website","url":"https:\/\/persolog.com\/","name":"persolog\u00ae Homepage","description":"Sviluppare le organizzazioni attraverso le persone","publisher":{"@id":"https:\/\/persolog.com\/#organization"},"potentialAction":[{"@type":"SearchAction","target":{"@type":"EntryPoint","urlTemplate":"https:\/\/persolog.com\/?s={search_term_string}"},"query-input":{"@type":"PropertyValueSpecification","valueRequired":true,"valueName":"search_term_string"}}],"inLanguage":"it-IT"},{"@type":"Organization","@id":"https:\/\/persolog.com\/#organization","name":"persolog\u00ae GmbH","url":"https:\/\/persolog.com\/","logo":{"@type":"ImageObject","inLanguage":"it-IT","@id":"https:\/\/persolog.com\/#\/schema\/logo\/image\/","url":"https:\/\/persolog.com\/wp-content\/uploads\/2023\/05\/persolog-logo-refreshed.svg","contentUrl":"https:\/\/persolog.com\/wp-content\/uploads\/2023\/05\/persolog-logo-refreshed.svg","width":150,"height":36,"caption":"persolog\u00ae GmbH"},"image":{"@id":"https:\/\/persolog.com\/#\/schema\/logo\/image\/"},"sameAs":["https:\/\/www.facebook.com\/persolog.persoenlichkeitsentwicklung\/?locale=de_DE","https:\/\/de.linkedin.com\/company\/persolog-gmbh","https:\/\/www.instagram.com\/persolog_\/"]}]}},"_links":{"self":[{"href":"https:\/\/persolog.com\/it\/wp-json\/wp\/v2\/pages\/31077","targetHints":{"allow":["GET"]}}],"collection":[{"href":"https:\/\/persolog.com\/it\/wp-json\/wp\/v2\/pages"}],"about":[{"href":"https:\/\/persolog.com\/it\/wp-json\/wp\/v2\/types\/page"}],"author":[{"embeddable":true,"href":"https:\/\/persolog.com\/it\/wp-json\/wp\/v2\/users\/4"}],"replies":[{"embeddable":true,"href":"https:\/\/persolog.com\/it\/wp-json\/wp\/v2\/comments?post=31077"}],"version-history":[{"count":8,"href":"https:\/\/persolog.com\/it\/wp-json\/wp\/v2\/pages\/31077\/revisions"}],"predecessor-version":[{"id":34276,"href":"https:\/\/persolog.com\/it\/wp-json\/wp\/v2\/pages\/31077\/revisions\/34276"}],"wp:attachment":[{"href":"https:\/\/persolog.com\/it\/wp-json\/wp\/v2\/media?parent=31077"}],"curies":[{"name":"wp","href":"https:\/\/api.w.org\/{rel}","templated":true}]}}