{"id":31077,"date":"2025-07-02T10:53:37","date_gmt":"2025-07-02T08:53:37","guid":{"rendered":"https:\/\/persolog.com\/?page_id=31077"},"modified":"2026-03-23T13:02:49","modified_gmt":"2026-03-23T12:02:49","slug":"accessibility","status":"publish","type":"page","link":"https:\/\/persolog.com\/pl\/accessibility\/","title":{"rendered":"Dost\u0119pno\u015b\u0107"},"content":{"rendered":"<div data-elementor-type=\"wp-page\" data-elementor-id=\"31077\" class=\"elementor elementor-31077\" data-elementor-post-type=\"page\">\n\t\t\t\t<div class=\"elementor-element elementor-element-1fb36d9 e-flex e-con-boxed e-con e-parent\" data-id=\"1fb36d9\" data-element_type=\"container\" data-e-type=\"container\" data-settings=\"{&quot;jet_parallax_layout_list&quot;:[]}\">\n\t\t\t\t\t<div class=\"e-con-inner\">\n\t\t\t\t<div class=\"elementor-element elementor-element-4bbcfc0 elementor-widget elementor-widget-html\" data-id=\"4bbcfc0\" data-element_type=\"widget\" data-e-type=\"widget\" data-widget_type=\"html.default\">\n\t\t\t\t<div class=\"elementor-widget-container\">\n\t\t\t\t\t<section aria-labelledby=\"accessibility-heading\">\n  <h1 id=\"accessibility-heading\">O\u015bwiadczenie o dost\u0119pno\u015bci<\/h1>\n  <p>\n  <p><strong>Status:<\/strong> Lipiec 2025 r.<\/p>\n\n  <p class=\"translation-block\">persolog GmbH zobowi\u0105zuje si\u0119 do zapewnienia jak najwi\u0119kszej dost\u0119pno\u015bci swoich stron internetowych i platform zgodnie z wymogami dyrektywy (UE) 2016\/2102 w sprawie dost\u0119pno\u015bci stron internetowych i aplikacji mobilnych organ\u00f3w sektora publicznego, a tak\u017ce Europejskiego aktu w sprawie dost\u0119pno\u015bci (EAA).\r\n    Naszym celem jest stworzenie \u015brodowiska cyfrowego, kt\u00f3re b\u0119dzie dost\u0119pne i u\u017cyteczne dla wszystkich u\u017cytkownik\u00f3w, niezale\u017cnie od potencjalnych ogranicze\u0144.<\/p>\n\n  <h2>1. Zakres<\/h2>\n  <p>Niniejsze o\u015bwiadczenie dotyczy nast\u0119puj\u0105cych stron internetowych i platform:<\/p>\n  <ul>\n    <li><strong>Sklep internetowy:<\/strong> <a href=\"https:\/\/shop.persolog.com\" target=\"_blank\" rel=\"noopener noreferrer\">shop.persolog.com<\/a><\/li>\n    <li><strong>Strona internetowa:<\/strong> <a href=\"https:\/\/persolog.com\/pl\/\" target=\"_blank\" rel=\"noopener noreferrer\">persolog.com<\/a><\/li>\n    <li><strong>Platforma internetowa:<\/strong> <a href=\"https:\/\/persolog.online\" target=\"_blank\" rel=\"noopener noreferrer\">persolog.online<\/a><\/li>\n  <\/ul>\n\n  <h2>2. Status zgodno\u015bci<\/h2>\n  <p>\n    Cyfrowa obecno\u015b\u0107 persolog GmbH jest stale ulepszana, aby spe\u0142ni\u0107 wymagania normy EN 301 549 (europejski standard dost\u0119pno\u015bci cyfrowej) oraz Wytycznych dotycz\u0105cych dost\u0119pno\u015bci tre\u015bci internetowych (WCAG) 2.1, poziom zgodno\u015bci AA.\n  <\/p>\n\n  <h2>3. \u015arodki dost\u0119pno\u015bci<\/h2>\n  <p>Aby zapewni\u0107 dost\u0119pno\u015b\u0107, wdra\u017camy nast\u0119puj\u0105ce \u015brodki:<\/p>\n  <ul>\n    <li>Teksty alternatywne dla obraz\u00f3w, diagram\u00f3w i tre\u015bci nietekstowych<\/li>\n    <li>Pe\u0142na dost\u0119pno\u015b\u0107 klawiatury dla wszystkich interaktywnych element\u00f3w<\/li>\n    <li>Przejrzysta nawigacja i struktura nag\u0142\u00f3wk\u00f3w<\/li>\n    <li>Wystarczaj\u0105cy kontrast kolor\u00f3w dla lepszej czytelno\u015bci<\/li>\n    <li>Wsparcie dla czytnik\u00f3w ekranu<\/li>\n    <li>Dost\u0119pne pliki PDF zgodne ze standardem PDF\/UA<\/li>\n  <\/ul>\n\n  <h2>4. Znane problemy z dost\u0119pno\u015bci\u0105<\/h2>\n  <p>Pomimo naszych stara\u0144 niekt\u00f3re tre\u015bci lub funkcje mog\u0105 nie by\u0107 jeszcze w pe\u0142ni dost\u0119pne. Obejmuj\u0105 one:<\/p>\n  <ul>\n    <li>Domy\u015blne kolory marki persolog nie zawsze zapewniaj\u0105 wystarczaj\u0105cy kontrast<\/li>\n    <li>Niekt\u00f3re dokumenty PDF nie s\u0105 jeszcze w pe\u0142ni dost\u0119pne<\/li>\n    <li>Funkcja wyszukiwania produkt\u00f3w w naszym sklepie internetowym nie jest jeszcze obs\u0142ugiwana za pomoc\u0105 nawigacji klawiaturowej<\/li>\n  <\/ul>\n  <p>Nieustannie pracujemy nad wyeliminowaniem tych barier i dalszym ulepszaniem naszej platformy.<\/p>\n\n  <h2>5. Kontakt i informacje zwrotne<\/h2>\n  <p>\n    Je\u015bli zauwa\u017c\u0105 Pa\u0144stwo jakiekolwiek problemy z dost\u0119pno\u015bci\u0105 na naszej stronie internetowej lub platformie, lub je\u015bli potrzebuj\u0105 Pa\u0144stwo pomocy, prosimy o kontakt z nami w dowolnym momencie:\n  <\/p>\n  <p>\n    <strong>Email:<\/strong> <a href=\"mailto:support@persolog.com\">support@persolog.com<\/a>\n  <\/p>\n  <p>Doceniamy Pa\u0144stwa opinie i staramy si\u0119 odpowiada\u0107 na zapytania w ci\u0105gu jednego dnia roboczego.<\/p>\n<\/section>\n\t\t\t\t<\/div>\n\t\t\t\t<\/div>\n\t\t\t\t\t<\/div>\n\t\t\t\t<\/div>\n\t\t\t\t<\/div>","protected":false},"excerpt":{"rendered":"<p>Accessibility Statement Status: July 2025 persolog GmbH is committed to making its websites and platforms as accessible as possible in accordance with the requirements of Directive (EU) 2016\/2102 on the accessibility of the websites and mobile applications of public sector bodies, as well as the European Accessibility Act (EAA). Our goal is to create a [&hellip;]<\/p>\n","protected":false},"author":4,"featured_media":0,"parent":0,"menu_order":0,"comment_status":"closed","ping_status":"closed","template":"","meta":{"_acf_changed":false,"site-sidebar-layout":"no-sidebar","site-content-layout":"page-builder","ast-site-content-layout":"full-width-container","site-content-style":"default","site-sidebar-style":"default","ast-global-header-display":"","ast-banner-title-visibility":"","ast-main-header-display":"","ast-hfb-above-header-display":"","ast-hfb-below-header-display":"","ast-hfb-mobile-header-display":"","site-post-title":"disabled","ast-breadcrumbs-content":"","ast-featured-img":"disabled","footer-sml-layout":"","ast-disable-related-posts":"","theme-transparent-header-meta":"","adv-header-id-meta":"","stick-header-meta":"","header-above-stick-meta":"","header-main-stick-meta":"","header-below-stick-meta":"","astra-migrate-meta-layouts":"set","ast-page-background-enabled":"default","ast-page-background-meta":{"desktop":{"background-color":"var(--ast-global-color-4)","background-image":"","background-repeat":"repeat","background-position":"center center","background-size":"auto","background-attachment":"scroll","background-type":"","background-media":"","overlay-type":"","overlay-color":"","overlay-opacity":"","overlay-gradient":""},"tablet":{"background-color":"","background-image":"","background-repeat":"repeat","background-position":"center center","background-size":"auto","background-attachment":"scroll","background-type":"","background-media":"","overlay-type":"","overlay-color":"","overlay-opacity":"","overlay-gradient":""},"mobile":{"background-color":"","background-image":"","background-repeat":"repeat","background-position":"center center","background-size":"auto","background-attachment":"scroll","background-type":"","background-media":"","overlay-type":"","overlay-color":"","overlay-opacity":"","overlay-gradient":""}},"ast-content-background-meta":{"desktop":{"background-color":"var(--ast-global-color-5)","background-image":"","background-repeat":"repeat","background-position":"center center","background-size":"auto","background-attachment":"scroll","background-type":"","background-media":"","overlay-type":"","overlay-color":"","overlay-opacity":"","overlay-gradient":""},"tablet":{"background-color":"var(--ast-global-color-5)","background-image":"","background-repeat":"repeat","background-position":"center center","background-size":"auto","background-attachment":"scroll","background-type":"","background-media":"","overlay-type":"","overlay-color":"","overlay-opacity":"","overlay-gradient":""},"mobile":{"background-color":"var(--ast-global-color-5)","background-image":"","background-repeat":"repeat","background-position":"center center","background-size":"auto","background-attachment":"scroll","background-type":"","background-media":"","overlay-type":"","overlay-color":"","overlay-opacity":"","overlay-gradient":""}},"footnotes":""},"class_list":["post-31077","page","type-page","status-publish","hentry"],"acf":[],"yoast_head":"<!-- This site is optimized with the Yoast SEO Premium plugin v27.3 (Yoast SEO v27.3) - https:\/\/yoast.com\/product\/yoast-seo-premium-wordpress\/ -->\n<title>Accessibility Statement - persolog Homepage<\/title>\n<meta name=\"description\" content=\"Accessibility at persolog: We strive to make our digital platforms usable and accessible for everyone, without limitations.\" \/>\n<meta name=\"robots\" content=\"index, follow, max-snippet:-1, max-image-preview:large, max-video-preview:-1\" \/>\n<link rel=\"canonical\" href=\"https:\/\/persolog.com\/pl\/accessibility\/\" \/>\n<meta property=\"og:locale\" content=\"pl_PL\" \/>\n<meta property=\"og:type\" content=\"article\" \/>\n<meta property=\"og:title\" content=\"Accessibility\" \/>\n<meta property=\"og:description\" content=\"Accessibility at persolog: We strive to make our digital platforms usable and accessible for everyone, without limitations.\" \/>\n<meta property=\"og:url\" content=\"https:\/\/persolog.com\/pl\/accessibility\/\" \/>\n<meta property=\"og:site_name\" content=\"persolog Homepage\" \/>\n<meta property=\"article:publisher\" content=\"https:\/\/www.facebook.com\/persolog.persoenlichkeitsentwicklung\/?locale=de_DE\" \/>\n<meta property=\"article:modified_time\" content=\"2026-03-23T12:02:49+00:00\" \/>\n<meta name=\"twitter:card\" content=\"summary_large_image\" \/>\n<meta name=\"twitter:label1\" content=\"Szacowany czas czytania\" \/>\n\t<meta name=\"twitter:data1\" content=\"2 minuty\" \/>\n<script type=\"application\/ld+json\" class=\"yoast-schema-graph\">{\"@context\":\"https:\\\/\\\/schema.org\",\"@graph\":[{\"@type\":\"WebPage\",\"@id\":\"https:\\\/\\\/persolog.com\\\/accessibility\\\/\",\"url\":\"https:\\\/\\\/persolog.com\\\/accessibility\\\/\",\"name\":\"Accessibility Statement - persolog Homepage\",\"isPartOf\":{\"@id\":\"https:\\\/\\\/persolog.com\\\/#website\"},\"datePublished\":\"2025-07-02T08:53:37+00:00\",\"dateModified\":\"2026-03-23T12:02:49+00:00\",\"description\":\"Accessibility at persolog: We strive to make our digital platforms usable and accessible for everyone, without limitations.\",\"breadcrumb\":{\"@id\":\"https:\\\/\\\/persolog.com\\\/accessibility\\\/#breadcrumb\"},\"inLanguage\":\"pl-PL\",\"potentialAction\":[{\"@type\":\"ReadAction\",\"target\":[\"https:\\\/\\\/persolog.com\\\/accessibility\\\/\"]}]},{\"@type\":\"BreadcrumbList\",\"@id\":\"https:\\\/\\\/persolog.com\\\/accessibility\\\/#breadcrumb\",\"itemListElement\":[{\"@type\":\"ListItem\",\"position\":1,\"name\":\"Startseite\",\"item\":\"https:\\\/\\\/persolog.com\\\/\"},{\"@type\":\"ListItem\",\"position\":2,\"name\":\"Accessibility\"}]},{\"@type\":\"WebSite\",\"@id\":\"https:\\\/\\\/persolog.com\\\/#website\",\"url\":\"https:\\\/\\\/persolog.com\\\/\",\"name\":\"persolog\u00ae Homepage\",\"description\":\"Develop organizations through people\",\"publisher\":{\"@id\":\"https:\\\/\\\/persolog.com\\\/#organization\"},\"potentialAction\":[{\"@type\":\"SearchAction\",\"target\":{\"@type\":\"EntryPoint\",\"urlTemplate\":\"https:\\\/\\\/persolog.com\\\/?s={search_term_string}\"},\"query-input\":{\"@type\":\"PropertyValueSpecification\",\"valueRequired\":true,\"valueName\":\"search_term_string\"}}],\"inLanguage\":\"pl-PL\"},{\"@type\":\"Organization\",\"@id\":\"https:\\\/\\\/persolog.com\\\/#organization\",\"name\":\"persolog\u00ae GmbH\",\"url\":\"https:\\\/\\\/persolog.com\\\/\",\"logo\":{\"@type\":\"ImageObject\",\"inLanguage\":\"pl-PL\",\"@id\":\"https:\\\/\\\/persolog.com\\\/#\\\/schema\\\/logo\\\/image\\\/\",\"url\":\"https:\\\/\\\/persolog.com\\\/wp-content\\\/uploads\\\/2023\\\/05\\\/persolog-logo-refreshed.svg\",\"contentUrl\":\"https:\\\/\\\/persolog.com\\\/wp-content\\\/uploads\\\/2023\\\/05\\\/persolog-logo-refreshed.svg\",\"width\":150,\"height\":36,\"caption\":\"persolog\u00ae GmbH\"},\"image\":{\"@id\":\"https:\\\/\\\/persolog.com\\\/#\\\/schema\\\/logo\\\/image\\\/\"},\"sameAs\":[\"https:\\\/\\\/www.facebook.com\\\/persolog.persoenlichkeitsentwicklung\\\/?locale=de_DE\",\"https:\\\/\\\/de.linkedin.com\\\/company\\\/persolog-gmbh\",\"https:\\\/\\\/www.instagram.com\\\/persolog_\\\/\"]}]}<\/script>\n<!-- \/ Yoast SEO Premium plugin. -->","yoast_head_json":{"title":"O\u015bwiadczenie o dost\u0119pno\u015bci - strona g\u0142\u00f3wna persolog","description":"Dost\u0119pno\u015b\u0107 w persolog: D\u0105\u017cymy do tego, aby nasze platformy cyfrowe by\u0142y u\u017cyteczne i dost\u0119pne dla wszystkich, bez ogranicze\u0144.","robots":{"index":"index","follow":"follow","max-snippet":"max-snippet:-1","max-image-preview":"max-image-preview:large","max-video-preview":"max-video-preview:-1"},"canonical":"https:\/\/persolog.com\/pl\/accessibility\/","og_locale":"pl_PL","og_type":"article","og_title":"Accessibility","og_description":"Accessibility at persolog: We strive to make our digital platforms usable and accessible for everyone, without limitations.","og_url":"https:\/\/persolog.com\/pl\/accessibility\/","og_site_name":"persolog Homepage","article_publisher":"https:\/\/www.facebook.com\/persolog.persoenlichkeitsentwicklung\/?locale=de_DE","article_modified_time":"2026-03-23T12:02:49+00:00","twitter_card":"summary_large_image","twitter_misc":{"Szacowany czas czytania":"2 minuty"},"schema":{"@context":"https:\/\/schema.org","@graph":[{"@type":"WebPage","@id":"https:\/\/persolog.com\/accessibility\/","url":"https:\/\/persolog.com\/accessibility\/","name":"O\u015bwiadczenie o dost\u0119pno\u015bci - strona g\u0142\u00f3wna persolog","isPartOf":{"@id":"https:\/\/persolog.com\/#website"},"datePublished":"2025-07-02T08:53:37+00:00","dateModified":"2026-03-23T12:02:49+00:00","description":"Dost\u0119pno\u015b\u0107 w persolog: D\u0105\u017cymy do tego, aby nasze platformy cyfrowe by\u0142y u\u017cyteczne i dost\u0119pne dla wszystkich, bez ogranicze\u0144.","breadcrumb":{"@id":"https:\/\/persolog.com\/accessibility\/#breadcrumb"},"inLanguage":"pl-PL","potentialAction":[{"@type":"ReadAction","target":["https:\/\/persolog.com\/accessibility\/"]}]},{"@type":"BreadcrumbList","@id":"https:\/\/persolog.com\/accessibility\/#breadcrumb","itemListElement":[{"@type":"ListItem","position":1,"name":"Startseite","item":"https:\/\/persolog.com\/"},{"@type":"ListItem","position":2,"name":"Accessibility"}]},{"@type":"WebSite","@id":"https:\/\/persolog.com\/#website","url":"https:\/\/persolog.com\/","name":"Strona g\u0142\u00f3wna persolog\u00ae","description":"Rozwijaj organizacje poprzez ludzi","publisher":{"@id":"https:\/\/persolog.com\/#organization"},"potentialAction":[{"@type":"SearchAction","target":{"@type":"EntryPoint","urlTemplate":"https:\/\/persolog.com\/?s={search_term_string}"},"query-input":{"@type":"PropertyValueSpecification","valueRequired":true,"valueName":"search_term_string"}}],"inLanguage":"pl-PL"},{"@type":"Organization","@id":"https:\/\/persolog.com\/#organization","name":"persolog\u00ae GmbH","url":"https:\/\/persolog.com\/","logo":{"@type":"ImageObject","inLanguage":"pl-PL","@id":"https:\/\/persolog.com\/#\/schema\/logo\/image\/","url":"https:\/\/persolog.com\/wp-content\/uploads\/2023\/05\/persolog-logo-refreshed.svg","contentUrl":"https:\/\/persolog.com\/wp-content\/uploads\/2023\/05\/persolog-logo-refreshed.svg","width":150,"height":36,"caption":"persolog\u00ae GmbH"},"image":{"@id":"https:\/\/persolog.com\/#\/schema\/logo\/image\/"},"sameAs":["https:\/\/www.facebook.com\/persolog.persoenlichkeitsentwicklung\/?locale=de_DE","https:\/\/de.linkedin.com\/company\/persolog-gmbh","https:\/\/www.instagram.com\/persolog_\/"]}]}},"_links":{"self":[{"href":"https:\/\/persolog.com\/pl\/wp-json\/wp\/v2\/pages\/31077","targetHints":{"allow":["GET"]}}],"collection":[{"href":"https:\/\/persolog.com\/pl\/wp-json\/wp\/v2\/pages"}],"about":[{"href":"https:\/\/persolog.com\/pl\/wp-json\/wp\/v2\/types\/page"}],"author":[{"embeddable":true,"href":"https:\/\/persolog.com\/pl\/wp-json\/wp\/v2\/users\/4"}],"replies":[{"embeddable":true,"href":"https:\/\/persolog.com\/pl\/wp-json\/wp\/v2\/comments?post=31077"}],"version-history":[{"count":8,"href":"https:\/\/persolog.com\/pl\/wp-json\/wp\/v2\/pages\/31077\/revisions"}],"predecessor-version":[{"id":34276,"href":"https:\/\/persolog.com\/pl\/wp-json\/wp\/v2\/pages\/31077\/revisions\/34276"}],"wp:attachment":[{"href":"https:\/\/persolog.com\/pl\/wp-json\/wp\/v2\/media?parent=31077"}],"curies":[{"name":"wp","href":"https:\/\/api.w.org\/{rel}","templated":true}]}}