{"id":31077,"date":"2025-07-02T10:53:37","date_gmt":"2025-07-02T08:53:37","guid":{"rendered":"https:\/\/persolog.com\/?page_id=31077"},"modified":"2026-03-23T13:02:49","modified_gmt":"2026-03-23T12:02:49","slug":"accessibility","status":"publish","type":"page","link":"https:\/\/persolog.com\/ro\/accessibility\/","title":{"rendered":"Accesibilitate"},"content":{"rendered":"<div data-elementor-type=\"wp-page\" data-elementor-id=\"31077\" class=\"elementor elementor-31077\" data-elementor-post-type=\"page\">\n\t\t\t\t<div class=\"elementor-element elementor-element-1fb36d9 e-flex e-con-boxed e-con e-parent\" data-id=\"1fb36d9\" data-element_type=\"container\" data-e-type=\"container\" data-settings=\"{&quot;jet_parallax_layout_list&quot;:[]}\">\n\t\t\t\t\t<div class=\"e-con-inner\">\n\t\t\t\t<div class=\"elementor-element elementor-element-4bbcfc0 elementor-widget elementor-widget-html\" data-id=\"4bbcfc0\" data-element_type=\"widget\" data-e-type=\"widget\" data-widget_type=\"html.default\">\n\t\t\t\t<div class=\"elementor-widget-container\">\n\t\t\t\t\t<section aria-labelledby=\"accessibility-heading\">\n  <h1 id=\"accessibility-heading\">Declara\u021bia de accesibilitate<\/h1>\n  <p>\n  <p><strong>Statutul:<\/strong> Iulie 2025<\/p>\n\n  <p class=\"translation-block\">persolog GmbH se angajeaz\u0103 s\u0103 \u00ee\u0219i fac\u0103 site-urile \u0219i platformele c\u00e2t mai accesibile posibil, \u00een conformitate cu cerin\u021bele Directivei (UE) 2016\/2102 privind accesibilitatea site-urilor web \u0219i a aplica\u021biilor mobile ale organismelor din sectorul public, precum \u0219i cu Actul european privind accesibilitatea (EAA).<br>\r\n    Scopul nostru este de a crea un mediu digital accesibil \u0219i utilizabil pentru to\u021bi utilizatorii, indiferent de eventualele limit\u0103ri.<\/p>\n\n  <h2>1. Domeniul de aplicare<\/h2>\n  <p>Aceast\u0103 declara\u021bie se aplic\u0103 urm\u0103toarelor site-uri \u0219i platforme:<\/p>\n  <ul>\n    <li><strong>Magazin online:<\/strong> <a href=\"https:\/\/shop.persolog.com\" target=\"_blank\" rel=\"noopener noreferrer\">magazin.persolog.com<\/a><\/li>\n    <li><strong>Website:<\/strong> <a href=\"https:\/\/persolog.com\/ro\/\" target=\"_blank\" rel=\"noopener noreferrer\">persolog.com<\/a><\/li>\n    <li><strong>Platform\u0103 online:<\/strong> <a href=\"https:\/\/persolog.online\" target=\"_blank\" rel=\"noopener noreferrer\">persolog.online<\/a><\/li>\n  <\/ul>\n\n  <h2>2. Starea de conformitate<\/h2>\n  <p>\n    Prezen\u021ba digital\u0103 a persolog GmbH este \u00eembun\u0103t\u0103\u021bit\u0103 \u00een mod continuu pentru a \u00eendeplini cerin\u021bele EN 301 549 (standardul european pentru accesibilitate digital\u0103) \u0219i Orient\u0103rile privind accesibilitatea con\u021binutului web (WCAG) 2.1, nivelul de conformitate AA.\n  <\/p>\n\n  <h2>3. M\u0103suri de accesibilitate<\/h2>\n  <p>Pentru a asigura accesibilitatea, implement\u0103m urm\u0103toarele m\u0103suri:<\/p>\n  <ul>\n    <li>Texte alternative pentru imagini, diagrame \u0219i con\u021binut non-text<\/li>\n    <li>Accesibilitate complet\u0103 la tastatur\u0103 pentru toate elementele interactive<\/li>\n    <li>Navigare clar\u0103 \u0219i structur\u0103 a titlurilor<\/li>\n    <li>Contrast de culoare suficient pentru o mai bun\u0103 lizibilitate<\/li>\n    <li>Suport pentru cititoarele de ecran<\/li>\n    <li>PDF-uri accesibile \u00een conformitate cu standardul PDF\/UA<\/li>\n  <\/ul>\n\n  <h2>4. Probleme de accesibilitate cunoscute<\/h2>\n  <p>\u00cen ciuda eforturilor noastre, este posibil ca anumite con\u021binuturi sau func\u021bii s\u0103 nu fie \u00eenc\u0103 pe deplin accesibile. Acestea includ:<\/p>\n  <ul>\n    <li>Culorile implicite ale m\u0103rcii persolog nu ofer\u0103 \u00eentotdeauna un contrast suficient<\/li>\n    <li>Unele documente PDF nu sunt \u00eenc\u0103 complet accesibile<\/li>\n    <li>Func\u021bia de c\u0103utare a produselor din magazinul nostru online nu este \u00eenc\u0103 operabil\u0103 prin navigare cu tastatura<\/li>\n  <\/ul>\n  <p>Lucr\u0103m \u00een permanen\u021b\u0103 la eliminarea acestor bariere \u0219i la \u00eembun\u0103t\u0103\u021birea \u00een continuare a platformei noastre.<\/p>\n\n  <h2>5. Contact \u0219i feedback<\/h2>\n  <p>\n    Dac\u0103 observa\u021bi probleme de accesibilitate pe site-ul sau platforma noastr\u0103 sau dac\u0103 ave\u021bi nevoie de asisten\u021b\u0103, nu ezita\u021bi s\u0103 ne contacta\u021bi \u00een orice moment:\n  <\/p>\n  <p>\n    <strong>Email:<\/strong> <a href=\"mailto:support@persolog.com\">support@persolog.com<\/a>\n  <\/p>\n  <p>Apreciem feedback-ul dumneavoastr\u0103 \u0219i ne propunem s\u0103 r\u0103spundem solicit\u0103rilor \u00een termen de o zi lucr\u0103toare.<\/p>\n<\/section>\n\t\t\t\t<\/div>\n\t\t\t\t<\/div>\n\t\t\t\t\t<\/div>\n\t\t\t\t<\/div>\n\t\t\t\t<\/div>","protected":false},"excerpt":{"rendered":"<p>Accessibility Statement Status: July 2025 persolog GmbH is committed to making its websites and platforms as accessible as possible in accordance with the requirements of Directive (EU) 2016\/2102 on the accessibility of the websites and mobile applications of public sector bodies, as well as the European Accessibility Act (EAA). Our goal is to create a [&hellip;]<\/p>\n","protected":false},"author":4,"featured_media":0,"parent":0,"menu_order":0,"comment_status":"closed","ping_status":"closed","template":"","meta":{"_acf_changed":false,"site-sidebar-layout":"no-sidebar","site-content-layout":"page-builder","ast-site-content-layout":"full-width-container","site-content-style":"default","site-sidebar-style":"default","ast-global-header-display":"","ast-banner-title-visibility":"","ast-main-header-display":"","ast-hfb-above-header-display":"","ast-hfb-below-header-display":"","ast-hfb-mobile-header-display":"","site-post-title":"disabled","ast-breadcrumbs-content":"","ast-featured-img":"disabled","footer-sml-layout":"","ast-disable-related-posts":"","theme-transparent-header-meta":"","adv-header-id-meta":"","stick-header-meta":"","header-above-stick-meta":"","header-main-stick-meta":"","header-below-stick-meta":"","astra-migrate-meta-layouts":"set","ast-page-background-enabled":"default","ast-page-background-meta":{"desktop":{"background-color":"var(--ast-global-color-4)","background-image":"","background-repeat":"repeat","background-position":"center center","background-size":"auto","background-attachment":"scroll","background-type":"","background-media":"","overlay-type":"","overlay-color":"","overlay-opacity":"","overlay-gradient":""},"tablet":{"background-color":"","background-image":"","background-repeat":"repeat","background-position":"center center","background-size":"auto","background-attachment":"scroll","background-type":"","background-media":"","overlay-type":"","overlay-color":"","overlay-opacity":"","overlay-gradient":""},"mobile":{"background-color":"","background-image":"","background-repeat":"repeat","background-position":"center center","background-size":"auto","background-attachment":"scroll","background-type":"","background-media":"","overlay-type":"","overlay-color":"","overlay-opacity":"","overlay-gradient":""}},"ast-content-background-meta":{"desktop":{"background-color":"var(--ast-global-color-5)","background-image":"","background-repeat":"repeat","background-position":"center center","background-size":"auto","background-attachment":"scroll","background-type":"","background-media":"","overlay-type":"","overlay-color":"","overlay-opacity":"","overlay-gradient":""},"tablet":{"background-color":"var(--ast-global-color-5)","background-image":"","background-repeat":"repeat","background-position":"center center","background-size":"auto","background-attachment":"scroll","background-type":"","background-media":"","overlay-type":"","overlay-color":"","overlay-opacity":"","overlay-gradient":""},"mobile":{"background-color":"var(--ast-global-color-5)","background-image":"","background-repeat":"repeat","background-position":"center center","background-size":"auto","background-attachment":"scroll","background-type":"","background-media":"","overlay-type":"","overlay-color":"","overlay-opacity":"","overlay-gradient":""}},"footnotes":""},"class_list":["post-31077","page","type-page","status-publish","hentry"],"acf":[],"yoast_head":"<!-- This site is optimized with the Yoast SEO Premium plugin v27.3 (Yoast SEO v27.3) - https:\/\/yoast.com\/product\/yoast-seo-premium-wordpress\/ -->\n<title>Accessibility Statement - persolog Homepage<\/title>\n<meta name=\"description\" content=\"Accessibility at persolog: We strive to make our digital platforms usable and accessible for everyone, without limitations.\" \/>\n<meta name=\"robots\" content=\"index, follow, max-snippet:-1, max-image-preview:large, max-video-preview:-1\" \/>\n<link rel=\"canonical\" href=\"https:\/\/persolog.com\/ro\/accessibility\/\" \/>\n<meta property=\"og:locale\" content=\"ro_RO\" \/>\n<meta property=\"og:type\" content=\"article\" \/>\n<meta property=\"og:title\" content=\"Accessibility\" \/>\n<meta property=\"og:description\" content=\"Accessibility at persolog: We strive to make our digital platforms usable and accessible for everyone, without limitations.\" \/>\n<meta property=\"og:url\" content=\"https:\/\/persolog.com\/ro\/accessibility\/\" \/>\n<meta property=\"og:site_name\" content=\"persolog Homepage\" \/>\n<meta property=\"article:publisher\" content=\"https:\/\/www.facebook.com\/persolog.persoenlichkeitsentwicklung\/?locale=de_DE\" \/>\n<meta property=\"article:modified_time\" content=\"2026-03-23T12:02:49+00:00\" \/>\n<meta name=\"twitter:card\" content=\"summary_large_image\" \/>\n<meta name=\"twitter:label1\" content=\"Timp estimat pentru citire\" \/>\n\t<meta name=\"twitter:data1\" content=\"2 minute\" \/>\n<script type=\"application\/ld+json\" class=\"yoast-schema-graph\">{\"@context\":\"https:\\\/\\\/schema.org\",\"@graph\":[{\"@type\":\"WebPage\",\"@id\":\"https:\\\/\\\/persolog.com\\\/accessibility\\\/\",\"url\":\"https:\\\/\\\/persolog.com\\\/accessibility\\\/\",\"name\":\"Accessibility Statement - persolog Homepage\",\"isPartOf\":{\"@id\":\"https:\\\/\\\/persolog.com\\\/#website\"},\"datePublished\":\"2025-07-02T08:53:37+00:00\",\"dateModified\":\"2026-03-23T12:02:49+00:00\",\"description\":\"Accessibility at persolog: We strive to make our digital platforms usable and accessible for everyone, without limitations.\",\"breadcrumb\":{\"@id\":\"https:\\\/\\\/persolog.com\\\/accessibility\\\/#breadcrumb\"},\"inLanguage\":\"ro-RO\",\"potentialAction\":[{\"@type\":\"ReadAction\",\"target\":[\"https:\\\/\\\/persolog.com\\\/accessibility\\\/\"]}]},{\"@type\":\"BreadcrumbList\",\"@id\":\"https:\\\/\\\/persolog.com\\\/accessibility\\\/#breadcrumb\",\"itemListElement\":[{\"@type\":\"ListItem\",\"position\":1,\"name\":\"Startseite\",\"item\":\"https:\\\/\\\/persolog.com\\\/\"},{\"@type\":\"ListItem\",\"position\":2,\"name\":\"Accessibility\"}]},{\"@type\":\"WebSite\",\"@id\":\"https:\\\/\\\/persolog.com\\\/#website\",\"url\":\"https:\\\/\\\/persolog.com\\\/\",\"name\":\"persolog\u00ae Homepage\",\"description\":\"Develop organizations through people\",\"publisher\":{\"@id\":\"https:\\\/\\\/persolog.com\\\/#organization\"},\"potentialAction\":[{\"@type\":\"SearchAction\",\"target\":{\"@type\":\"EntryPoint\",\"urlTemplate\":\"https:\\\/\\\/persolog.com\\\/?s={search_term_string}\"},\"query-input\":{\"@type\":\"PropertyValueSpecification\",\"valueRequired\":true,\"valueName\":\"search_term_string\"}}],\"inLanguage\":\"ro-RO\"},{\"@type\":\"Organization\",\"@id\":\"https:\\\/\\\/persolog.com\\\/#organization\",\"name\":\"persolog\u00ae GmbH\",\"url\":\"https:\\\/\\\/persolog.com\\\/\",\"logo\":{\"@type\":\"ImageObject\",\"inLanguage\":\"ro-RO\",\"@id\":\"https:\\\/\\\/persolog.com\\\/#\\\/schema\\\/logo\\\/image\\\/\",\"url\":\"https:\\\/\\\/persolog.com\\\/wp-content\\\/uploads\\\/2023\\\/05\\\/persolog-logo-refreshed.svg\",\"contentUrl\":\"https:\\\/\\\/persolog.com\\\/wp-content\\\/uploads\\\/2023\\\/05\\\/persolog-logo-refreshed.svg\",\"width\":150,\"height\":36,\"caption\":\"persolog\u00ae GmbH\"},\"image\":{\"@id\":\"https:\\\/\\\/persolog.com\\\/#\\\/schema\\\/logo\\\/image\\\/\"},\"sameAs\":[\"https:\\\/\\\/www.facebook.com\\\/persolog.persoenlichkeitsentwicklung\\\/?locale=de_DE\",\"https:\\\/\\\/de.linkedin.com\\\/company\\\/persolog-gmbh\",\"https:\\\/\\\/www.instagram.com\\\/persolog_\\\/\"]}]}<\/script>\n<!-- \/ Yoast SEO Premium plugin. -->","yoast_head_json":{"title":"Declara\u021bie de accesibilitate - Pagina de pornire persolog","description":"Accesibilitate la persolog: Ne str\u0103duim s\u0103 facem platformele noastre digitale utilizabile \u0219i accesibile pentru toat\u0103 lumea, f\u0103r\u0103 limit\u0103ri.","robots":{"index":"index","follow":"follow","max-snippet":"max-snippet:-1","max-image-preview":"max-image-preview:large","max-video-preview":"max-video-preview:-1"},"canonical":"https:\/\/persolog.com\/ro\/accessibility\/","og_locale":"ro_RO","og_type":"article","og_title":"Accessibility","og_description":"Accessibility at persolog: We strive to make our digital platforms usable and accessible for everyone, without limitations.","og_url":"https:\/\/persolog.com\/ro\/accessibility\/","og_site_name":"persolog Homepage","article_publisher":"https:\/\/www.facebook.com\/persolog.persoenlichkeitsentwicklung\/?locale=de_DE","article_modified_time":"2026-03-23T12:02:49+00:00","twitter_card":"summary_large_image","twitter_misc":{"Timp estimat pentru citire":"2 minute"},"schema":{"@context":"https:\/\/schema.org","@graph":[{"@type":"WebPage","@id":"https:\/\/persolog.com\/accessibility\/","url":"https:\/\/persolog.com\/accessibility\/","name":"Declara\u021bie de accesibilitate - Pagina de pornire persolog","isPartOf":{"@id":"https:\/\/persolog.com\/#website"},"datePublished":"2025-07-02T08:53:37+00:00","dateModified":"2026-03-23T12:02:49+00:00","description":"Accesibilitate la persolog: Ne str\u0103duim s\u0103 facem platformele noastre digitale utilizabile \u0219i accesibile pentru toat\u0103 lumea, f\u0103r\u0103 limit\u0103ri.","breadcrumb":{"@id":"https:\/\/persolog.com\/accessibility\/#breadcrumb"},"inLanguage":"ro-RO","potentialAction":[{"@type":"ReadAction","target":["https:\/\/persolog.com\/accessibility\/"]}]},{"@type":"BreadcrumbList","@id":"https:\/\/persolog.com\/accessibility\/#breadcrumb","itemListElement":[{"@type":"ListItem","position":1,"name":"Startseite","item":"https:\/\/persolog.com\/"},{"@type":"ListItem","position":2,"name":"Accessibility"}]},{"@type":"WebSite","@id":"https:\/\/persolog.com\/#website","url":"https:\/\/persolog.com\/","name":"Pagina de start persolog\u00ae Pagina de start","description":"Dezvolta\u021bi organiza\u021biile prin oameni","publisher":{"@id":"https:\/\/persolog.com\/#organization"},"potentialAction":[{"@type":"SearchAction","target":{"@type":"EntryPoint","urlTemplate":"https:\/\/persolog.com\/?s={search_term_string}"},"query-input":{"@type":"PropertyValueSpecification","valueRequired":true,"valueName":"search_term_string"}}],"inLanguage":"ro-RO"},{"@type":"Organization","@id":"https:\/\/persolog.com\/#organization","name":"persolog\u00ae GmbH","url":"https:\/\/persolog.com\/","logo":{"@type":"ImageObject","inLanguage":"ro-RO","@id":"https:\/\/persolog.com\/#\/schema\/logo\/image\/","url":"https:\/\/persolog.com\/wp-content\/uploads\/2023\/05\/persolog-logo-refreshed.svg","contentUrl":"https:\/\/persolog.com\/wp-content\/uploads\/2023\/05\/persolog-logo-refreshed.svg","width":150,"height":36,"caption":"persolog\u00ae GmbH"},"image":{"@id":"https:\/\/persolog.com\/#\/schema\/logo\/image\/"},"sameAs":["https:\/\/www.facebook.com\/persolog.persoenlichkeitsentwicklung\/?locale=de_DE","https:\/\/de.linkedin.com\/company\/persolog-gmbh","https:\/\/www.instagram.com\/persolog_\/"]}]}},"_links":{"self":[{"href":"https:\/\/persolog.com\/ro\/wp-json\/wp\/v2\/pages\/31077","targetHints":{"allow":["GET"]}}],"collection":[{"href":"https:\/\/persolog.com\/ro\/wp-json\/wp\/v2\/pages"}],"about":[{"href":"https:\/\/persolog.com\/ro\/wp-json\/wp\/v2\/types\/page"}],"author":[{"embeddable":true,"href":"https:\/\/persolog.com\/ro\/wp-json\/wp\/v2\/users\/4"}],"replies":[{"embeddable":true,"href":"https:\/\/persolog.com\/ro\/wp-json\/wp\/v2\/comments?post=31077"}],"version-history":[{"count":8,"href":"https:\/\/persolog.com\/ro\/wp-json\/wp\/v2\/pages\/31077\/revisions"}],"predecessor-version":[{"id":34276,"href":"https:\/\/persolog.com\/ro\/wp-json\/wp\/v2\/pages\/31077\/revisions\/34276"}],"wp:attachment":[{"href":"https:\/\/persolog.com\/ro\/wp-json\/wp\/v2\/media?parent=31077"}],"curies":[{"name":"wp","href":"https:\/\/api.w.org\/{rel}","templated":true}]}}