{"id":17088,"date":"2023-09-22T12:30:33","date_gmt":"2023-09-22T10:30:33","guid":{"rendered":"https:\/\/beta.persolog.de\/?page_id=17088"},"modified":"2023-09-22T14:51:39","modified_gmt":"2023-09-22T12:51:39","slug":"route","status":"publish","type":"page","link":"https:\/\/persolog.com\/sl\/route\/","title":{"rendered":"Pot"},"content":{"rendered":"<div data-elementor-type=\"wp-page\" data-elementor-id=\"17088\" class=\"elementor elementor-17088\" data-elementor-post-type=\"page\">\n\t\t\t\t<div class=\"elementor-element elementor-element-522b9f54 e-flex e-con-boxed e-con e-parent\" data-id=\"522b9f54\" data-element_type=\"container\" data-e-type=\"container\" data-settings=\"{&quot;jet_parallax_layout_list&quot;:[]}\">\n\t\t\t\t\t<div class=\"e-con-inner\">\n\t\t<div class=\"elementor-element elementor-element-76e8a1f6 e-flex e-con-boxed e-con e-child\" data-id=\"76e8a1f6\" data-element_type=\"container\" data-e-type=\"container\" data-settings=\"{&quot;jet_parallax_layout_list&quot;:[]}\">\n\t\t\t\t\t<div class=\"e-con-inner\">\n\t\t<div class=\"elementor-element elementor-element-62e8b18a e-con-full e-flex e-con e-child\" data-id=\"62e8b18a\" data-element_type=\"container\" data-e-type=\"container\" data-settings=\"{&quot;jet_parallax_layout_list&quot;:[]}\">\n\t\t\t\t<div class=\"elementor-element elementor-element-75430066 elementor-widget elementor-widget-image\" data-id=\"75430066\" data-element_type=\"widget\" data-e-type=\"widget\" data-widget_type=\"image.default\">\n\t\t\t\t<div class=\"elementor-widget-container\">\n\t\t\t\t\t\t\t\t\t\t\t\t\t\t\t<img fetchpriority=\"high\" decoding=\"async\" width=\"1728\" height=\"576\" src=\"https:\/\/persolog.com\/wp-content\/uploads\/2023\/09\/20140223_113153-zuschnitt-1.jpg\" class=\"attachment-full size-full wp-image-17121\" alt=\"Kako nas najdete pri persologu\" srcset=\"https:\/\/persolog.com\/wp-content\/uploads\/2023\/09\/20140223_113153-zuschnitt-1.jpg 1728w, https:\/\/persolog.com\/wp-content\/uploads\/2023\/09\/20140223_113153-zuschnitt-1-300x100.jpg 300w, https:\/\/persolog.com\/wp-content\/uploads\/2023\/09\/20140223_113153-zuschnitt-1-1024x341.jpg 1024w, https:\/\/persolog.com\/wp-content\/uploads\/2023\/09\/20140223_113153-zuschnitt-1-768x256.jpg 768w, https:\/\/persolog.com\/wp-content\/uploads\/2023\/09\/20140223_113153-zuschnitt-1-1536x512.jpg 1536w, https:\/\/persolog.com\/wp-content\/uploads\/2023\/09\/20140223_113153-zuschnitt-1-18x6.jpg 18w\" sizes=\"(max-width: 1728px) 100vw, 1728px\" \/>\t\t\t\t\t\t\t\t\t\t\t\t\t\t\t<\/div>\n\t\t\t\t<\/div>\n\t\t<div class=\"elementor-element elementor-element-48151cd1 e-con-full e-flex e-con e-child\" data-id=\"48151cd1\" data-element_type=\"container\" data-e-type=\"container\" data-settings=\"{&quot;background_background&quot;:&quot;classic&quot;,&quot;jet_parallax_layout_list&quot;:[]}\">\n\t\t\t\t<div class=\"elementor-element elementor-element-2609499c uael-heading-align-left elementor-widget elementor-widget-uael-advanced-heading\" data-id=\"2609499c\" data-element_type=\"widget\" data-e-type=\"widget\" data-widget_type=\"uael-advanced-heading.default\">\n\t\t\t\t<div class=\"elementor-widget-container\">\n\t\t\t\t\t\n\t\t<div class=\"uael-module-content uael-heading-wrapper\">\n\t\t\t\t\t\t\t\t\t\t<div class=\"uael-sub-heading elementor-inline-editing\" data-elementor-setting-key=\"sub_heading\" data-elementor-inline-editing-toolbar=\"advanced\" >Va\u0161a navodila<\/div>\n\t\t\t\n\t\t\t<h2 class=\"uael-heading\">\n\t\t\t\t\t\t\t\t\t\t<span class=\"uael-heading-text elementor-inline-editing uael-size--default\" data-elementor-setting-key=\"heading_title\" data-elementor-inline-editing-toolbar=\"basic\">Kako priti do nas<\/span>\n\t\t\t\t\t\t\t<\/h2>\n\n\t\t\t\n\t\t\t\n\t\t\t\n\t\t\t\t\t\t<\/div>\n\t\t\t\t\t\t<\/div>\n\t\t\t\t<\/div>\n\t\t\t\t<div class=\"elementor-element elementor-element-7e961119 elementor-widget elementor-widget-text-editor\" data-id=\"7e961119\" data-element_type=\"widget\" data-e-type=\"widget\" data-widget_type=\"text-editor.default\">\n\t\t\t\t<div class=\"elementor-widget-container\">\n\t\t\t\t\t\t\t\t\t<p>Zaradi na\u0161e odli\u010dne lokacije med Pforzheimom in Karlsruhejem lahko do na\u0161ih pisarn zlahka pridete z avtomobilom ali javnim prevozom.<\/p>\t\t\t\t\t\t\t\t<\/div>\n\t\t\t\t<\/div>\n\t\t\t\t<\/div>\n\t\t\t\t<\/div>\n\t\t\t\t\t<\/div>\n\t\t\t\t<\/div>\n\t\t\t\t\t<\/div>\n\t\t\t\t<\/div>\n\t\t<div class=\"elementor-element elementor-element-d08b606 e-flex e-con-boxed e-con e-parent\" data-id=\"d08b606\" data-element_type=\"container\" data-e-type=\"container\" data-settings=\"{&quot;jet_parallax_layout_list&quot;:[]}\">\n\t\t\t\t\t<div class=\"e-con-inner\">\n\t\t\t\t<div class=\"elementor-element elementor-element-c32e1dc elementor-widget elementor-widget-heading\" data-id=\"c32e1dc\" data-element_type=\"widget\" data-e-type=\"widget\" data-widget_type=\"heading.default\">\n\t\t\t\t<div class=\"elementor-widget-container\">\n\t\t\t\t\t<h2 class=\"elementor-heading-title elementor-size-default\">Prihod v persolog (Remchingen)...<\/h2>\t\t\t\t<\/div>\n\t\t\t\t<\/div>\n\t\t\t\t\t<\/div>\n\t\t\t\t<\/div>\n\t\t<div class=\"elementor-element elementor-element-83509c9 e-flex e-con-boxed e-con e-parent\" data-id=\"83509c9\" data-element_type=\"container\" data-e-type=\"container\" data-settings=\"{&quot;jet_parallax_layout_list&quot;:[]}\">\n\t\t\t\t\t<div class=\"e-con-inner\">\n\t\t\t\t<div class=\"elementor-element elementor-element-a661a6c elementor-widget elementor-widget-spacer\" data-id=\"a661a6c\" data-element_type=\"widget\" data-e-type=\"widget\" data-widget_type=\"spacer.default\">\n\t\t\t\t<div class=\"elementor-widget-container\">\n\t\t\t\t\t\t\t<div class=\"elementor-spacer\">\n\t\t\t<div class=\"elementor-spacer-inner\"><\/div>\n\t\t<\/div>\n\t\t\t\t\t\t<\/div>\n\t\t\t\t<\/div>\n\t\t\t\t\t<\/div>\n\t\t\t\t<\/div>\n\t\t<div class=\"elementor-element elementor-element-20a2fb11 e-flex e-con-boxed e-con e-parent\" data-id=\"20a2fb11\" data-element_type=\"container\" data-e-type=\"container\" data-settings=\"{&quot;jet_parallax_layout_list&quot;:[]}\">\n\t\t\t\t\t<div class=\"e-con-inner\">\n\t\t<div class=\"elementor-element elementor-element-1357af16 e-con-full e-flex e-con e-child\" data-id=\"1357af16\" data-element_type=\"container\" data-e-type=\"container\" data-settings=\"{&quot;jet_parallax_layout_list&quot;:[]}\">\n\t\t\t\t<div class=\"elementor-element elementor-element-4939688b elementor-view-default elementor-widget elementor-widget-icon\" data-id=\"4939688b\" data-element_type=\"widget\" data-e-type=\"widget\" data-widget_type=\"icon.default\">\n\t\t\t\t<div class=\"elementor-widget-container\">\n\t\t\t\t\t\t\t<div class=\"elementor-icon-wrapper\">\n\t\t\t<div class=\"elementor-icon\">\n\t\t\t<svg aria-hidden=\"true\" class=\"e-font-icon-svg e-fas-train\" viewbox=\"0 0 448 512\" xmlns=\"http:\/\/www.w3.org\/2000\/svg\"><path d=\"M448 96v256c0 51.815-61.624 96-130.022 96l62.98 49.721C386.905 502.417 383.562 512 376 512H72c-7.578 0-10.892-9.594-4.957-14.279L130.022 448C61.82 448 0 403.954 0 352V96C0 42.981 64 0 128 0h192c65 0 128 42.981 128 96zm-48 136V120c0-13.255-10.745-24-24-24H72c-13.255 0-24 10.745-24 24v112c0 13.255 10.745 24 24 24h304c13.255 0 24-10.745 24-24zm-176 64c-30.928 0-56 25.072-56 56s25.072 56 56 56 56-25.072 56-56-25.072-56-56-56z\"><\/path><\/svg>\t\t\t<\/div>\n\t\t<\/div>\n\t\t\t\t\t\t<\/div>\n\t\t\t\t<\/div>\n\t\t\t\t<div class=\"elementor-element elementor-element-393ba223 elementor-widget elementor-widget-heading\" data-id=\"393ba223\" data-element_type=\"widget\" data-e-type=\"widget\" data-widget_type=\"heading.default\">\n\t\t\t\t<div class=\"elementor-widget-container\">\n\t\t\t\t\t<h3 class=\"elementor-heading-title elementor-size-default\">z javnim prevozom<\/h3>\t\t\t\t<\/div>\n\t\t\t\t<\/div>\n\t\t\t\t<div class=\"elementor-element elementor-element-27c46e96 elementor-widget elementor-widget-text-editor\" data-id=\"27c46e96\" data-element_type=\"widget\" data-e-type=\"widget\" data-widget_type=\"text-editor.default\">\n\t\t\t\t<div class=\"elementor-widget-container\">\n\t\t\t\t\t\t\t\t\t<p>Deutsche Bahn ponuja redne \u017eelezni\u0161ke povezave neposredno do Remchingena, ne glede na to, ali potujete iz smeri Pforzheima ali Karlsruheja. Izhod na postaji Wilferdingen\/Singen (Remchingen) je le nekaj minut hoje od na\u0161ih pisarn.<\/p><p><strong>Izhod: Oddaljenost pe\u0161: 12 min.<\/strong><\/p><p>Dve mednarodni letali\u0161\u010di sta od Remchingena oddaljeni pribli\u017eno 50 km:<strong> Letali\u0161\u010de Stuttgart<\/strong> kot tudi <strong>Baden-Airpark Karlsruhe\/ Baden-Baden<\/strong> ponujajo enostavne \u017eelezni\u0161ke povezave z letali\u0161\u010da do Remchingena. <a href=\"https:\/\/www.bahn.de\/\">Rezervirajte svojo vozovnico za vlak do Remchingena tukaj<\/a><\/p>\t\t\t\t\t\t\t\t<\/div>\n\t\t\t\t<\/div>\n\t\t\t\t<\/div>\n\t\t<div class=\"elementor-element elementor-element-49f439e0 e-con-full e-flex e-con e-child\" data-id=\"49f439e0\" data-element_type=\"container\" data-e-type=\"container\" data-settings=\"{&quot;jet_parallax_layout_list&quot;:[]}\">\n\t\t\t\t<div class=\"elementor-element elementor-element-47215f5a elementor-view-default elementor-widget elementor-widget-icon\" data-id=\"47215f5a\" data-element_type=\"widget\" data-e-type=\"widget\" data-widget_type=\"icon.default\">\n\t\t\t\t<div class=\"elementor-widget-container\">\n\t\t\t\t\t\t\t<div class=\"elementor-icon-wrapper\">\n\t\t\t<div class=\"elementor-icon\">\n\t\t\t<svg aria-hidden=\"true\" class=\"e-font-icon-svg e-fas-car\" viewbox=\"0 0 512 512\" xmlns=\"http:\/\/www.w3.org\/2000\/svg\"><path d=\"M499.99 176h-59.87l-16.64-41.6C406.38 91.63 365.57 64 319.5 64h-127c-46.06 0-86.88 27.63-103.99 70.4L71.87 176H12.01C4.2 176-1.53 183.34.37 190.91l6 24C7.7 220.25 12.5 224 18.01 224h20.07C24.65 235.73 16 252.78 16 272v48c0 16.12 6.16 30.67 16 41.93V416c0 17.67 14.33 32 32 32h32c17.67 0 32-14.33 32-32v-32h256v32c0 17.67 14.33 32 32 32h32c17.67 0 32-14.33 32-32v-54.07c9.84-11.25 16-25.8 16-41.93v-48c0-19.22-8.65-36.27-22.07-48H494c5.51 0 10.31-3.75 11.64-9.09l6-24c1.89-7.57-3.84-14.91-11.65-14.91zm-352.06-17.83c7.29-18.22 24.94-30.17 44.57-30.17h127c19.63 0 37.28 11.95 44.57 30.17L384 208H128l19.93-49.83zM96 319.8c-19.2 0-32-12.76-32-31.9S76.8 256 96 256s48 28.71 48 47.85-28.8 15.95-48 15.95zm320 0c-19.2 0-48 3.19-48-15.95S396.8 256 416 256s32 12.76 32 31.9-12.8 31.9-32 31.9z\"><\/path><\/svg>\t\t\t<\/div>\n\t\t<\/div>\n\t\t\t\t\t\t<\/div>\n\t\t\t\t<\/div>\n\t\t\t\t<div class=\"elementor-element elementor-element-18855710 elementor-widget elementor-widget-heading\" data-id=\"18855710\" data-element_type=\"widget\" data-e-type=\"widget\" data-widget_type=\"heading.default\">\n\t\t\t\t<div class=\"elementor-widget-container\">\n\t\t\t\t\t<h3 class=\"elementor-heading-title elementor-size-default\">z avtomobilom<\/h3>\t\t\t\t<\/div>\n\t\t\t\t<\/div>\n\t\t\t\t<div class=\"elementor-element elementor-element-5f86f739 elementor-widget elementor-widget-text-editor\" data-id=\"5f86f739\" data-element_type=\"widget\" data-e-type=\"widget\" data-widget_type=\"text-editor.default\">\n\t\t\t\t<div class=\"elementor-widget-container\">\n\t\t\t\t\t\t\t\t\t<p><strong>iz Karlsruheja:<\/strong> na izvozu A8 42 Karlsbad, zavijte levo proti Stupferichu, nato nadaljujte proti Remchingenu <br \/><strong>iz Pforzheima:<\/strong> izvoz 43 Pforzheim-zahod, nato nadaljujte po cesti B10 proti Remchingenu<\/p><p><a href=\"https:\/\/www.google.de\/maps\/dir\/\/K%C3%B6nigsbacher+Str.+51,+75196+Remchingen\/@48.950115,8.4960371,12z\/data=!4m9!4m8!1m0!1m5!1m1!1s0x47970c8ea8635109:0x9a52ccba1a1b407!2m2!1d8.5784375!2d48.9501443!3e0?entry=ttu\">Na\u010drtujte pot do Remchingena tukaj<\/a><\/p><p><strong>Parkiri\u0161\u010da na lokaciji<\/strong><br \/>Neposredno pred sede\u017eem na\u0161ega podjetja je na voljo ve\u010d rezerviranih parkirnih mest. \u010ce so ta mesta \u017ee zasedena, lahko brezpla\u010dno parkirate neposredno ob sede\u017eu podjetja persolog GmbH, na Benzstra\u00dfe ali Hohensteinstrasse. <a href=\"https:\/\/akademie.persolog.de\/hubfs\/Downloads\/DE-IO186_KontaktAnfahrtHotels_0623%20(1).pdf\">Prenesite zemljevid: Usmeritve persolog GmbH<\/a><\/p>\t\t\t\t\t\t\t\t<\/div>\n\t\t\t\t<\/div>\n\t\t\t\t<\/div>\n\t\t\t\t\t<\/div>\n\t\t\t\t<\/div>\n\t\t<div class=\"elementor-element elementor-element-82ea1da e-flex e-con-boxed e-con e-parent\" data-id=\"82ea1da\" data-element_type=\"container\" data-e-type=\"container\" data-settings=\"{&quot;jet_parallax_layout_list&quot;:[]}\">\n\t\t\t\t\t<div class=\"e-con-inner\">\n\t\t\t\t<div class=\"elementor-element elementor-element-614ad07 elementor-widget elementor-widget-spacer\" data-id=\"614ad07\" data-element_type=\"widget\" data-e-type=\"widget\" data-widget_type=\"spacer.default\">\n\t\t\t\t<div class=\"elementor-widget-container\">\n\t\t\t\t\t\t\t<div class=\"elementor-spacer\">\n\t\t\t<div class=\"elementor-spacer-inner\"><\/div>\n\t\t<\/div>\n\t\t\t\t\t\t<\/div>\n\t\t\t\t<\/div>\n\t\t\t\t\t<\/div>\n\t\t\t\t<\/div>\n\t\t\t\t<\/div>","protected":false},"excerpt":{"rendered":"<p>Your directions How to get to us Thanks to our excellent location between Pforzheim and Karlsruhe, you can easily reach our offices \u2013 whether by car or public transport. Arrival at persolog (Remchingen)&#8230; via public transport Deutsche Bahn offers regular train connections directly to Remchingen, whether you are traveling from the direction of Pforzheim or [&hellip;]<\/p>\n","protected":false},"author":4,"featured_media":0,"parent":0,"menu_order":0,"comment_status":"closed","ping_status":"closed","template":"","meta":{"_acf_changed":false,"site-sidebar-layout":"no-sidebar","site-content-layout":"page-builder","ast-site-content-layout":"full-width-container","site-content-style":"default","site-sidebar-style":"default","ast-global-header-display":"","ast-banner-title-visibility":"","ast-main-header-display":"","ast-hfb-above-header-display":"","ast-hfb-below-header-display":"","ast-hfb-mobile-header-display":"","site-post-title":"disabled","ast-breadcrumbs-content":"","ast-featured-img":"disabled","footer-sml-layout":"","ast-disable-related-posts":"","theme-transparent-header-meta":"","adv-header-id-meta":"","stick-header-meta":"","header-above-stick-meta":"","header-main-stick-meta":"","header-below-stick-meta":"","astra-migrate-meta-layouts":"default","ast-page-background-enabled":"default","ast-page-background-meta":{"desktop":{"background-color":"var(--ast-global-color-4)","background-image":"","background-repeat":"repeat","background-position":"center center","background-size":"auto","background-attachment":"scroll","background-type":"","background-media":"","overlay-type":"","overlay-color":"","overlay-opacity":"","overlay-gradient":""},"tablet":{"background-color":"","background-image":"","background-repeat":"repeat","background-position":"center center","background-size":"auto","background-attachment":"scroll","background-type":"","background-media":"","overlay-type":"","overlay-color":"","overlay-opacity":"","overlay-gradient":""},"mobile":{"background-color":"","background-image":"","background-repeat":"repeat","background-position":"center center","background-size":"auto","background-attachment":"scroll","background-type":"","background-media":"","overlay-type":"","overlay-color":"","overlay-opacity":"","overlay-gradient":""}},"ast-content-background-meta":{"desktop":{"background-color":"var(--ast-global-color-5)","background-image":"","background-repeat":"repeat","background-position":"center center","background-size":"auto","background-attachment":"scroll","background-type":"","background-media":"","overlay-type":"","overlay-color":"","overlay-opacity":"","overlay-gradient":""},"tablet":{"background-color":"var(--ast-global-color-5)","background-image":"","background-repeat":"repeat","background-position":"center center","background-size":"auto","background-attachment":"scroll","background-type":"","background-media":"","overlay-type":"","overlay-color":"","overlay-opacity":"","overlay-gradient":""},"mobile":{"background-color":"var(--ast-global-color-5)","background-image":"","background-repeat":"repeat","background-position":"center center","background-size":"auto","background-attachment":"scroll","background-type":"","background-media":"","overlay-type":"","overlay-color":"","overlay-opacity":"","overlay-gradient":""}},"footnotes":""},"class_list":["post-17088","page","type-page","status-publish","hentry"],"acf":[],"yoast_head":"<!-- This site is optimized with the Yoast SEO Premium plugin v27.3 (Yoast SEO v27.3) - https:\/\/yoast.com\/product\/yoast-seo-premium-wordpress\/ -->\n<title>Route - persolog Homepage<\/title>\n<meta name=\"robots\" content=\"index, follow, max-snippet:-1, max-image-preview:large, max-video-preview:-1\" \/>\n<link rel=\"canonical\" href=\"https:\/\/persolog.com\/sl\/route\/\" \/>\n<meta property=\"og:locale\" content=\"sl_SI\" \/>\n<meta property=\"og:type\" content=\"article\" \/>\n<meta property=\"og:title\" content=\"Route\" \/>\n<meta property=\"og:description\" content=\"Your directions How to get to us Thanks to our excellent location between Pforzheim and Karlsruhe, you can easily reach our offices \u2013 whether by car or public transport. Arrival at persolog (Remchingen)&#8230; via public transport Deutsche Bahn offers regular train connections directly to Remchingen, whether you are traveling from the direction of Pforzheim or [&hellip;]\" \/>\n<meta property=\"og:url\" content=\"https:\/\/persolog.com\/sl\/route\/\" \/>\n<meta property=\"og:site_name\" content=\"persolog Homepage\" \/>\n<meta property=\"article:publisher\" content=\"https:\/\/www.facebook.com\/persolog.persoenlichkeitsentwicklung\/?locale=de_DE\" \/>\n<meta property=\"article:modified_time\" content=\"2023-09-22T12:51:39+00:00\" \/>\n<meta property=\"og:image\" content=\"https:\/\/beta.persolog.de\/wp-content\/uploads\/2023\/09\/20140223_113153-zuschnitt-1.jpg\" \/>\n<meta name=\"twitter:card\" content=\"summary_large_image\" \/>\n<meta name=\"twitter:label1\" content=\"Est. reading time\" \/>\n\t<meta name=\"twitter:data1\" content=\"2 minuti\" \/>\n<script type=\"application\/ld+json\" class=\"yoast-schema-graph\">{\"@context\":\"https:\\\/\\\/schema.org\",\"@graph\":[{\"@type\":\"WebPage\",\"@id\":\"https:\\\/\\\/persolog.com\\\/de\\\/route\\\/\",\"url\":\"https:\\\/\\\/persolog.com\\\/de\\\/route\\\/\",\"name\":\"Route - persolog Homepage\",\"isPartOf\":{\"@id\":\"https:\\\/\\\/persolog.com\\\/#website\"},\"primaryImageOfPage\":{\"@id\":\"https:\\\/\\\/persolog.com\\\/de\\\/route\\\/#primaryimage\"},\"image\":{\"@id\":\"https:\\\/\\\/persolog.com\\\/de\\\/route\\\/#primaryimage\"},\"thumbnailUrl\":\"https:\\\/\\\/beta.persolog.de\\\/wp-content\\\/uploads\\\/2023\\\/09\\\/20140223_113153-zuschnitt-1.jpg\",\"datePublished\":\"2023-09-22T10:30:33+00:00\",\"dateModified\":\"2023-09-22T12:51:39+00:00\",\"breadcrumb\":{\"@id\":\"https:\\\/\\\/persolog.com\\\/de\\\/route\\\/#breadcrumb\"},\"inLanguage\":\"sl-SI\",\"potentialAction\":[{\"@type\":\"ReadAction\",\"target\":[\"https:\\\/\\\/persolog.com\\\/de\\\/route\\\/\"]}]},{\"@type\":\"ImageObject\",\"inLanguage\":\"sl-SI\",\"@id\":\"https:\\\/\\\/persolog.com\\\/de\\\/route\\\/#primaryimage\",\"url\":\"https:\\\/\\\/beta.persolog.de\\\/wp-content\\\/uploads\\\/2023\\\/09\\\/20140223_113153-zuschnitt-1.jpg\",\"contentUrl\":\"https:\\\/\\\/beta.persolog.de\\\/wp-content\\\/uploads\\\/2023\\\/09\\\/20140223_113153-zuschnitt-1.jpg\"},{\"@type\":\"BreadcrumbList\",\"@id\":\"https:\\\/\\\/persolog.com\\\/de\\\/route\\\/#breadcrumb\",\"itemListElement\":[{\"@type\":\"ListItem\",\"position\":1,\"name\":\"Startseite\",\"item\":\"https:\\\/\\\/persolog.com\\\/\"},{\"@type\":\"ListItem\",\"position\":2,\"name\":\"Route\"}]},{\"@type\":\"WebSite\",\"@id\":\"https:\\\/\\\/persolog.com\\\/#website\",\"url\":\"https:\\\/\\\/persolog.com\\\/\",\"name\":\"persolog\u00ae Homepage\",\"description\":\"Develop organizations through people\",\"publisher\":{\"@id\":\"https:\\\/\\\/persolog.com\\\/#organization\"},\"potentialAction\":[{\"@type\":\"SearchAction\",\"target\":{\"@type\":\"EntryPoint\",\"urlTemplate\":\"https:\\\/\\\/persolog.com\\\/?s={search_term_string}\"},\"query-input\":{\"@type\":\"PropertyValueSpecification\",\"valueRequired\":true,\"valueName\":\"search_term_string\"}}],\"inLanguage\":\"sl-SI\"},{\"@type\":\"Organization\",\"@id\":\"https:\\\/\\\/persolog.com\\\/#organization\",\"name\":\"persolog\u00ae GmbH\",\"url\":\"https:\\\/\\\/persolog.com\\\/\",\"logo\":{\"@type\":\"ImageObject\",\"inLanguage\":\"sl-SI\",\"@id\":\"https:\\\/\\\/persolog.com\\\/#\\\/schema\\\/logo\\\/image\\\/\",\"url\":\"https:\\\/\\\/persolog.com\\\/wp-content\\\/uploads\\\/2023\\\/05\\\/persolog-logo-refreshed.svg\",\"contentUrl\":\"https:\\\/\\\/persolog.com\\\/wp-content\\\/uploads\\\/2023\\\/05\\\/persolog-logo-refreshed.svg\",\"width\":150,\"height\":36,\"caption\":\"persolog\u00ae GmbH\"},\"image\":{\"@id\":\"https:\\\/\\\/persolog.com\\\/#\\\/schema\\\/logo\\\/image\\\/\"},\"sameAs\":[\"https:\\\/\\\/www.facebook.com\\\/persolog.persoenlichkeitsentwicklung\\\/?locale=de_DE\",\"https:\\\/\\\/de.linkedin.com\\\/company\\\/persolog-gmbh\",\"https:\\\/\\\/www.instagram.com\\\/persolog_\\\/\"]}]}<\/script>\n<!-- \/ Yoast SEO Premium plugin. -->","yoast_head_json":{"title":"Pot - persolog Homepage","robots":{"index":"index","follow":"follow","max-snippet":"max-snippet:-1","max-image-preview":"max-image-preview:large","max-video-preview":"max-video-preview:-1"},"canonical":"https:\/\/persolog.com\/sl\/route\/","og_locale":"sl_SI","og_type":"article","og_title":"Route","og_description":"Your directions How to get to us Thanks to our excellent location between Pforzheim and Karlsruhe, you can easily reach our offices \u2013 whether by car or public transport. Arrival at persolog (Remchingen)&#8230; via public transport Deutsche Bahn offers regular train connections directly to Remchingen, whether you are traveling from the direction of Pforzheim or [&hellip;]","og_url":"https:\/\/persolog.com\/sl\/route\/","og_site_name":"persolog Homepage","article_publisher":"https:\/\/www.facebook.com\/persolog.persoenlichkeitsentwicklung\/?locale=de_DE","article_modified_time":"2023-09-22T12:51:39+00:00","og_image":[{"url":"https:\/\/beta.persolog.de\/wp-content\/uploads\/2023\/09\/20140223_113153-zuschnitt-1.jpg","type":"","width":"","height":""}],"twitter_card":"summary_large_image","twitter_misc":{"Est. reading time":"2 minuti"},"schema":{"@context":"https:\/\/schema.org","@graph":[{"@type":"WebPage","@id":"https:\/\/persolog.com\/de\/route\/","url":"https:\/\/persolog.com\/de\/route\/","name":"Pot - persolog Homepage","isPartOf":{"@id":"https:\/\/persolog.com\/#website"},"primaryImageOfPage":{"@id":"https:\/\/persolog.com\/de\/route\/#primaryimage"},"image":{"@id":"https:\/\/persolog.com\/de\/route\/#primaryimage"},"thumbnailUrl":"https:\/\/beta.persolog.de\/wp-content\/uploads\/2023\/09\/20140223_113153-zuschnitt-1.jpg","datePublished":"2023-09-22T10:30:33+00:00","dateModified":"2023-09-22T12:51:39+00:00","breadcrumb":{"@id":"https:\/\/persolog.com\/de\/route\/#breadcrumb"},"inLanguage":"sl-SI","potentialAction":[{"@type":"ReadAction","target":["https:\/\/persolog.com\/de\/route\/"]}]},{"@type":"ImageObject","inLanguage":"sl-SI","@id":"https:\/\/persolog.com\/de\/route\/#primaryimage","url":"https:\/\/beta.persolog.de\/wp-content\/uploads\/2023\/09\/20140223_113153-zuschnitt-1.jpg","contentUrl":"https:\/\/beta.persolog.de\/wp-content\/uploads\/2023\/09\/20140223_113153-zuschnitt-1.jpg"},{"@type":"BreadcrumbList","@id":"https:\/\/persolog.com\/de\/route\/#breadcrumb","itemListElement":[{"@type":"ListItem","position":1,"name":"Startseite","item":"https:\/\/persolog.com\/"},{"@type":"ListItem","position":2,"name":"Route"}]},{"@type":"WebSite","@id":"https:\/\/persolog.com\/#website","url":"https:\/\/persolog.com\/","name":"persolog\u00ae Doma\u010da stran","description":"Razvijte organizacije prek ljudi","publisher":{"@id":"https:\/\/persolog.com\/#organization"},"potentialAction":[{"@type":"SearchAction","target":{"@type":"EntryPoint","urlTemplate":"https:\/\/persolog.com\/?s={search_term_string}"},"query-input":{"@type":"PropertyValueSpecification","valueRequired":true,"valueName":"search_term_string"}}],"inLanguage":"sl-SI"},{"@type":"Organization","@id":"https:\/\/persolog.com\/#organization","name":"persolog\u00ae GmbH","url":"https:\/\/persolog.com\/","logo":{"@type":"ImageObject","inLanguage":"sl-SI","@id":"https:\/\/persolog.com\/#\/schema\/logo\/image\/","url":"https:\/\/persolog.com\/wp-content\/uploads\/2023\/05\/persolog-logo-refreshed.svg","contentUrl":"https:\/\/persolog.com\/wp-content\/uploads\/2023\/05\/persolog-logo-refreshed.svg","width":150,"height":36,"caption":"persolog\u00ae GmbH"},"image":{"@id":"https:\/\/persolog.com\/#\/schema\/logo\/image\/"},"sameAs":["https:\/\/www.facebook.com\/persolog.persoenlichkeitsentwicklung\/?locale=de_DE","https:\/\/de.linkedin.com\/company\/persolog-gmbh","https:\/\/www.instagram.com\/persolog_\/"]}]}},"_links":{"self":[{"href":"https:\/\/persolog.com\/sl\/wp-json\/wp\/v2\/pages\/17088","targetHints":{"allow":["GET"]}}],"collection":[{"href":"https:\/\/persolog.com\/sl\/wp-json\/wp\/v2\/pages"}],"about":[{"href":"https:\/\/persolog.com\/sl\/wp-json\/wp\/v2\/types\/page"}],"author":[{"embeddable":true,"href":"https:\/\/persolog.com\/sl\/wp-json\/wp\/v2\/users\/4"}],"replies":[{"embeddable":true,"href":"https:\/\/persolog.com\/sl\/wp-json\/wp\/v2\/comments?post=17088"}],"version-history":[{"count":22,"href":"https:\/\/persolog.com\/sl\/wp-json\/wp\/v2\/pages\/17088\/revisions"}],"predecessor-version":[{"id":17130,"href":"https:\/\/persolog.com\/sl\/wp-json\/wp\/v2\/pages\/17088\/revisions\/17130"}],"wp:attachment":[{"href":"https:\/\/persolog.com\/sl\/wp-json\/wp\/v2\/media?parent=17088"}],"curies":[{"name":"wp","href":"https:\/\/api.w.org\/{rel}","templated":true}]}}